{"id":190,"date":"2023-09-01T14:51:28","date_gmt":"2023-09-01T14:51:28","guid":{"rendered":"https:\/\/theimmediatemomentum.net\/?page_id=190"},"modified":"2025-05-20T08:02:43","modified_gmt":"2025-05-20T08:02:43","slug":"sofortimpuls-app","status":"publish","type":"page","link":"https:\/\/theimmediatemomentum.net\/de\/immediate-momentum-app\/","title":{"rendered":"Immediate Momentum App"},"content":{"rendered":"<div data-elementor-type=\"wp-page\" data-elementor-id=\"190\" class=\"elementor elementor-190\" data-elementor-post-type=\"page\">\n\t\t\t\t\t\t<section class=\"elementor-section elementor-top-section elementor-element elementor-element-3bd0271 elementor-section-height-min-height elementor-section-boxed elementor-section-height-default elementor-section-items-middle\" data-id=\"3bd0271\" data-element_type=\"section\" data-e-type=\"section\" data-settings=\"{&quot;background_background&quot;:&quot;classic&quot;}\">\n\t\t\t\t\t\t\t<div class=\"elementor-background-overlay\"><\/div>\n\t\t\t\t\t\t\t<div class=\"elementor-container elementor-column-gap-default\">\n\t\t\t\t\t<div class=\"elementor-column elementor-col-100 elementor-top-column elementor-element elementor-element-9573daa\" data-id=\"9573daa\" data-element_type=\"column\" data-e-type=\"column\">\n\t\t\t<div class=\"elementor-widget-wrap elementor-element-populated\">\n\t\t\t\t\t\t<div class=\"elementor-element elementor-element-01cd3d1 elementor-widget elementor-widget-heading\" data-id=\"01cd3d1\" data-element_type=\"widget\" data-e-type=\"widget\" data-widget_type=\"heading.default\">\n\t\t\t\t<div class=\"elementor-widget-container\">\n\t\t\t\t\t<h1 class=\"elementor-heading-title elementor-size-default\">Sofortige Momentum-App f\u00fcr den Krypto-Handel<\/h1>\t\t\t\t<\/div>\n\t\t\t\t<\/div>\n\t\t\t\t<div class=\"elementor-element elementor-element-ffa35b5 elementor-widget elementor-widget-heading\" data-id=\"ffa35b5\" data-element_type=\"widget\" data-e-type=\"widget\" data-widget_type=\"heading.default\">\n\t\t\t\t<div class=\"elementor-widget-container\">\n\t\t\t\t\t<h2 class=\"elementor-heading-title elementor-size-default\">Die Zukunft des Autohandels<\/h2>\t\t\t\t<\/div>\n\t\t\t\t<\/div>\n\t\t\t\t<div class=\"elementor-element elementor-element-6d7ef7b2 elementor-widget__width-initial elementor-widget-tablet__width-initial elementor-widget elementor-widget-text-editor\" data-id=\"6d7ef7b2\" data-element_type=\"widget\" data-e-type=\"widget\" data-widget_type=\"text-editor.default\">\n\t\t\t\t<div class=\"elementor-widget-container\">\n\t\t\t\t\t\t\t\t\t<p>Willkommen bei der Immediate Momentum App, Ihrem Tor zur aufregenden Welt von <a href=\"https:\/\/theimmediatemomentum.net\/de\/\">Krypto- und Bitcoin-Handel<\/a>! Unsere Plattform ist sorgf\u00e4ltig darauf ausgelegt, sowohl Anf\u00e4ngern als auch erfahrenen H\u00e4ndlern gerecht zu werden. Sie bietet eine Vielzahl fortschrittlicher Handelstools, Marktdaten in Echtzeit und fachkundige Anleitung, damit Sie sich sicher auf dem volatilen Kryptomarkt zurechtfinden.<\/p>\t\t\t\t\t\t\t\t<\/div>\n\t\t\t\t<\/div>\n\t\t\t\t\t<\/div>\n\t\t<\/div>\n\t\t\t\t\t<\/div>\n\t\t<\/section>\n\t\t\t\t<section class=\"elementor-section elementor-top-section elementor-element elementor-element-3f5d4324 elementor-section-boxed elementor-section-height-default elementor-section-height-default\" data-id=\"3f5d4324\" data-element_type=\"section\" data-e-type=\"section\" data-settings=\"{&quot;background_background&quot;:&quot;classic&quot;}\">\n\t\t\t\t\t\t<div class=\"elementor-container elementor-column-gap-default\">\n\t\t\t\t\t<div class=\"elementor-column elementor-col-100 elementor-top-column elementor-element elementor-element-deb530\" data-id=\"deb530\" data-element_type=\"column\" data-e-type=\"column\">\n\t\t\t<div class=\"elementor-widget-wrap elementor-element-populated\">\n\t\t\t\t\t\t<section class=\"elementor-section elementor-inner-section elementor-element elementor-element-43835ba2 elementor-section-boxed elementor-section-height-default elementor-section-height-default\" data-id=\"43835ba2\" data-element_type=\"section\" data-e-type=\"section\">\n\t\t\t\t\t\t<div class=\"elementor-container elementor-column-gap-default\">\n\t\t\t\t\t<div class=\"elementor-column elementor-col-100 elementor-inner-column elementor-element elementor-element-26ed769e\" data-id=\"26ed769e\" data-element_type=\"column\" data-e-type=\"column\">\n\t\t\t<div class=\"elementor-widget-wrap elementor-element-populated\">\n\t\t\t\t\t\t<div class=\"elementor-element elementor-element-43934216 elementor-widget elementor-widget-heading\" data-id=\"43934216\" data-element_type=\"widget\" data-e-type=\"widget\" data-widget_type=\"heading.default\">\n\t\t\t\t<div class=\"elementor-widget-container\">\n\t\t\t\t\t<h2 class=\"elementor-heading-title elementor-size-default\">Benutzerfreundliche Oberfl\u00e4che:<\/h2>\t\t\t\t<\/div>\n\t\t\t\t<\/div>\n\t\t\t\t<div class=\"elementor-element elementor-element-1291bf0c elementor-widget elementor-widget-text-editor\" data-id=\"1291bf0c\" data-element_type=\"widget\" data-e-type=\"widget\" data-widget_type=\"text-editor.default\">\n\t\t\t\t<div class=\"elementor-widget-container\">\n\t\t\t\t\t\t\t\t\t<p>Erleben Sie einfache Navigation und Zug\u00e4nglichkeit mit unserer benutzerfreundlichen Oberfl\u00e4che, die auf H\u00e4ndler zugeschnitten ist, die mit der Immediate Momentum Crypto Trading App in die Krypto- und Bitcoin-M\u00e4rkte einsteigen.<\/p>\t\t\t\t\t\t\t\t<\/div>\n\t\t\t\t<\/div>\n\t\t\t\t\t<\/div>\n\t\t<\/div>\n\t\t\t\t\t<\/div>\n\t\t<\/section>\n\t\t\t\t<section class=\"elementor-section elementor-inner-section elementor-element elementor-element-2f1dbd0e elementor-section-boxed elementor-section-height-default elementor-section-height-default\" data-id=\"2f1dbd0e\" data-element_type=\"section\" data-e-type=\"section\">\n\t\t\t\t\t\t<div class=\"elementor-container elementor-column-gap-default\">\n\t\t\t\t\t<div class=\"elementor-column elementor-col-100 elementor-inner-column elementor-element elementor-element-493a81e8\" data-id=\"493a81e8\" data-element_type=\"column\" data-e-type=\"column\">\n\t\t\t<div class=\"elementor-widget-wrap elementor-element-populated\">\n\t\t\t\t\t\t<div class=\"elementor-element elementor-element-3406df35 elementor-widget elementor-widget-heading\" data-id=\"3406df35\" data-element_type=\"widget\" data-e-type=\"widget\" data-widget_type=\"heading.default\">\n\t\t\t\t<div class=\"elementor-widget-container\">\n\t\t\t\t\t<h2 class=\"elementor-heading-title elementor-size-default\">Erweiterte Krypto-Handelstools:<\/h2>\t\t\t\t<\/div>\n\t\t\t\t<\/div>\n\t\t\t\t<div class=\"elementor-element elementor-element-7f702f30 elementor-widget elementor-widget-text-editor\" data-id=\"7f702f30\" data-element_type=\"widget\" data-e-type=\"widget\" data-widget_type=\"text-editor.default\">\n\t\t\t\t<div class=\"elementor-widget-container\">\n\t\t\t\t\t\t\t\t\t<p>Nutzen Sie unsere hochmodernen Handelstools, Diagramme und Grafiken, um die Dynamik des Kryptomarktes umfassend zu verstehen und fundierte Handelsentscheidungen zu treffen.<\/p>\t\t\t\t\t\t\t\t<\/div>\n\t\t\t\t<\/div>\n\t\t\t\t\t<\/div>\n\t\t<\/div>\n\t\t\t\t\t<\/div>\n\t\t<\/section>\n\t\t\t\t<section class=\"elementor-section elementor-inner-section elementor-element elementor-element-1b324386 elementor-section-boxed elementor-section-height-default elementor-section-height-default\" data-id=\"1b324386\" data-element_type=\"section\" data-e-type=\"section\">\n\t\t\t\t\t\t<div class=\"elementor-container elementor-column-gap-default\">\n\t\t\t\t\t<div class=\"elementor-column elementor-col-100 elementor-inner-column elementor-element elementor-element-51360de0\" data-id=\"51360de0\" data-element_type=\"column\" data-e-type=\"column\">\n\t\t\t<div class=\"elementor-widget-wrap elementor-element-populated\">\n\t\t\t\t\t\t<div class=\"elementor-element elementor-element-8379e32 elementor-widget elementor-widget-heading\" data-id=\"8379e32\" data-element_type=\"widget\" data-e-type=\"widget\" data-widget_type=\"heading.default\">\n\t\t\t\t<div class=\"elementor-widget-container\">\n\t\t\t\t\t<h2 class=\"elementor-heading-title elementor-size-default\">Real-Time Crypto Market Data:<\/h2>\t\t\t\t<\/div>\n\t\t\t\t<\/div>\n\t\t\t\t<div class=\"elementor-element elementor-element-5db13900 elementor-widget elementor-widget-text-editor\" data-id=\"5db13900\" data-element_type=\"widget\" data-e-type=\"widget\" data-widget_type=\"text-editor.default\">\n\t\t\t\t<div class=\"elementor-widget-container\">\n\t\t\t\t\t\t\t\t\t<p>Bleiben Sie mit Echtzeitdaten und Erkenntnissen den Markttrends voraus und stellen Sie sicher, dass Sie lukrative Handelsm\u00f6glichkeiten im Krypto- und Bitcoin-Sektor nutzen k\u00f6nnen.<\/p>\t\t\t\t\t\t\t\t<\/div>\n\t\t\t\t<\/div>\n\t\t\t\t\t<\/div>\n\t\t<\/div>\n\t\t\t\t\t<\/div>\n\t\t<\/section>\n\t\t\t\t<section class=\"elementor-section elementor-inner-section elementor-element elementor-element-22390fa1 elementor-section-boxed elementor-section-height-default elementor-section-height-default\" data-id=\"22390fa1\" data-element_type=\"section\" data-e-type=\"section\">\n\t\t\t\t\t\t<div class=\"elementor-container elementor-column-gap-default\">\n\t\t\t\t\t<div class=\"elementor-column elementor-col-100 elementor-inner-column elementor-element elementor-element-10fb87ea\" data-id=\"10fb87ea\" data-element_type=\"column\" data-e-type=\"column\">\n\t\t\t<div class=\"elementor-widget-wrap elementor-element-populated\">\n\t\t\t\t\t\t<div class=\"elementor-element elementor-element-609ef5cf elementor-widget elementor-widget-heading\" data-id=\"609ef5cf\" data-element_type=\"widget\" data-e-type=\"widget\" data-widget_type=\"heading.default\">\n\t\t\t\t<div class=\"elementor-widget-container\">\n\t\t\t\t\t<h2 class=\"elementor-heading-title elementor-size-default\">Expertenrat zum Krypto-Handel:<\/h2>\t\t\t\t<\/div>\n\t\t\t\t<\/div>\n\t\t\t\t<div class=\"elementor-element elementor-element-f25955c elementor-widget elementor-widget-text-editor\" data-id=\"f25955c\" data-element_type=\"widget\" data-e-type=\"widget\" data-widget_type=\"text-editor.default\">\n\t\t\t\t<div class=\"elementor-widget-container\">\n\t\t\t\t\t\t\t\t\t<p>Lernen Sie von Branchenf\u00fchrern die Geheimnisse des erfolgreichen Krypto-Handels und eignen Sie sich Strategien und Erkenntnisse an, die Ihnen zu weltweitem Erfolg verhelfen.<\/p>\t\t\t\t\t\t\t\t<\/div>\n\t\t\t\t<\/div>\n\t\t\t\t\t<\/div>\n\t\t<\/div>\n\t\t\t\t\t<\/div>\n\t\t<\/section>\n\t\t\t\t<section class=\"elementor-section elementor-inner-section elementor-element elementor-element-659e7bce elementor-section-boxed elementor-section-height-default elementor-section-height-default\" data-id=\"659e7bce\" data-element_type=\"section\" data-e-type=\"section\">\n\t\t\t\t\t\t<div class=\"elementor-container elementor-column-gap-default\">\n\t\t\t\t\t<div class=\"elementor-column elementor-col-100 elementor-inner-column elementor-element elementor-element-423dd4f\" data-id=\"423dd4f\" data-element_type=\"column\" data-e-type=\"column\">\n\t\t\t<div class=\"elementor-widget-wrap elementor-element-populated\">\n\t\t\t\t\t\t<div class=\"elementor-element elementor-element-2fcbdc7e elementor-widget elementor-widget-heading\" data-id=\"2fcbdc7e\" data-element_type=\"widget\" data-e-type=\"widget\" data-widget_type=\"heading.default\">\n\t\t\t\t<div class=\"elementor-widget-container\">\n\t\t\t\t\t<h2 class=\"elementor-heading-title elementor-size-default\">Pers\u00f6nlicher Support:<\/h2>\t\t\t\t<\/div>\n\t\t\t\t<\/div>\n\t\t\t\t<div class=\"elementor-element elementor-element-4eddb172 elementor-widget elementor-widget-text-editor\" data-id=\"4eddb172\" data-element_type=\"widget\" data-e-type=\"widget\" data-widget_type=\"text-editor.default\">\n\t\t\t\t<div class=\"elementor-widget-container\">\n\t\t\t\t\t\t\t\t\t<p>Unser engagiertes Team aus Krypto-Brokern ist bereit, Ihre Anfragen zu beantworten und Ihnen Hilfestellung zu leisten, um ein unterst\u00fctzendes und bereicherndes Handelserlebnis zu erm\u00f6glichen.<\/p>\t\t\t\t\t\t\t\t<\/div>\n\t\t\t\t<\/div>\n\t\t\t\t<div class=\"elementor-element elementor-element-1fc1c96 elementor-widget elementor-widget-heading\" data-id=\"1fc1c96\" data-element_type=\"widget\" data-e-type=\"widget\" data-widget_type=\"heading.default\">\n\t\t\t\t<div class=\"elementor-widget-container\">\n\t\t\t\t\t<h2 class=\"elementor-heading-title elementor-size-default\">Begeben Sie sich auf eine Krypto-Reise:<\/h2>\t\t\t\t<\/div>\n\t\t\t\t<\/div>\n\t\t\t\t<div class=\"elementor-element elementor-element-9239157 elementor-widget elementor-widget-text-editor\" data-id=\"9239157\" data-element_type=\"widget\" data-e-type=\"widget\" data-widget_type=\"text-editor.default\">\n\t\t\t\t<div class=\"elementor-widget-container\">\n\t\t\t\t\t\t\t\t\t<p>Betreten Sie mit der Immediate Momentum App das riesige und dynamische Krypto- und Bitcoin-Handelsuniversum. Unsere Plattform ist ein Leuchtfeuer f\u00fcr alle, die das ungenutzte Potenzial digitaler Verm\u00f6genswerte erkunden m\u00f6chten. Egal, ob Sie ein Anf\u00e4nger sind, der seine ersten Schritte macht, oder ein erfahrener Trader, der seine Handelserfahrung verbessern m\u00f6chte, Immediate Momentum ist Ihr Begleiter auf dieser spannenden Reise.<\/p>\t\t\t\t\t\t\t\t<\/div>\n\t\t\t\t<\/div>\n\t\t\t\t<div class=\"elementor-element elementor-element-4a55e2b elementor-widget elementor-widget-heading\" data-id=\"4a55e2b\" data-element_type=\"widget\" data-e-type=\"widget\" data-widget_type=\"heading.default\">\n\t\t\t\t<div class=\"elementor-widget-container\">\n\t\t\t\t\t<h2 class=\"elementor-heading-title elementor-size-default\">Detaillierte Marktanalyse:<\/h2>\t\t\t\t<\/div>\n\t\t\t\t<\/div>\n\t\t\t\t<div class=\"elementor-element elementor-element-88c597a elementor-widget elementor-widget-text-editor\" data-id=\"88c597a\" data-element_type=\"widget\" data-e-type=\"widget\" data-widget_type=\"text-editor.default\">\n\t\t\t\t<div class=\"elementor-widget-container\">\n\t\t\t\t\t\t\t\t\t<p>Tauchen Sie mit unseren ausf\u00fchrlichen Analysen und Erkenntnissen tiefer in den Kryptomarkt ein. Die Immediate Momentum Crypto Trading App bringt Sie n\u00e4her an den Puls des Marktes und untersucht akribisch Kryptomarkttrends, Blockchain-Transformationen und die Entwicklung verschiedener Kryptow\u00e4hrungen, darunter Bitcoin und Ethereum. Bleiben Sie informiert und treffen Sie datenbasierte Entscheidungen mit unserem umfassenden \u00dcberblick \u00fcber das Kryptomarktwachstum und zuk\u00fcnftige Prognosen.<\/p>\t\t\t\t\t\t\t\t<\/div>\n\t\t\t\t<\/div>\n\t\t\t\t<div class=\"elementor-element elementor-element-4de3bb0 elementor-widget elementor-widget-heading\" data-id=\"4de3bb0\" data-element_type=\"widget\" data-e-type=\"widget\" data-widget_type=\"heading.default\">\n\t\t\t\t<div class=\"elementor-widget-container\">\n\t\t\t\t\t<h2 class=\"elementor-heading-title elementor-size-default\">Erkundung von Kryptow\u00e4hrungen und dem Metaverse:<\/h2>\t\t\t\t<\/div>\n\t\t\t\t<\/div>\n\t\t\t\t<div class=\"elementor-element elementor-element-0c60647 elementor-widget elementor-widget-text-editor\" data-id=\"0c60647\" data-element_type=\"widget\" data-e-type=\"widget\" data-widget_type=\"text-editor.default\">\n\t\t\t\t<div class=\"elementor-widget-container\">\n\t\t\t\t\t\t\t\t\t<p>Die Kryptolandschaft entwickelt sich st\u00e4ndig weiter und die Immediate Momentum App ist Ihr Leitfaden zur Navigation in diesem dynamischen Terrain. Erkunden Sie die Zukunft von Online-Assets, verstehen Sie die Unterschiede zwischen dem Handel mit Kryptow\u00e4hrungen und Metaverse-Coins und bewerten Sie deren Auswirkungen auf die Weltwirtschaft. Unsere Plattform bietet Ihnen einen ganzheitlichen \u00dcberblick \u00fcber digitale Assets und ihr Potenzial, das Finanz\u00f6kosystem neu zu gestalten.<\/p>\t\t\t\t\t\t\t\t<\/div>\n\t\t\t\t<\/div>\n\t\t\t\t<div class=\"elementor-element elementor-element-2a0dc1e elementor-widget elementor-widget-heading\" data-id=\"2a0dc1e\" data-element_type=\"widget\" data-e-type=\"widget\" data-widget_type=\"heading.default\">\n\t\t\t\t<div class=\"elementor-widget-container\">\n\t\t\t\t\t<h2 class=\"elementor-heading-title elementor-size-default\">FAQs und pers\u00f6nliche Beratung:<\/h2>\t\t\t\t<\/div>\n\t\t\t\t<\/div>\n\t\t\t\t<div class=\"elementor-element elementor-element-b6e71bd elementor-widget elementor-widget-text-editor\" data-id=\"b6e71bd\" data-element_type=\"widget\" data-e-type=\"widget\" data-widget_type=\"text-editor.default\">\n\t\t\t\t<div class=\"elementor-widget-container\">\n\t\t\t\t\t\t\t\t\t<p>Haben Sie Fragen zum Krypto-Handel? Die Immediate Momentum App hat Antworten. Unsere Plattform verf\u00fcgt \u00fcber einen umfassenden FAQ-Bereich, der h\u00e4ufige Fragen zu Krypto-Investitionen, Markttrends und den einzigartigen Angeboten von Immediate Momentum beantwortet. Dar\u00fcber hinaus steht Ihnen unser Expertenteam mit pers\u00f6nlicher Beratung und Unterst\u00fctzung zur Verf\u00fcgung, damit Sie gut ger\u00fcstet sind, um selbstbewusst durch die Krypto-Meere zu navigieren.<\/p>\t\t\t\t\t\t\t\t<\/div>\n\t\t\t\t<\/div>\n\t\t\t\t<div class=\"elementor-element elementor-element-9de1d54 elementor-widget elementor-widget-heading\" data-id=\"9de1d54\" data-element_type=\"widget\" data-e-type=\"widget\" data-widget_type=\"heading.default\">\n\t\t\t\t<div class=\"elementor-widget-container\">\n\t\t\t\t\t<h2 class=\"elementor-heading-title elementor-size-default\">Risikobewusstsein und verantwortungsbewusstes Handeln:<\/h2>\t\t\t\t<\/div>\n\t\t\t\t<\/div>\n\t\t\t\t<div class=\"elementor-element elementor-element-86c8996 elementor-widget elementor-widget-text-editor\" data-id=\"86c8996\" data-element_type=\"widget\" data-e-type=\"widget\" data-widget_type=\"text-editor.default\">\n\t\t\t\t<div class=\"elementor-widget-container\">\n\t\t\t\t\t\t\t\t\t<p>Der Handel auf dem Kryptomarkt ist mit gewissen Risiken verbunden, und bei Immediate Momentum legen wir Wert auf verantwortungsvollen Handel. Unsere Plattform informiert Benutzer \u00fcber die potenziellen Risiken und Vorteile und betont die Bedeutung einer fundierten Entscheidungsfindung. Wir setzen uns f\u00fcr Transparenz und Integrit\u00e4t ein und sind Ihr vertrauensw\u00fcrdiger Partner f\u00fcr verantwortungsvollen und sicheren Kryptohandel.<\/p>\t\t\t\t\t\t\t\t<\/div>\n\t\t\t\t<\/div>\n\t\t\t\t<div class=\"elementor-element elementor-element-23f023a elementor-widget elementor-widget-heading\" data-id=\"23f023a\" data-element_type=\"widget\" data-e-type=\"widget\" data-widget_type=\"heading.default\">\n\t\t\t\t<div class=\"elementor-widget-container\">\n\t\t\t\t\t<h2 class=\"elementor-heading-title elementor-size-default\">Treten Sie der Immediate Momentum Community bei:<\/h2>\t\t\t\t<\/div>\n\t\t\t\t<\/div>\n\t\t\t\t<div class=\"elementor-element elementor-element-fdda77e elementor-widget elementor-widget-text-editor\" data-id=\"fdda77e\" data-element_type=\"widget\" data-e-type=\"widget\" data-widget_type=\"text-editor.default\">\n\t\t\t\t<div class=\"elementor-widget-container\">\n\t\t\t\t\t\t\t\t\t<p>Werden Sie Teil der Immediate Momentum-Community und vernetzen Sie sich mit gleichgesinnten H\u00e4ndlern und Krypto-Enthusiasten. Tauschen Sie Erfahrungen und Erkenntnisse aus und bleiben Sie \u00fcber die neuesten Inhalte und Entwicklungen in der Kryptowelt auf dem Laufenden. Immediate Momentum ist mehr als nur eine Handelsplattform; es ist eine Community von Einzelpersonen, die mit Leidenschaft die endlosen M\u00f6glichkeiten des Kryptohandels erkunden.<\/p>\t\t\t\t\t\t\t\t<\/div>\n\t\t\t\t<\/div>\n\t\t\t\t\t<\/div>\n\t\t<\/div>\n\t\t\t\t\t<\/div>\n\t\t<\/section>\n\t\t\t\t<div class=\"elementor-element elementor-element-d7bbbd8 elementor-widget elementor-widget-text-editor\" data-id=\"d7bbbd8\" data-element_type=\"widget\" data-e-type=\"widget\" data-widget_type=\"text-editor.default\">\n\t\t\t\t<div class=\"elementor-widget-container\">\n\t\t\t\t\t\t\t\t\tZusammenfassend l\u00e4sst sich sagen, dass die Immediate Momentum App nicht einfach nur eine weitere Handelsplattform ist. Sie ist eine Mischung aus Technologie und menschlichem Fachwissen, die sicherstellt, dass H\u00e4ndlern, egal ob Anf\u00e4nger oder Experte, die besten Tools zur Verf\u00fcgung stehen.\t\t\t\t\t\t\t\t<\/div>\n\t\t\t\t<\/div>\n\t\t\t\t<div class=\"elementor-element elementor-element-7913435 elementor-widget elementor-widget-heading\" data-id=\"7913435\" data-element_type=\"widget\" data-e-type=\"widget\" data-widget_type=\"heading.default\">\n\t\t\t\t<div class=\"elementor-widget-container\">\n\t\t\t\t\t<h2 class=\"elementor-heading-title elementor-size-default\">Tauchen Sie tiefer ein mit sofortigem Schwung<\/h2>\t\t\t\t<\/div>\n\t\t\t\t<\/div>\n\t\t\t\t<div class=\"elementor-element elementor-element-bcb4bad elementor-widget elementor-widget-text-editor\" data-id=\"bcb4bad\" data-element_type=\"widget\" data-e-type=\"widget\" data-widget_type=\"text-editor.default\">\n\t\t\t\t<div class=\"elementor-widget-container\">\n\t\t\t\t\t\t\t\t\t<p>\u00d6ffnen Sie die T\u00fcren zu einer Welt voller M\u00f6glichkeiten und betreten Sie ein Reich, in dem Krypto-Handel auf Innovation und Fachwissen trifft. Die Krypto-Handels-App Immediate Momentum ist Ihr Schl\u00fcssel zur Entdeckung des Potenzials des Krypto- und Bitcoin-Handels und bietet ein nahtloses und bereicherndes Erlebnis, das auf Ihre Handelsanforderungen zugeschnitten ist. Navigieren Sie mit uns durch die Zukunft digitaler Verm\u00f6genswerte und handeln Sie mit Vertrauen und Immediate Momentum!<\/p>\t\t\t\t\t\t\t\t<\/div>\n\t\t\t\t<\/div>\n\t\t\t\t<div class=\"elementor-element elementor-element-9fb0aa7 elementor-align-center elementor-widget elementor-widget-button\" data-id=\"9fb0aa7\" data-element_type=\"widget\" data-e-type=\"widget\" data-widget_type=\"button.default\">\n\t\t\t\t<div class=\"elementor-widget-container\">\n\t\t\t\t\t\t\t\t\t<div class=\"elementor-button-wrapper\">\n\t\t\t\t\t<a class=\"elementor-button elementor-button-link elementor-size-md\" href=\"https:\/\/theimmediatemomentum.net\/de\/#regform\">\n\t\t\t\t\t\t<span class=\"elementor-button-content-wrapper\">\n\t\t\t\t\t\t\t\t\t<span class=\"elementor-button-text\">Jetzt starten<\/span>\n\t\t\t\t\t<\/span>\n\t\t\t\t\t<\/a>\n\t\t\t\t<\/div>\n\t\t\t\t\t\t\t\t<\/div>\n\t\t\t\t<\/div>\n\t\t\t\t\t<\/div>\n\t\t<\/div>\n\t\t\t\t\t<\/div>\n\t\t<\/section>\n\t\t\t\t<\/div>","protected":false},"excerpt":{"rendered":"<p>Immediate Momentum crypto trading App The Future of Auto Trading Welcome to the Immediate Momentum App, your gateway to the exciting world of crypto and bitcoin trading! Our platform is meticulously designed to cater to novice and seasoned traders, providing a plethora of advanced trading tools, real-time market data, and expert guidance to help you [&hellip;]<\/p>\n","protected":false},"author":2,"featured_media":0,"parent":0,"menu_order":0,"comment_status":"closed","ping_status":"closed","template":"elementor_header_footer","meta":{"footnotes":""},"class_list":["post-190","page","type-page","status-publish","hentry"],"_links":{"self":[{"href":"https:\/\/theimmediatemomentum.net\/de\/wp-json\/wp\/v2\/pages\/190","targetHints":{"allow":["GET"]}}],"collection":[{"href":"https:\/\/theimmediatemomentum.net\/de\/wp-json\/wp\/v2\/pages"}],"about":[{"href":"https:\/\/theimmediatemomentum.net\/de\/wp-json\/wp\/v2\/types\/page"}],"author":[{"embeddable":true,"href":"https:\/\/theimmediatemomentum.net\/de\/wp-json\/wp\/v2\/users\/2"}],"replies":[{"embeddable":true,"href":"https:\/\/theimmediatemomentum.net\/de\/wp-json\/wp\/v2\/comments?post=190"}],"version-history":[{"count":139,"href":"https:\/\/theimmediatemomentum.net\/de\/wp-json\/wp\/v2\/pages\/190\/revisions"}],"predecessor-version":[{"id":5454,"href":"https:\/\/theimmediatemomentum.net\/de\/wp-json\/wp\/v2\/pages\/190\/revisions\/5454"}],"wp:attachment":[{"href":"https:\/\/theimmediatemomentum.net\/de\/wp-json\/wp\/v2\/media?parent=190"}],"curies":[{"name":"wp","href":"https:\/\/api.w.org\/{rel}","templated":true}]}}