{"id":176,"date":"2023-09-01T14:37:37","date_gmt":"2023-09-01T14:37:37","guid":{"rendered":"https:\/\/theimmediatemomentum.net\/?page_id=176"},"modified":"2025-10-10T10:28:06","modified_gmt":"2025-10-10T10:28:06","slug":"so-registrieren-sie-sich-bei-immediate-momentum","status":"publish","type":"page","link":"https:\/\/theimmediatemomentum.net\/de_de\/how-to-register-with-immediate-momentum\/","title":{"rendered":"So registrieren Sie sich"},"content":{"rendered":"<div data-elementor-type=\"wp-page\" data-elementor-id=\"176\" class=\"elementor elementor-176\" data-elementor-post-type=\"page\">\n\t\t\t\t\t\t<section class=\"elementor-section elementor-top-section elementor-element elementor-element-21e9641 elementor-section-height-min-height elementor-section-boxed elementor-section-height-default elementor-section-items-middle\" data-id=\"21e9641\" data-element_type=\"section\" data-e-type=\"section\" data-settings=\"{&quot;background_background&quot;:&quot;classic&quot;}\">\n\t\t\t\t\t\t\t<div class=\"elementor-background-overlay\"><\/div>\n\t\t\t\t\t\t\t<div class=\"elementor-container elementor-column-gap-default\">\n\t\t\t\t\t<div class=\"elementor-column elementor-col-100 elementor-top-column elementor-element elementor-element-0af89c1\" data-id=\"0af89c1\" data-element_type=\"column\" data-e-type=\"column\">\n\t\t\t<div class=\"elementor-widget-wrap elementor-element-populated\">\n\t\t\t\t\t\t<div class=\"elementor-element elementor-element-8113353 elementor-widget elementor-widget-heading\" data-id=\"8113353\" data-element_type=\"widget\" data-e-type=\"widget\" data-widget_type=\"heading.default\">\n\t\t\t\t\t<h1 class=\"elementor-heading-title elementor-size-default\">Sofortige Momentum-Registrierung<\/h1>\t\t\t\t<\/div>\n\t\t\t\t<div class=\"elementor-element elementor-element-47a4578 elementor-widget__width-initial elementor-widget-mobile__width-initial elementor-widget elementor-widget-text-editor\" data-id=\"47a4578\" data-element_type=\"widget\" data-e-type=\"widget\" data-widget_type=\"text-editor.default\">\n\t\t\t\t\t\t\t\t\t<p>Der Einstieg in den Handel mit Immediate Momentum ist ein unkomplizierter Prozess. Erfahren Sie, wie Sie sich bei Immediate Momentum registrieren. Hier finden Sie eine Schritt-f\u00fcr-Schritt-Anleitung f\u00fcr den Einstieg:<\/p>\t\t\t\t\t\t\t\t<\/div>\n\t\t\t\t\t<\/div>\n\t\t<\/div>\n\t\t\t\t\t<\/div>\n\t\t<\/section>\n\t\t<div class=\"elementor-element elementor-element-6e4d21b e-flex e-con-boxed e-con e-parent\" data-id=\"6e4d21b\" data-element_type=\"container\" data-e-type=\"container\" data-settings=\"{&quot;background_background&quot;:&quot;classic&quot;}\">\n\t\t\t\t\t<div class=\"e-con-inner\">\n\t\t\t\t<div class=\"elementor-element elementor-element-4531294 elementor-widget elementor-widget-heading\" data-id=\"4531294\" data-element_type=\"widget\" data-e-type=\"widget\" data-widget_type=\"heading.default\">\n\t\t\t\t\t<h2 class=\"elementor-heading-title elementor-size-default\">So registrieren Sie sich bei Immediate Momentum:<\/h2>\t\t\t\t<\/div>\n\t\t\t\t<div class=\"elementor-element elementor-element-d51bdf0 elementor-widget elementor-widget-heading\" data-id=\"d51bdf0\" data-element_type=\"widget\" data-e-type=\"widget\" data-widget_type=\"heading.default\">\n\t\t\t\t\t<h2 class=\"elementor-heading-title elementor-size-default\">1. F\u00fcllen Sie das Registrierungsformular aus:<\/h2>\t\t\t\t<\/div>\n\t\t\t\t<div class=\"elementor-element elementor-element-33d4afe elementor-widget elementor-widget-text-editor\" data-id=\"33d4afe\" data-element_type=\"widget\" data-e-type=\"widget\" data-widget_type=\"text-editor.default\">\n\t\t\t\t\t\t\t\t\t<p>Der erste und wichtigste Schritt zur Registrierung bei unserer Krypto-Handelsplattform ist der Besuch unserer Website <a href=\"https:\/\/theimmediatemomentum.net\/de_de\/\">theimmediatemomentum.net<\/a>\u00a0und navigieren Sie zu \u201e<a href=\"https:\/\/theimmediatemomentum.net\/de_de\/#regform\">Anmeldeformular<\/a>\u201d . Hier werden Sie aufgefordert, Ihre wesentlichen Daten einzugeben. Dies ist Ihr Einstieg in die aufregende Welt des Kryptow\u00e4hrungshandels.<\/p>\t\t\t\t\t\t\t\t<\/div>\n\t\t\t\t<div class=\"elementor-element elementor-element-86ab922 elementor-widget elementor-widget-heading\" data-id=\"86ab922\" data-element_type=\"widget\" data-e-type=\"widget\" data-widget_type=\"heading.default\">\n\t\t\t\t\t<h2 class=\"elementor-heading-title elementor-size-default\">2. Geduld ist der Schl\u00fcssel:<\/h2>\t\t\t\t<\/div>\n\t\t\t\t<div class=\"elementor-element elementor-element-ffdaf09 elementor-widget elementor-widget-text-editor\" data-id=\"ffdaf09\" data-element_type=\"widget\" data-e-type=\"widget\" data-widget_type=\"text-editor.default\">\n\t\t\t\t\t\t\t\t\t<p>In der dynamischen Welt des Kryptohandels ist Geduld nicht nur eine Tugend, sondern auch eine Notwendigkeit. Aufgrund der hohen Nachfrage und gelegentlicher Serverauslastung kann es bei der Bearbeitung Ihrer Registrierung zu einer leichten Verz\u00f6gerung kommen. Wir wissen Ihre Geduld w\u00e4hrend dieser Zeit sehr zu sch\u00e4tzen und Sie k\u00f6nnen sicher sein, dass wir flei\u00dfig daran arbeiten, Ihnen den Einstieg auf unserer Plattform zu erleichtern.<\/p>\t\t\t\t\t\t\t\t<\/div>\n\t\t\t\t<div class=\"elementor-element elementor-element-2956d2c elementor-widget elementor-widget-heading\" data-id=\"2956d2c\" data-element_type=\"widget\" data-e-type=\"widget\" data-widget_type=\"heading.default\">\n\t\t\t\t\t<h2 class=\"elementor-heading-title elementor-size-default\">3. \u00dcberpr\u00fcfen Sie Ihre E-Mails:<\/h2>\t\t\t\t<\/div>\n\t\t\t\t<div class=\"elementor-element elementor-element-6f46fb7 elementor-widget elementor-widget-text-editor\" data-id=\"6f46fb7\" data-element_type=\"widget\" data-e-type=\"widget\" data-widget_type=\"text-editor.default\">\n\t\t\t\t\t\t\t\t\t<p>Sobald Sie sich erfolgreich registriert haben, gehen Sie zu Ihrem E-Mail-Posteingang. Suchen Sie nach einer E-Mail mit Ihren Anmeldedaten f\u00fcr \u201eImmediate Momentum\u201c. Diese Anmeldeinformationen sind f\u00fcr den Zugriff auf Ihr Konto und die Verwaltung Ihrer Krypto-Assets von entscheidender Bedeutung.<\/p>\t\t\t\t\t\t\t\t<\/div>\n\t\t\t\t<div class=\"elementor-element elementor-element-f9f4ed3 elementor-widget elementor-widget-heading\" data-id=\"f9f4ed3\" data-element_type=\"widget\" data-e-type=\"widget\" data-widget_type=\"heading.default\">\n\t\t\t\t\t<h2 class=\"elementor-heading-title elementor-size-default\">4. Zugriff auf den Kundenbereich:<\/h2>\t\t\t\t<\/div>\n\t\t\t\t<div class=\"elementor-element elementor-element-d4ae3ee elementor-widget elementor-widget-text-editor\" data-id=\"d4ae3ee\" data-element_type=\"widget\" data-e-type=\"widget\" data-widget_type=\"text-editor.default\">\n\t\t\t\t\t\t\t\t\t<p>Melden Sie sich mit den angegebenen Anmeldeinformationen im Kundenbereich an. Dies ist Ihr Dashboard, in dem Sie Ihre Handelsaktivit\u00e4ten verwalten und \u00fcberwachen k\u00f6nnen.<\/p>\t\t\t\t\t\t\t\t<\/div>\n\t\t\t\t<div class=\"elementor-element elementor-element-2f12338 elementor-widget elementor-widget-heading\" data-id=\"2f12338\" data-element_type=\"widget\" data-e-type=\"widget\" data-widget_type=\"heading.default\">\n\t\t\t\t\t<h2 class=\"elementor-heading-title elementor-size-default\">5. Ersteinzahlung:<\/h2>\t\t\t\t<\/div>\n\t\t\t\t<div class=\"elementor-element elementor-element-78b46b3 elementor-widget elementor-widget-text-editor\" data-id=\"78b46b3\" data-element_type=\"widget\" data-e-type=\"widget\" data-widget_type=\"text-editor.default\">\n\t\t\t\t\t\t\t\t\t<p>Um Ihre Handelsreise mit Immediate Momentum zu starten, ist eine Mindesteinzahlung von 180 EUR erforderlich. Seien Sie versichert, dass dieser Vorgang sicher und unkompliziert ist. Sie k\u00f6nnen Ihre Einzahlung \u00fcber den Abschnitt \u201eImmediate Momentum-Einzahlungsdetails\u201c in Ihrem Kundenbereich abschlie\u00dfen. Diese anf\u00e4ngliche Investition ist Ihr Ticket in die aufregende Welt des Online-Handels.<\/p>\t\t\t\t\t\t\t\t<\/div>\n\t\t\t\t<div class=\"elementor-element elementor-element-7d279ce elementor-widget elementor-widget-heading\" data-id=\"7d279ce\" data-element_type=\"widget\" data-e-type=\"widget\" data-widget_type=\"heading.default\">\n\t\t\t\t\t<h2 class=\"elementor-heading-title elementor-size-default\">6. Kontaktieren Sie einen Account Manager: <\/h2>\t\t\t\t<\/div>\n\t\t\t\t<div class=\"elementor-element elementor-element-a8ef164 elementor-widget elementor-widget-text-editor\" data-id=\"a8ef164\" data-element_type=\"widget\" data-e-type=\"widget\" data-widget_type=\"text-editor.default\">\n\t\t\t\t\t\t\t\t\t<p>Online-Trading kann zwar sehr lukrativ sein, bringt aber auch Risiken mit sich. Bei Immediate Momentum haben Ihr Erfolg und Ihre Sicherheit oberste Priorit\u00e4t. Daher werden alle neuen Konten von einem \u201eImmediate Momentum Account Manager\u201c kontaktiert. Ihre Rolle ist entscheidend \u2013 sie f\u00fchren Sie durch den Einrichtungsprozess, erkl\u00e4ren Ihnen die damit verbundenen Handelsrisiken und stellen sicher, dass Sie gut informiert sind, bevor Sie Entscheidungen treffen. Stellen Sie ruhig Fragen und lassen Sie sich beraten; unsere Account Manager sind f\u00fcr Sie da, um Sie bei jedem Schritt zu unterst\u00fctzen.<\/p>\t\t\t\t\t\t\t\t<\/div>\n\t\t\t\t<div class=\"elementor-element elementor-element-5d8d9ff elementor-widget elementor-widget-heading\" data-id=\"5d8d9ff\" data-element_type=\"widget\" data-e-type=\"widget\" data-widget_type=\"heading.default\">\n\t\t\t\t\t<h2 class=\"elementor-heading-title elementor-size-default\">7. Auszahlung und Handel:<\/h2>\t\t\t\t<\/div>\n\t\t\t\t<div class=\"elementor-element elementor-element-1d7dac1 elementor-widget elementor-widget-text-editor\" data-id=\"1d7dac1\" data-element_type=\"widget\" data-e-type=\"widget\" data-widget_type=\"text-editor.default\">\n\t\t\t\t\t\t\t\t\t<p>Ihr Account Manager f\u00fchrt Sie au\u00dferdem durch den \u201eProzess der sofortigen Momentum-Abhebung\u201c. Wir legen Wert auf Transparenz und m\u00f6chten, dass Sie sich mit Ihren Handelsentscheidungen wohlf\u00fchlen. Sobald Sie zuversichtlich und bereit sind, k\u00f6nnen Sie mit Ihren Handelsaktivit\u00e4ten beginnen. Unsere Plattform bietet eine breite Palette an Handelsoptionen und -tools, die Ihren Pr\u00e4ferenzen entsprechen.<\/p>\t\t\t\t\t\t\t\t<\/div>\n\t\t\t\t<div class=\"elementor-element elementor-element-1551725 elementor-align-left elementor-widget elementor-widget-button\" data-id=\"1551725\" data-element_type=\"widget\" data-e-type=\"widget\" data-widget_type=\"button.default\">\n\t\t\t\t\t\t\t\t\t\t<a class=\"elementor-button elementor-button-link elementor-size-md\" href=\"https:\/\/theimmediatemomentum.net\/de_de\/contact-us\/\">\n\t\t\t\t\t\t<span class=\"elementor-button-content-wrapper\">\n\t\t\t\t\t\t\t\t\t<span class=\"elementor-button-text\">Kontaktieren Sie uns<\/span>\n\t\t\t\t\t<\/span>\n\t\t\t\t\t<\/a>\n\t\t\t\t\t\t\t\t<\/div>\n\t\t\t\t\t<\/div>\n\t\t\t\t<\/div>\n\t\t\t\t<\/div>","protected":false},"excerpt":{"rendered":"<p>Immediate Momentum Registration Embarking on your trading journey with Immediate Momentum is a straightforward process. Learn How to register with Immediate Momentum. Here\u2019s a step-by-step guide on how to get started: How to register with Immediate momentum: 1. Fill Out the Registration Form: The first and foremost step to register with our crypto trading platform [&hellip;]<\/p>\n","protected":false},"author":2,"featured_media":0,"parent":0,"menu_order":0,"comment_status":"closed","ping_status":"closed","template":"elementor_header_footer","meta":{"footnotes":""},"class_list":["post-176","page","type-page","status-publish","hentry"],"_links":{"self":[{"href":"https:\/\/theimmediatemomentum.net\/de_de\/wp-json\/wp\/v2\/pages\/176","targetHints":{"allow":["GET"]}}],"collection":[{"href":"https:\/\/theimmediatemomentum.net\/de_de\/wp-json\/wp\/v2\/pages"}],"about":[{"href":"https:\/\/theimmediatemomentum.net\/de_de\/wp-json\/wp\/v2\/types\/page"}],"author":[{"embeddable":true,"href":"https:\/\/theimmediatemomentum.net\/de_de\/wp-json\/wp\/v2\/users\/2"}],"replies":[{"embeddable":true,"href":"https:\/\/theimmediatemomentum.net\/de_de\/wp-json\/wp\/v2\/comments?post=176"}],"version-history":[{"count":149,"href":"https:\/\/theimmediatemomentum.net\/de_de\/wp-json\/wp\/v2\/pages\/176\/revisions"}],"predecessor-version":[{"id":5558,"href":"https:\/\/theimmediatemomentum.net\/de_de\/wp-json\/wp\/v2\/pages\/176\/revisions\/5558"}],"wp:attachment":[{"href":"https:\/\/theimmediatemomentum.net\/de_de\/wp-json\/wp\/v2\/media?parent=176"}],"curies":[{"name":"wp","href":"https:\/\/api.w.org\/{rel}","templated":true}]}}