{"id":2166,"date":"2023-10-16T08:44:08","date_gmt":"2023-10-16T08:44:08","guid":{"rendered":"https:\/\/theimmediatemomentum.net\/?page_id=2166"},"modified":"2024-12-26T12:57:17","modified_gmt":"2024-12-26T12:57:17","slug":"descargo-de-responsabilidad","status":"publish","type":"page","link":"https:\/\/theimmediatemomentum.net\/es\/disclaimer\/","title":{"rendered":"Descargo de responsabilidad"},"content":{"rendered":"<div data-elementor-type=\"wp-page\" data-elementor-id=\"2166\" class=\"elementor elementor-2166\" data-elementor-post-type=\"page\">\n\t\t\t\t\t\t<section class=\"elementor-section elementor-top-section elementor-element elementor-element-e8ee634 elementor-section-boxed elementor-section-height-default elementor-section-height-default\" data-id=\"e8ee634\" data-element_type=\"section\" data-e-type=\"section\" data-settings=\"{&quot;background_background&quot;:&quot;classic&quot;}\">\n\t\t\t\t\t\t<div class=\"elementor-container elementor-column-gap-default\">\n\t\t\t\t\t<div class=\"elementor-column elementor-col-100 elementor-top-column elementor-element elementor-element-482f2a5\" data-id=\"482f2a5\" data-element_type=\"column\" data-e-type=\"column\">\n\t\t\t<div class=\"elementor-widget-wrap elementor-element-populated\">\n\t\t\t\t\t\t<div class=\"elementor-element elementor-element-e755c24 elementor-widget elementor-widget-spacer\" data-id=\"e755c24\" data-element_type=\"widget\" data-e-type=\"widget\" data-widget_type=\"spacer.default\">\n\t\t\t\t<div class=\"elementor-widget-container\">\n\t\t\t\t\t\t\t<div class=\"elementor-spacer\">\n\t\t\t<div class=\"elementor-spacer-inner\"><\/div>\n\t\t<\/div>\n\t\t\t\t\t\t<\/div>\n\t\t\t\t<\/div>\n\t\t\t\t<div class=\"elementor-element elementor-element-99f40bd elementor-widget elementor-widget-heading\" data-id=\"99f40bd\" data-element_type=\"widget\" data-e-type=\"widget\" data-widget_type=\"heading.default\">\n\t\t\t\t<div class=\"elementor-widget-container\">\n\t\t\t\t\t<h1 class=\"elementor-heading-title elementor-size-default\">Aviso legal para el centro de impulso inmediato\n<\/h1>\t\t\t\t<\/div>\n\t\t\t\t<\/div>\n\t\t\t\t<div class=\"elementor-element elementor-element-c5f0506 elementor-widget elementor-widget-text-editor\" data-id=\"c5f0506\" data-element_type=\"widget\" data-e-type=\"widget\" data-widget_type=\"text-editor.default\">\n\t\t\t\t<div class=\"elementor-widget-container\">\n\t\t\t\t\t\t\t\t\t<p>Toda la informaci\u00f3n en este sitio web \u2013 <a href=\"https:\/\/theimmediatemomentum.net\/es\/\">https:\/\/theimmediatemomentum.net\/<\/a> \u2013 se publica de buena fe y solo con fines de informaci\u00f3n general. Immediate momentum center no ofrece garant\u00edas sobre la integridad, confiabilidad y precisi\u00f3n de esta informaci\u00f3n. Cualquier acci\u00f3n que realice en funci\u00f3n de la informaci\u00f3n que encuentre en este sitio web (Immediate momentum center) se realiza estrictamente bajo su propio riesgo. Immediate momentum center no ser\u00e1 responsable de ninguna p\u00e9rdida o da\u00f1o relacionado con el uso de nuestro sitio web.<br \/>Desde nuestro sitio web, puede visitar otros sitios web siguiendo los hiperv\u00ednculos a dichos sitios externos. Si bien nos esforzamos por proporcionar solo enlaces de calidad a sitios web \u00fatiles y \u00e9ticos, no tenemos control sobre el contenido y la naturaleza de estos sitios. Estos enlaces a otros sitios web no implican una recomendaci\u00f3n para todo el contenido que se encuentra en estos sitios. Los propietarios de los sitios y el contenido pueden cambiar sin previo aviso y pueden ocurrir antes de que tengamos la oportunidad de eliminar un enlace que pueda haberse vuelto \"incorrecto\".<br \/>Tenga en cuenta tambi\u00e9n que, cuando abandone nuestro sitio web, otros sitios pueden tener pol\u00edticas y condiciones de privacidad diferentes que est\u00e1n fuera de nuestro control. Aseg\u00farese de consultar las Pol\u00edticas de privacidad de estos sitios, as\u00ed como sus \u201cCondiciones de servicio\u201d antes de realizar cualquier actividad comercial o cargar cualquier informaci\u00f3n.<\/p>\t\t\t\t\t\t\t\t<\/div>\n\t\t\t\t<\/div>\n\t\t\t\t<div class=\"elementor-element elementor-element-bd36b30 elementor-widget elementor-widget-text-editor\" data-id=\"bd36b30\" data-element_type=\"widget\" data-e-type=\"widget\" data-widget_type=\"text-editor.default\">\n\t\t\t\t<div class=\"elementor-widget-container\">\n\t\t\t\t\t\t\t\t\t<p><b>Consentir:<\/b><br \/><br \/>Al utilizar nuestro sitio web, usted acepta nuestro descargo de responsabilidad y sus t\u00e9rminos.<br \/>Actualizar<br \/>Si actualizamos, modificamos o realizamos alg\u00fan cambio en este documento, dichos cambios se publicar\u00e1n de forma destacada aqu\u00ed.<br \/><br \/>Si necesita m\u00e1s informaci\u00f3n o tiene alguna pregunta sobre el descargo de responsabilidad de nuestro sitio, no dude en contactarnos.<\/p>\t\t\t\t\t\t\t\t<\/div>\n\t\t\t\t<\/div>\n\t\t\t\t<div class=\"elementor-element elementor-element-4d1a5c9 elementor-widget elementor-widget-spacer\" data-id=\"4d1a5c9\" data-element_type=\"widget\" data-e-type=\"widget\" data-widget_type=\"spacer.default\">\n\t\t\t\t<div class=\"elementor-widget-container\">\n\t\t\t\t\t\t\t<div class=\"elementor-spacer\">\n\t\t\t<div class=\"elementor-spacer-inner\"><\/div>\n\t\t<\/div>\n\t\t\t\t\t\t<\/div>\n\t\t\t\t<\/div>\n\t\t\t\t\t<\/div>\n\t\t<\/div>\n\t\t\t\t\t<\/div>\n\t\t<\/section>\n\t\t\t\t<\/div>","protected":false},"excerpt":{"rendered":"<p>Disclaimer for Immediate momentum center All the information on this website &#8211; https:\/\/theimmediatemomentum.net\/ &#8211; is published in good faith and for general information purpose only. Immediate momentum center does not make any warranties about the completeness, reliability and accuracy of this information. Any action you take upon the information you find on this website (Immediate [&hellip;]<\/p>\n","protected":false},"author":2,"featured_media":0,"parent":0,"menu_order":0,"comment_status":"closed","ping_status":"closed","template":"elementor_header_footer","meta":{"footnotes":""},"class_list":["post-2166","page","type-page","status-publish","hentry"],"_links":{"self":[{"href":"https:\/\/theimmediatemomentum.net\/es\/wp-json\/wp\/v2\/pages\/2166","targetHints":{"allow":["GET"]}}],"collection":[{"href":"https:\/\/theimmediatemomentum.net\/es\/wp-json\/wp\/v2\/pages"}],"about":[{"href":"https:\/\/theimmediatemomentum.net\/es\/wp-json\/wp\/v2\/types\/page"}],"author":[{"embeddable":true,"href":"https:\/\/theimmediatemomentum.net\/es\/wp-json\/wp\/v2\/users\/2"}],"replies":[{"embeddable":true,"href":"https:\/\/theimmediatemomentum.net\/es\/wp-json\/wp\/v2\/comments?post=2166"}],"version-history":[{"count":31,"href":"https:\/\/theimmediatemomentum.net\/es\/wp-json\/wp\/v2\/pages\/2166\/revisions"}],"predecessor-version":[{"id":5286,"href":"https:\/\/theimmediatemomentum.net\/es\/wp-json\/wp\/v2\/pages\/2166\/revisions\/5286"}],"wp:attachment":[{"href":"https:\/\/theimmediatemomentum.net\/es\/wp-json\/wp\/v2\/media?parent=2166"}],"curies":[{"name":"wp","href":"https:\/\/api.w.org\/{rel}","templated":true}]}}