{"id":5008,"date":"2024-08-08T07:27:12","date_gmt":"2024-08-08T07:27:12","guid":{"rendered":"https:\/\/theimmediatemomentum.net\/?page_id=5008"},"modified":"2025-10-10T10:22:21","modified_gmt":"2025-10-10T10:22:21","slug":"descargar-aplicacion-de-amazon","status":"publish","type":"page","link":"https:\/\/theimmediatemomentum.net\/es\/download-amazon-app\/","title":{"rendered":"Descargar la aplicaci\u00f3n de Amazon"},"content":{"rendered":"<div data-elementor-type=\"wp-page\" data-elementor-id=\"5008\" class=\"elementor elementor-5008\" data-elementor-post-type=\"page\">\n\t\t\t\t<div class=\"elementor-element elementor-element-9b69e3a e-flex e-con-boxed e-con e-parent\" data-id=\"9b69e3a\" data-element_type=\"container\" data-e-type=\"container\" data-settings=\"{&quot;background_background&quot;:&quot;classic&quot;}\">\n\t\t\t\t\t<div class=\"e-con-inner\">\n\t\t<div class=\"elementor-element elementor-element-d937157 e-con-full e-flex e-con e-child\" data-id=\"d937157\" data-element_type=\"container\" data-e-type=\"container\">\n\t\t\t\t<div class=\"elementor-element elementor-element-7e7bdf1 elementor-widget elementor-widget-heading\" data-id=\"7e7bdf1\" data-element_type=\"widget\" data-e-type=\"widget\" data-widget_type=\"heading.default\">\n\t\t\t\t\t<h1 class=\"elementor-heading-title elementor-size-default\">C\u00f3mo instalar una aplicaci\u00f3n de AWS Appstore en un tel\u00e9fono Android<\/h1>\t\t\t\t<\/div>\n\t\t\t\t<div class=\"elementor-element elementor-element-8799b45 elementor-widget elementor-widget-text-editor\" data-id=\"8799b45\" data-element_type=\"widget\" data-e-type=\"widget\" data-widget_type=\"text-editor.default\">\n\t\t\t\t\t\t\t\t\t<ol><li>Instalar la tienda de aplicaciones de Amazon.<\/li><li>Cree una cuenta e inicie sesi\u00f3n en Amazon AppStore.<\/li><li>Busque la aplicaci\u00f3n \u201cImmediate Momentum\u201d y haga clic <a style=\"color: #e6c9ff;\" href=\"https:\/\/www.amazon.com\/gp\/product\/B0DCC49RMC\" target=\"_blank\" rel=\"noopener\">Obtener aplicaci\u00f3n<\/a>.<\/li><li>Instalar y utilizar la aplicaci\u00f3n.<\/li><\/ol>\t\t\t\t\t\t\t\t<\/div>\n\t\t\t\t<\/div>\n\t\t<div class=\"elementor-element elementor-element-0ec3be9 e-con-full e-flex e-con e-child\" data-id=\"0ec3be9\" data-element_type=\"container\" data-e-type=\"container\">\n\t\t\t\t<div class=\"elementor-element elementor-element-cbb3d9c elementor-widget__width-initial elementor-widget-tablet__width-initial elementor-widget elementor-widget-image\" data-id=\"cbb3d9c\" data-element_type=\"widget\" data-e-type=\"widget\" data-widget_type=\"image.default\">\n\t\t\t\t\t\t\t\t\t\t\t\t\t\t\t<img fetchpriority=\"high\" decoding=\"async\" width=\"915\" height=\"1731\" src=\"https:\/\/theimmediatemomentum.net\/wp-content\/uploads\/2024\/08\/Immediate-momentum-img_11zon.webp\" class=\"attachment-full size-full wp-image-5023\" alt=\"Aplicaci\u00f3n de Amazon con impulso inmediato\" srcset=\"https:\/\/theimmediatemomentum.net\/wp-content\/uploads\/2024\/08\/Immediate-momentum-img_11zon.webp 915w, https:\/\/theimmediatemomentum.net\/wp-content\/uploads\/2024\/08\/Immediate-momentum-img_11zon-159x300.webp 159w, https:\/\/theimmediatemomentum.net\/wp-content\/uploads\/2024\/08\/Immediate-momentum-img_11zon-541x1024.webp 541w, https:\/\/theimmediatemomentum.net\/wp-content\/uploads\/2024\/08\/Immediate-momentum-img_11zon-768x1453.webp 768w, https:\/\/theimmediatemomentum.net\/wp-content\/uploads\/2024\/08\/Immediate-momentum-img_11zon-812x1536.webp 812w\" sizes=\"(max-width: 915px) 100vw, 915px\" \/>\t\t\t\t\t\t\t\t\t\t\t\t\t\t\t<\/div>\n\t\t\t\t<\/div>\n\t\t\t\t\t<\/div>\n\t\t\t\t<\/div>\n\t\t\t\t<\/div>","protected":false},"excerpt":{"rendered":"<p>How to install app from AWS Appstore to android Phone Install the Amazon AppStore. Create account and login to Amazon AppStore. Search for app \u201cImmediate Momentum\u201d and click Get App. Install and use App.<\/p>","protected":false},"author":2,"featured_media":0,"parent":0,"menu_order":0,"comment_status":"closed","ping_status":"closed","template":"elementor_header_footer","meta":{"footnotes":""},"class_list":["post-5008","page","type-page","status-publish","hentry"],"_links":{"self":[{"href":"https:\/\/theimmediatemomentum.net\/es\/wp-json\/wp\/v2\/pages\/5008","targetHints":{"allow":["GET"]}}],"collection":[{"href":"https:\/\/theimmediatemomentum.net\/es\/wp-json\/wp\/v2\/pages"}],"about":[{"href":"https:\/\/theimmediatemomentum.net\/es\/wp-json\/wp\/v2\/types\/page"}],"author":[{"embeddable":true,"href":"https:\/\/theimmediatemomentum.net\/es\/wp-json\/wp\/v2\/users\/2"}],"replies":[{"embeddable":true,"href":"https:\/\/theimmediatemomentum.net\/es\/wp-json\/wp\/v2\/comments?post=5008"}],"version-history":[{"count":25,"href":"https:\/\/theimmediatemomentum.net\/es\/wp-json\/wp\/v2\/pages\/5008\/revisions"}],"predecessor-version":[{"id":5555,"href":"https:\/\/theimmediatemomentum.net\/es\/wp-json\/wp\/v2\/pages\/5008\/revisions\/5555"}],"wp:attachment":[{"href":"https:\/\/theimmediatemomentum.net\/es\/wp-json\/wp\/v2\/media?parent=5008"}],"curies":[{"name":"wp","href":"https:\/\/api.w.org\/{rel}","templated":true}]}}