{"id":176,"date":"2023-09-01T14:37:37","date_gmt":"2023-09-01T14:37:37","guid":{"rendered":"https:\/\/theimmediatemomentum.net\/?page_id=176"},"modified":"2025-10-10T10:28:06","modified_gmt":"2025-10-10T10:28:06","slug":"kuinka-rekisteroitya-valittomalla-vauhdilla","status":"publish","type":"page","link":"https:\/\/theimmediatemomentum.net\/fi\/how-to-register-with-immediate-momentum\/","title":{"rendered":"Kuinka rekister\u00f6ity\u00e4"},"content":{"rendered":"<div data-elementor-type=\"wp-page\" data-elementor-id=\"176\" class=\"elementor elementor-176\" data-elementor-post-type=\"page\">\n\t\t\t\t\t\t<section class=\"elementor-section elementor-top-section elementor-element elementor-element-21e9641 elementor-section-height-min-height elementor-section-boxed elementor-section-height-default elementor-section-items-middle\" data-id=\"21e9641\" data-element_type=\"section\" data-e-type=\"section\" data-settings=\"{&quot;background_background&quot;:&quot;classic&quot;}\">\n\t\t\t\t\t\t\t<div class=\"elementor-background-overlay\"><\/div>\n\t\t\t\t\t\t\t<div class=\"elementor-container elementor-column-gap-default\">\n\t\t\t\t\t<div class=\"elementor-column elementor-col-100 elementor-top-column elementor-element elementor-element-0af89c1\" data-id=\"0af89c1\" data-element_type=\"column\" data-e-type=\"column\">\n\t\t\t<div class=\"elementor-widget-wrap elementor-element-populated\">\n\t\t\t\t\t\t<div class=\"elementor-element elementor-element-8113353 elementor-widget elementor-widget-heading\" data-id=\"8113353\" data-element_type=\"widget\" data-e-type=\"widget\" data-widget_type=\"heading.default\">\n\t\t\t\t<div class=\"elementor-widget-container\">\n\t\t\t\t\t<h1 class=\"elementor-heading-title elementor-size-default\">V\u00e4lit\u00f6n Momentumin rekister\u00f6inti<\/h1>\t\t\t\t<\/div>\n\t\t\t\t<\/div>\n\t\t\t\t<div class=\"elementor-element elementor-element-47a4578 elementor-widget__width-initial elementor-widget-mobile__width-initial elementor-widget elementor-widget-text-editor\" data-id=\"47a4578\" data-element_type=\"widget\" data-e-type=\"widget\" data-widget_type=\"text-editor.default\">\n\t\t\t\t<div class=\"elementor-widget-container\">\n\t\t\t\t\t\t\t\t\t<p>Kaupank\u00e4yntimatkasi aloittaminen Immediate Momentumin avulla on suoraviivainen prosessi. Opi rekister\u00f6itym\u00e4\u00e4n Immediate Momentumiin. T\u00e4ss\u00e4 on vaiheittainen opas aloittamiseen:<\/p>\t\t\t\t\t\t\t\t<\/div>\n\t\t\t\t<\/div>\n\t\t\t\t\t<\/div>\n\t\t<\/div>\n\t\t\t\t\t<\/div>\n\t\t<\/section>\n\t\t<div class=\"elementor-element elementor-element-6e4d21b e-flex e-con-boxed e-con e-parent\" data-id=\"6e4d21b\" data-element_type=\"container\" data-e-type=\"container\" data-settings=\"{&quot;background_background&quot;:&quot;classic&quot;}\">\n\t\t\t\t\t<div class=\"e-con-inner\">\n\t\t\t\t<div class=\"elementor-element elementor-element-4531294 elementor-widget elementor-widget-heading\" data-id=\"4531294\" data-element_type=\"widget\" data-e-type=\"widget\" data-widget_type=\"heading.default\">\n\t\t\t\t<div class=\"elementor-widget-container\">\n\t\t\t\t\t<h2 class=\"elementor-heading-title elementor-size-default\">Kuinka rekister\u00f6ity\u00e4 Immediate Momentumiin:<\/h2>\t\t\t\t<\/div>\n\t\t\t\t<\/div>\n\t\t\t\t<div class=\"elementor-element elementor-element-d51bdf0 elementor-widget elementor-widget-heading\" data-id=\"d51bdf0\" data-element_type=\"widget\" data-e-type=\"widget\" data-widget_type=\"heading.default\">\n\t\t\t\t<div class=\"elementor-widget-container\">\n\t\t\t\t\t<h2 class=\"elementor-heading-title elementor-size-default\">1. T\u00e4yt\u00e4 rekister\u00f6intilomake:<\/h2>\t\t\t\t<\/div>\n\t\t\t\t<\/div>\n\t\t\t\t<div class=\"elementor-element elementor-element-33d4afe elementor-widget elementor-widget-text-editor\" data-id=\"33d4afe\" data-element_type=\"widget\" data-e-type=\"widget\" data-widget_type=\"text-editor.default\">\n\t\t\t\t<div class=\"elementor-widget-container\">\n\t\t\t\t\t\t\t\t\t<p>Ensimm\u00e4inen ja t\u00e4rkein askel rekister\u00f6ity\u00e4ksesi kryptokaupank\u00e4yntialustallemme on vierailla verkkosivustollamme <a href=\"https:\/\/theimmediatemomentum.net\/fi\/\">theimmediatemomentum.net<\/a>\u00a0ja siirry kohtaan \"<a href=\"https:\/\/theimmediatemomentum.net\/fi\/#regform\">Ilmoittautumislomake<\/a>\". T\u00e4\u00e4ll\u00e4 sinua pyydet\u00e4\u00e4n antamaan olennaiset tietosi. T\u00e4m\u00e4 on sis\u00e4\u00e4nk\u00e4yntisi kryptovaluuttakaupan j\u00e4nnitt\u00e4v\u00e4\u00e4n maailmaan.<\/p>\t\t\t\t\t\t\t\t<\/div>\n\t\t\t\t<\/div>\n\t\t\t\t<div class=\"elementor-element elementor-element-86ab922 elementor-widget elementor-widget-heading\" data-id=\"86ab922\" data-element_type=\"widget\" data-e-type=\"widget\" data-widget_type=\"heading.default\">\n\t\t\t\t<div class=\"elementor-widget-container\">\n\t\t\t\t\t<h2 class=\"elementor-heading-title elementor-size-default\">2. K\u00e4rsiv\u00e4llisyys on avain:<\/h2>\t\t\t\t<\/div>\n\t\t\t\t<\/div>\n\t\t\t\t<div class=\"elementor-element elementor-element-ffdaf09 elementor-widget elementor-widget-text-editor\" data-id=\"ffdaf09\" data-element_type=\"widget\" data-e-type=\"widget\" data-widget_type=\"text-editor.default\">\n\t\t\t\t<div class=\"elementor-widget-container\">\n\t\t\t\t\t\t\t\t\t<p>Kryptokaupan dynaamisessa maailmassa k\u00e4rsiv\u00e4llisyys ei ole vain hyve, vaan my\u00f6s v\u00e4ltt\u00e4m\u00e4tt\u00f6myys. Suuren kysynn\u00e4n ja satunnaisten palvelinkuormitusten vuoksi rekister\u00f6innin k\u00e4sittelyss\u00e4 voi esiinty\u00e4 pieni\u00e4 viiveit\u00e4. Arvostamme k\u00e4rsiv\u00e4llisyytt\u00e4si t\u00e4n\u00e4 aikana, ja voit olla varma, ett\u00e4 teemme ahkerasti t\u00f6it\u00e4 saadaksemme sinut alkuun alustallamme.<\/p>\t\t\t\t\t\t\t\t<\/div>\n\t\t\t\t<\/div>\n\t\t\t\t<div class=\"elementor-element elementor-element-2956d2c elementor-widget elementor-widget-heading\" data-id=\"2956d2c\" data-element_type=\"widget\" data-e-type=\"widget\" data-widget_type=\"heading.default\">\n\t\t\t\t<div class=\"elementor-widget-container\">\n\t\t\t\t\t<h2 class=\"elementor-heading-title elementor-size-default\">3. Tarkista s\u00e4hk\u00f6postisi:<\/h2>\t\t\t\t<\/div>\n\t\t\t\t<\/div>\n\t\t\t\t<div class=\"elementor-element elementor-element-6f46fb7 elementor-widget elementor-widget-text-editor\" data-id=\"6f46fb7\" data-element_type=\"widget\" data-e-type=\"widget\" data-widget_type=\"text-editor.default\">\n\t\t\t\t<div class=\"elementor-widget-container\">\n\t\t\t\t\t\t\t\t\t<p>Kun olet rekister\u00f6itynyt onnistuneesti, siirry s\u00e4hk\u00f6postiisi. Etsi s\u00e4hk\u00f6posti, joka sis\u00e4lt\u00e4\u00e4 kirjautumistietosi \u201dv\u00e4lit\u00f6nt\u00e4 vauhtia\u201d varten. N\u00e4m\u00e4 kirjautumistiedot ovat ratkaisevan t\u00e4rkeit\u00e4 tilillesi p\u00e4\u00e4syss\u00e4 ja kryptoomaisuuksien hallinnassa.<\/p>\t\t\t\t\t\t\t\t<\/div>\n\t\t\t\t<\/div>\n\t\t\t\t<div class=\"elementor-element elementor-element-f9f4ed3 elementor-widget elementor-widget-heading\" data-id=\"f9f4ed3\" data-element_type=\"widget\" data-e-type=\"widget\" data-widget_type=\"heading.default\">\n\t\t\t\t<div class=\"elementor-widget-container\">\n\t\t\t\t\t<h2 class=\"elementor-heading-title elementor-size-default\">4. P\u00e4\u00e4sy asiakasalueelle:<\/h2>\t\t\t\t<\/div>\n\t\t\t\t<\/div>\n\t\t\t\t<div class=\"elementor-element elementor-element-d4ae3ee elementor-widget elementor-widget-text-editor\" data-id=\"d4ae3ee\" data-element_type=\"widget\" data-e-type=\"widget\" data-widget_type=\"text-editor.default\">\n\t\t\t\t<div class=\"elementor-widget-container\">\n\t\t\t\t\t\t\t\t\t<p>Kirjaudu asiakasalueelle toimitetuilla tunnuksilla. T\u00e4m\u00e4 on kojelautasi, jossa voit hallita ja seurata kaupank\u00e4yntitoimiasi.<\/p>\t\t\t\t\t\t\t\t<\/div>\n\t\t\t\t<\/div>\n\t\t\t\t<div class=\"elementor-element elementor-element-2f12338 elementor-widget elementor-widget-heading\" data-id=\"2f12338\" data-element_type=\"widget\" data-e-type=\"widget\" data-widget_type=\"heading.default\">\n\t\t\t\t<div class=\"elementor-widget-container\">\n\t\t\t\t\t<h2 class=\"elementor-heading-title elementor-size-default\">5. Ensimm\u00e4inen talletus:<\/h2>\t\t\t\t<\/div>\n\t\t\t\t<\/div>\n\t\t\t\t<div class=\"elementor-element elementor-element-78b46b3 elementor-widget elementor-widget-text-editor\" data-id=\"78b46b3\" data-element_type=\"widget\" data-e-type=\"widget\" data-widget_type=\"text-editor.default\">\n\t\t\t\t<div class=\"elementor-widget-container\">\n\t\t\t\t\t\t\t\t\t<p>Kaupank\u00e4ynnin k\u00e4ynnist\u00e4miseksi Immediate Momentumilla vaaditaan v\u00e4hint\u00e4\u00e4n 180 euron talletus. Voit olla varma, ett\u00e4 t\u00e4m\u00e4 prosessi on turvallinen ja suoraviivainen. Voit suorittaa talletuksesi asiakasalueesi \u201dImmediate Momentum Deposit Details\u201d -osiossa. T\u00e4m\u00e4 alkusijoitus on lippusi verkkokaupan j\u00e4nnitt\u00e4v\u00e4\u00e4n maailmaan.<\/p>\t\t\t\t\t\t\t\t<\/div>\n\t\t\t\t<\/div>\n\t\t\t\t<div class=\"elementor-element elementor-element-7d279ce elementor-widget elementor-widget-heading\" data-id=\"7d279ce\" data-element_type=\"widget\" data-e-type=\"widget\" data-widget_type=\"heading.default\">\n\t\t\t\t<div class=\"elementor-widget-container\">\n\t\t\t\t\t<h2 class=\"elementor-heading-title elementor-size-default\">6. Ota yhteytt\u00e4 tilivastaavaan: <\/h2>\t\t\t\t<\/div>\n\t\t\t\t<\/div>\n\t\t\t\t<div class=\"elementor-element elementor-element-a8ef164 elementor-widget elementor-widget-text-editor\" data-id=\"a8ef164\" data-element_type=\"widget\" data-e-type=\"widget\" data-widget_type=\"text-editor.default\">\n\t\t\t\t<div class=\"elementor-widget-container\">\n\t\t\t\t\t\t\t\t\t<p>Vaikka verkkokauppa voi olla eritt\u00e4in tuottoisaa, se sis\u00e4lt\u00e4\u00e4 my\u00f6s riskins\u00e4. Me Immediate Momentumissa asetamme menestymisesi ja turvallisuutesi etusijalle. Siksi \"Immediate Momentum Account Manager\" ottaa yhteytt\u00e4 kaikkiin uusiin tileihin. Heid\u00e4n roolinsa on ratkaiseva \u2013 he opastavat sinua asennusprosessin l\u00e4pi, selitt\u00e4v\u00e4t niihin liittyv\u00e4t kaupank\u00e4yntiriskit ja varmistavat, ett\u00e4 olet perill\u00e4 ennen kuin teet mit\u00e4\u00e4n p\u00e4\u00e4t\u00f6ksi\u00e4. Voit vapaasti esitt\u00e4\u00e4 kysymyksi\u00e4 ja pyyt\u00e4\u00e4 ohjausta; tilivastaavamme ovat t\u00e4\u00e4ll\u00e4 tukemassa sinua kaikissa vaiheissa.<\/p>\t\t\t\t\t\t\t\t<\/div>\n\t\t\t\t<\/div>\n\t\t\t\t<div class=\"elementor-element elementor-element-5d8d9ff elementor-widget elementor-widget-heading\" data-id=\"5d8d9ff\" data-element_type=\"widget\" data-e-type=\"widget\" data-widget_type=\"heading.default\">\n\t\t\t\t<div class=\"elementor-widget-container\">\n\t\t\t\t\t<h2 class=\"elementor-heading-title elementor-size-default\">7. Kotiuttaminen ja kaupank\u00e4ynti:<\/h2>\t\t\t\t<\/div>\n\t\t\t\t<\/div>\n\t\t\t\t<div class=\"elementor-element elementor-element-1d7dac1 elementor-widget elementor-widget-text-editor\" data-id=\"1d7dac1\" data-element_type=\"widget\" data-e-type=\"widget\" data-widget_type=\"text-editor.default\">\n\t\t\t\t<div class=\"elementor-widget-container\">\n\t\t\t\t\t\t\t\t\t<p>Tilivastaava opastaa sinua my\u00f6s \"v\u00e4litt\u00f6m\u00e4n Momentum-nostoprosessin\" l\u00e4pi. Uskomme l\u00e4pin\u00e4kyvyyteen ja haluamme sinun olevan tyytyv\u00e4inen kaupank\u00e4yntip\u00e4\u00e4t\u00f6ksiisi. Kun olet itsevarma ja valmis, voit aloittaa kaupank\u00e4ynnin. Alustamme tarjoaa laajan valikoiman kaupank\u00e4yntivaihtoehtoja ja ty\u00f6kaluja mieltymystesi mukaan.<\/p>\t\t\t\t\t\t\t\t<\/div>\n\t\t\t\t<\/div>\n\t\t\t\t<div class=\"elementor-element elementor-element-1551725 elementor-align-left elementor-widget elementor-widget-button\" data-id=\"1551725\" data-element_type=\"widget\" data-e-type=\"widget\" data-widget_type=\"button.default\">\n\t\t\t\t<div class=\"elementor-widget-container\">\n\t\t\t\t\t\t\t\t\t<div class=\"elementor-button-wrapper\">\n\t\t\t\t\t<a class=\"elementor-button elementor-button-link elementor-size-md\" href=\"https:\/\/theimmediatemomentum.net\/fi\/contact-us\/\">\n\t\t\t\t\t\t<span class=\"elementor-button-content-wrapper\">\n\t\t\t\t\t\t\t\t\t<span class=\"elementor-button-text\">Ota yhteytt\u00e4<\/span>\n\t\t\t\t\t<\/span>\n\t\t\t\t\t<\/a>\n\t\t\t\t<\/div>\n\t\t\t\t\t\t\t\t<\/div>\n\t\t\t\t<\/div>\n\t\t\t\t\t<\/div>\n\t\t\t\t<\/div>\n\t\t\t\t<\/div>","protected":false},"excerpt":{"rendered":"<p>Immediate Momentum Registration Embarking on your trading journey with Immediate Momentum is a straightforward process. Learn How to register with Immediate Momentum. Here\u2019s a step-by-step guide on how to get started: How to register with Immediate momentum: 1. Fill Out the Registration Form: The first and foremost step to register with our crypto trading platform [&hellip;]<\/p>\n","protected":false},"author":2,"featured_media":0,"parent":0,"menu_order":0,"comment_status":"closed","ping_status":"closed","template":"elementor_header_footer","meta":{"footnotes":""},"class_list":["post-176","page","type-page","status-publish","hentry"],"_links":{"self":[{"href":"https:\/\/theimmediatemomentum.net\/fi\/wp-json\/wp\/v2\/pages\/176","targetHints":{"allow":["GET"]}}],"collection":[{"href":"https:\/\/theimmediatemomentum.net\/fi\/wp-json\/wp\/v2\/pages"}],"about":[{"href":"https:\/\/theimmediatemomentum.net\/fi\/wp-json\/wp\/v2\/types\/page"}],"author":[{"embeddable":true,"href":"https:\/\/theimmediatemomentum.net\/fi\/wp-json\/wp\/v2\/users\/2"}],"replies":[{"embeddable":true,"href":"https:\/\/theimmediatemomentum.net\/fi\/wp-json\/wp\/v2\/comments?post=176"}],"version-history":[{"count":149,"href":"https:\/\/theimmediatemomentum.net\/fi\/wp-json\/wp\/v2\/pages\/176\/revisions"}],"predecessor-version":[{"id":5558,"href":"https:\/\/theimmediatemomentum.net\/fi\/wp-json\/wp\/v2\/pages\/176\/revisions\/5558"}],"wp:attachment":[{"href":"https:\/\/theimmediatemomentum.net\/fi\/wp-json\/wp\/v2\/media?parent=176"}],"curies":[{"name":"wp","href":"https:\/\/api.w.org\/{rel}","templated":true}]}}