{"id":2166,"date":"2023-10-16T08:44:08","date_gmt":"2023-10-16T08:44:08","guid":{"rendered":"https:\/\/theimmediatemomentum.net\/?page_id=2166"},"modified":"2024-12-26T12:57:17","modified_gmt":"2024-12-26T12:57:17","slug":"vastuuvapauslauseke","status":"publish","type":"page","link":"https:\/\/theimmediatemomentum.net\/fi\/disclaimer\/","title":{"rendered":"Vastuuvapauslauseke"},"content":{"rendered":"<div data-elementor-type=\"wp-page\" data-elementor-id=\"2166\" class=\"elementor elementor-2166\" data-elementor-post-type=\"page\">\n\t\t\t\t\t\t<section class=\"elementor-section elementor-top-section elementor-element elementor-element-e8ee634 elementor-section-boxed elementor-section-height-default elementor-section-height-default\" data-id=\"e8ee634\" data-element_type=\"section\" data-e-type=\"section\" data-settings=\"{&quot;background_background&quot;:&quot;classic&quot;}\">\n\t\t\t\t\t\t<div class=\"elementor-container elementor-column-gap-default\">\n\t\t\t\t\t<div class=\"elementor-column elementor-col-100 elementor-top-column elementor-element elementor-element-482f2a5\" data-id=\"482f2a5\" data-element_type=\"column\" data-e-type=\"column\">\n\t\t\t<div class=\"elementor-widget-wrap elementor-element-populated\">\n\t\t\t\t\t\t<div class=\"elementor-element elementor-element-e755c24 elementor-widget elementor-widget-spacer\" data-id=\"e755c24\" data-element_type=\"widget\" data-e-type=\"widget\" data-widget_type=\"spacer.default\">\n\t\t\t\t\t\t\t<div class=\"elementor-spacer\">\n\t\t\t<div class=\"elementor-spacer-inner\"><\/div>\n\t\t<\/div>\n\t\t\t\t\t\t<\/div>\n\t\t\t\t<div class=\"elementor-element elementor-element-99f40bd elementor-widget elementor-widget-heading\" data-id=\"99f40bd\" data-element_type=\"widget\" data-e-type=\"widget\" data-widget_type=\"heading.default\">\n\t\t\t\t\t<h1 class=\"elementor-heading-title elementor-size-default\">Vastuuvapauslauseke v\u00e4litt\u00f6m\u00e4st\u00e4 vauhdinkeskuksesta\n<\/h1>\t\t\t\t<\/div>\n\t\t\t\t<div class=\"elementor-element elementor-element-c5f0506 elementor-widget elementor-widget-text-editor\" data-id=\"c5f0506\" data-element_type=\"widget\" data-e-type=\"widget\" data-widget_type=\"text-editor.default\">\n\t\t\t\t\t\t\t\t\t<p>Kaikki tiedot t\u00e4ll\u00e4 sivustolla - <a href=\"https:\/\/theimmediatemomentum.net\/fi\/\">https:\/\/theimmediatemomentum.net\/<\/a> \u2013 julkaistaan \u200b\u200bhyv\u00e4ss\u00e4 uskossa ja vain yleiseen tiedoksi. Immediate Momentum Center ei anna mit\u00e4\u00e4n takuita n\u00e4iden tietojen t\u00e4ydellisyydest\u00e4, luotettavuudesta ja tarkkuudesta. Kaikki toimet, jotka ryhdyt t\u00e4lt\u00e4 verkkosivustolta l\u00f6yt\u00e4m\u00e4\u00e4si tietoon (v\u00e4lit\u00f6n vauhtikeskus), ovat t\u00e4ysin omalla vastuullasi. V\u00e4lit\u00f6n momentum center ei ole vastuussa mist\u00e4\u00e4n menetyksist\u00e4 ja\/tai vahingoista, jotka liittyv\u00e4t verkkosivustomme k\u00e4ytt\u00f6\u00f6n.<br \/>Verkkosivustoltamme voit vierailla muilla verkkosivustoilla seuraamalla hyperlinkkej\u00e4 t\u00e4llaisille ulkoisille sivustoille. Vaikka pyrimme tarjoamaan vain laadukkaita linkkej\u00e4 hy\u00f6dyllisille ja eettisille verkkosivustoille, emme voi vaikuttaa n\u00e4iden sivustojen sis\u00e4lt\u00f6\u00f6n ja luonteeseen. N\u00e4m\u00e4 linkit muille verkkosivustoille eiv\u00e4t tarkoita suositusta kaikkeen n\u00e4ilt\u00e4 sivustoilta l\u00f6ytyv\u00e4lle sis\u00e4ll\u00f6lle. Sivuston omistajat ja sis\u00e4lt\u00f6 voivat muuttua ilman erillist\u00e4 ilmoitusta, ja se voi tapahtua ennen kuin meill\u00e4 on mahdollisuus poistaa linkki, joka on voinut menn\u00e4 \"huonoksi\".<br \/>Huomaa my\u00f6s, ett\u00e4 kun poistut verkkosivustoltamme, muilla sivustoilla voi olla erilaisia \u200b\u200btietosuojak\u00e4yt\u00e4nt\u00f6j\u00e4 ja ehtoja, jotka eiv\u00e4t ole meid\u00e4n hallinnassamme. Muista tarkistaa n\u00e4iden sivustojen tietosuojak\u00e4yt\u00e4nn\u00f6t sek\u00e4 niiden \"k\u00e4ytt\u00f6ehdot\" ennen kuin alat harjoittaa liiketoimintaa tai lataat mit\u00e4\u00e4n tietoja.<\/p>\t\t\t\t\t\t\t\t<\/div>\n\t\t\t\t<div class=\"elementor-element elementor-element-bd36b30 elementor-widget elementor-widget-text-editor\" data-id=\"bd36b30\" data-element_type=\"widget\" data-e-type=\"widget\" data-widget_type=\"text-editor.default\">\n\t\t\t\t\t\t\t\t\t<p><b>Suostumus:<\/b><br \/><br \/>K\u00e4ytt\u00e4m\u00e4ll\u00e4 verkkosivustoamme hyv\u00e4ksyt vastuuvapauslausekkeemme ja sen ehdot.<br \/>P\u00e4ivitt\u00e4\u00e4<br \/>Jos p\u00e4ivit\u00e4mme tai teemme muutoksia t\u00e4h\u00e4n asiakirjaan, muutokset julkaistaan \u200b\u200bt\u00e4\u00e4ll\u00e4 n\u00e4kyv\u00e4sti.<br \/><br \/>Jos tarvitset lis\u00e4tietoja tai sinulla on kysytt\u00e4v\u00e4\u00e4 sivustomme vastuuvapauslausekkeesta, ota meihin yhteytt\u00e4.<\/p>\t\t\t\t\t\t\t\t<\/div>\n\t\t\t\t<div class=\"elementor-element elementor-element-4d1a5c9 elementor-widget elementor-widget-spacer\" data-id=\"4d1a5c9\" data-element_type=\"widget\" data-e-type=\"widget\" data-widget_type=\"spacer.default\">\n\t\t\t\t\t\t\t<div class=\"elementor-spacer\">\n\t\t\t<div class=\"elementor-spacer-inner\"><\/div>\n\t\t<\/div>\n\t\t\t\t\t\t<\/div>\n\t\t\t\t\t<\/div>\n\t\t<\/div>\n\t\t\t\t\t<\/div>\n\t\t<\/section>\n\t\t\t\t<\/div>","protected":false},"excerpt":{"rendered":"<p>Disclaimer for Immediate momentum center All the information on this website &#8211; https:\/\/theimmediatemomentum.net\/ &#8211; is published in good faith and for general information purpose only. Immediate momentum center does not make any warranties about the completeness, reliability and accuracy of this information. Any action you take upon the information you find on this website (Immediate [&hellip;]<\/p>\n","protected":false},"author":2,"featured_media":0,"parent":0,"menu_order":0,"comment_status":"closed","ping_status":"closed","template":"elementor_header_footer","meta":{"footnotes":""},"class_list":["post-2166","page","type-page","status-publish","hentry"],"_links":{"self":[{"href":"https:\/\/theimmediatemomentum.net\/fi\/wp-json\/wp\/v2\/pages\/2166","targetHints":{"allow":["GET"]}}],"collection":[{"href":"https:\/\/theimmediatemomentum.net\/fi\/wp-json\/wp\/v2\/pages"}],"about":[{"href":"https:\/\/theimmediatemomentum.net\/fi\/wp-json\/wp\/v2\/types\/page"}],"author":[{"embeddable":true,"href":"https:\/\/theimmediatemomentum.net\/fi\/wp-json\/wp\/v2\/users\/2"}],"replies":[{"embeddable":true,"href":"https:\/\/theimmediatemomentum.net\/fi\/wp-json\/wp\/v2\/comments?post=2166"}],"version-history":[{"count":31,"href":"https:\/\/theimmediatemomentum.net\/fi\/wp-json\/wp\/v2\/pages\/2166\/revisions"}],"predecessor-version":[{"id":5286,"href":"https:\/\/theimmediatemomentum.net\/fi\/wp-json\/wp\/v2\/pages\/2166\/revisions\/5286"}],"wp:attachment":[{"href":"https:\/\/theimmediatemomentum.net\/fi\/wp-json\/wp\/v2\/media?parent=2166"}],"curies":[{"name":"wp","href":"https:\/\/api.w.org\/{rel}","templated":true}]}}