{"id":176,"date":"2023-09-01T14:37:37","date_gmt":"2023-09-01T14:37:37","guid":{"rendered":"https:\/\/theimmediatemomentum.net\/?page_id=176"},"modified":"2025-10-10T10:28:06","modified_gmt":"2025-10-10T10:28:06","slug":"comment-s-inscrire-avec-une-impulsion-immediate","status":"publish","type":"page","link":"https:\/\/theimmediatemomentum.net\/fr\/how-to-register-with-immediate-momentum\/","title":{"rendered":"Comment s'inscrire"},"content":{"rendered":"<div data-elementor-type=\"wp-page\" data-elementor-id=\"176\" class=\"elementor elementor-176\" data-elementor-post-type=\"page\">\n\t\t\t\t\t\t<section class=\"elementor-section elementor-top-section elementor-element elementor-element-21e9641 elementor-section-height-min-height elementor-section-boxed elementor-section-height-default elementor-section-items-middle\" data-id=\"21e9641\" data-element_type=\"section\" data-e-type=\"section\" data-settings=\"{&quot;background_background&quot;:&quot;classic&quot;}\">\n\t\t\t\t\t\t\t<div class=\"elementor-background-overlay\"><\/div>\n\t\t\t\t\t\t\t<div class=\"elementor-container elementor-column-gap-default\">\n\t\t\t\t\t<div class=\"elementor-column elementor-col-100 elementor-top-column elementor-element elementor-element-0af89c1\" data-id=\"0af89c1\" data-element_type=\"column\" data-e-type=\"column\">\n\t\t\t<div class=\"elementor-widget-wrap elementor-element-populated\">\n\t\t\t\t\t\t<div class=\"elementor-element elementor-element-8113353 elementor-widget elementor-widget-heading\" data-id=\"8113353\" data-element_type=\"widget\" data-e-type=\"widget\" data-widget_type=\"heading.default\">\n\t\t\t\t\t<h1 class=\"elementor-heading-title elementor-size-default\">Enregistrement imm\u00e9diat de l'\u00e9lan<\/h1>\t\t\t\t<\/div>\n\t\t\t\t<div class=\"elementor-element elementor-element-47a4578 elementor-widget__width-initial elementor-widget-mobile__width-initial elementor-widget elementor-widget-text-editor\" data-id=\"47a4578\" data-element_type=\"widget\" data-e-type=\"widget\" data-widget_type=\"text-editor.default\">\n\t\t\t\t\t\t\t\t\t<p>Se lancer dans le trading avec Immediate Momentum est un processus simple. D\u00e9couvrez comment vous inscrire sur Immediate Momentum. Voici un guide \u00e9tape par \u00e9tape pour vous aider \u00e0 d\u00e9marrer\u00a0:<\/p>\t\t\t\t\t\t\t\t<\/div>\n\t\t\t\t\t<\/div>\n\t\t<\/div>\n\t\t\t\t\t<\/div>\n\t\t<\/section>\n\t\t<div class=\"elementor-element elementor-element-6e4d21b e-flex e-con-boxed e-con e-parent\" data-id=\"6e4d21b\" data-element_type=\"container\" data-e-type=\"container\" data-settings=\"{&quot;background_background&quot;:&quot;classic&quot;}\">\n\t\t\t\t\t<div class=\"e-con-inner\">\n\t\t\t\t<div class=\"elementor-element elementor-element-4531294 elementor-widget elementor-widget-heading\" data-id=\"4531294\" data-element_type=\"widget\" data-e-type=\"widget\" data-widget_type=\"heading.default\">\n\t\t\t\t\t<h2 class=\"elementor-heading-title elementor-size-default\">Comment s'inscrire \u00e0 Immediate Momentum :<\/h2>\t\t\t\t<\/div>\n\t\t\t\t<div class=\"elementor-element elementor-element-d51bdf0 elementor-widget elementor-widget-heading\" data-id=\"d51bdf0\" data-element_type=\"widget\" data-e-type=\"widget\" data-widget_type=\"heading.default\">\n\t\t\t\t\t<h2 class=\"elementor-heading-title elementor-size-default\">1. Remplissez le formulaire d'inscription :<\/h2>\t\t\t\t<\/div>\n\t\t\t\t<div class=\"elementor-element elementor-element-33d4afe elementor-widget elementor-widget-text-editor\" data-id=\"33d4afe\" data-element_type=\"widget\" data-e-type=\"widget\" data-widget_type=\"text-editor.default\">\n\t\t\t\t\t\t\t\t\t<p>La premi\u00e8re et principale \u00e9tape pour vous inscrire sur notre plateforme de trading crypto est de visiter notre site Web <a href=\"https:\/\/theimmediatemomentum.net\/fr\/\">theimmediatemomentum.net<\/a>\u00a0et acc\u00e9dez au \u00ab<a href=\"https:\/\/theimmediatemomentum.net\/fr\/#regform\">Formulaire d'inscription<\/a>\" . Ici, vous serez invit\u00e9 \u00e0 fournir vos informations essentielles. C'est votre point d'entr\u00e9e dans le monde passionnant du trading de crypto-monnaies.<\/p>\t\t\t\t\t\t\t\t<\/div>\n\t\t\t\t<div class=\"elementor-element elementor-element-86ab922 elementor-widget elementor-widget-heading\" data-id=\"86ab922\" data-element_type=\"widget\" data-e-type=\"widget\" data-widget_type=\"heading.default\">\n\t\t\t\t\t<h2 class=\"elementor-heading-title elementor-size-default\">2. La patience est la cl\u00e9 :<\/h2>\t\t\t\t<\/div>\n\t\t\t\t<div class=\"elementor-element elementor-element-ffdaf09 elementor-widget elementor-widget-text-editor\" data-id=\"ffdaf09\" data-element_type=\"widget\" data-e-type=\"widget\" data-widget_type=\"text-editor.default\">\n\t\t\t\t\t\t\t\t\t<p>Dans le monde dynamique du trading de crypto-monnaies, la patience n'est pas seulement une vertu, mais aussi une n\u00e9cessit\u00e9. En raison de la forte demande et des charges occasionnelles du serveur, il peut y avoir un l\u00e9ger retard dans le traitement de votre inscription. Votre patience pendant cette p\u00e9riode est grandement appr\u00e9ci\u00e9e, et soyez assur\u00e9 que nous travaillons avec diligence pour vous aider \u00e0 d\u00e9marrer sur notre plateforme.<\/p>\t\t\t\t\t\t\t\t<\/div>\n\t\t\t\t<div class=\"elementor-element elementor-element-2956d2c elementor-widget elementor-widget-heading\" data-id=\"2956d2c\" data-element_type=\"widget\" data-e-type=\"widget\" data-widget_type=\"heading.default\">\n\t\t\t\t\t<h2 class=\"elementor-heading-title elementor-size-default\">3. V\u00e9rifiez votre courrier \u00e9lectronique\u00a0:<\/h2>\t\t\t\t<\/div>\n\t\t\t\t<div class=\"elementor-element elementor-element-6f46fb7 elementor-widget elementor-widget-text-editor\" data-id=\"6f46fb7\" data-element_type=\"widget\" data-e-type=\"widget\" data-widget_type=\"text-editor.default\">\n\t\t\t\t\t\t\t\t\t<p>Une fois votre inscription effectu\u00e9e, acc\u00e9dez \u00e0 votre bo\u00eete de r\u00e9ception. Recherchez un e-mail contenant vos informations de connexion pour le \u00ab Momentum imm\u00e9diat \u00bb. Ces informations d'identification sont essentielles pour acc\u00e9der \u00e0 votre compte et g\u00e9rer vos actifs cryptographiques.<\/p>\t\t\t\t\t\t\t\t<\/div>\n\t\t\t\t<div class=\"elementor-element elementor-element-f9f4ed3 elementor-widget elementor-widget-heading\" data-id=\"f9f4ed3\" data-element_type=\"widget\" data-e-type=\"widget\" data-widget_type=\"heading.default\">\n\t\t\t\t\t<h2 class=\"elementor-heading-title elementor-size-default\">4. Acc\u00e9der \u00e0 l'Espace Client :<\/h2>\t\t\t\t<\/div>\n\t\t\t\t<div class=\"elementor-element elementor-element-d4ae3ee elementor-widget elementor-widget-text-editor\" data-id=\"d4ae3ee\" data-element_type=\"widget\" data-e-type=\"widget\" data-widget_type=\"text-editor.default\">\n\t\t\t\t\t\t\t\t\t<p>\u00c0 l'aide des identifiants fournis, connectez-vous \u00e0 l'espace client. Il s'agit de votre tableau de bord, o\u00f9 vous pouvez g\u00e9rer et surveiller vos activit\u00e9s de trading.<\/p>\t\t\t\t\t\t\t\t<\/div>\n\t\t\t\t<div class=\"elementor-element elementor-element-2f12338 elementor-widget elementor-widget-heading\" data-id=\"2f12338\" data-element_type=\"widget\" data-e-type=\"widget\" data-widget_type=\"heading.default\">\n\t\t\t\t\t<h2 class=\"elementor-heading-title elementor-size-default\">5. D\u00e9p\u00f4t initial :<\/h2>\t\t\t\t<\/div>\n\t\t\t\t<div class=\"elementor-element elementor-element-78b46b3 elementor-widget elementor-widget-text-editor\" data-id=\"78b46b3\" data-element_type=\"widget\" data-e-type=\"widget\" data-widget_type=\"text-editor.default\">\n\t\t\t\t\t\t\t\t\t<p>Pour d\u00e9marrer votre parcours de trading avec Immediate Momentum, un d\u00e9p\u00f4t minimum de 180 EUR est requis. Soyez assur\u00e9 que ce processus est s\u00e9curis\u00e9 et simple. Vous pouvez effectuer votre d\u00e9p\u00f4t via la section \u00ab D\u00e9tails du d\u00e9p\u00f4t Immediate Momentum \u00bb dans votre espace client. Cet investissement initial est votre ticket d'entr\u00e9e dans le monde passionnant du trading en ligne.<\/p>\t\t\t\t\t\t\t\t<\/div>\n\t\t\t\t<div class=\"elementor-element elementor-element-7d279ce elementor-widget elementor-widget-heading\" data-id=\"7d279ce\" data-element_type=\"widget\" data-e-type=\"widget\" data-widget_type=\"heading.default\">\n\t\t\t\t\t<h2 class=\"elementor-heading-title elementor-size-default\">6. Contactez un gestionnaire de compte\u00a0: <\/h2>\t\t\t\t<\/div>\n\t\t\t\t<div class=\"elementor-element elementor-element-a8ef164 elementor-widget elementor-widget-text-editor\" data-id=\"a8ef164\" data-element_type=\"widget\" data-e-type=\"widget\" data-widget_type=\"text-editor.default\">\n\t\t\t\t\t\t\t\t\t<p>Bien que le trading en ligne puisse \u00eatre tr\u00e8s lucratif, il comporte \u00e9galement son lot de risques. Chez Immediate Momentum, nous accordons la priorit\u00e9 \u00e0 votre r\u00e9ussite et \u00e0 votre s\u00e9curit\u00e9. Par cons\u00e9quent, tous les nouveaux comptes seront contact\u00e9s par un \u00ab gestionnaire de compte Immediate Momentum \u00bb. Son r\u00f4le est crucial : il vous guidera tout au long du processus de configuration, vous expliquera les risques de trading associ\u00e9s et s'assurera que vous \u00eates bien inform\u00e9 avant de prendre une d\u00e9cision. N'h\u00e9sitez pas \u00e0 poser des questions et \u00e0 demander conseil ; nos gestionnaires de compte sont l\u00e0 pour vous accompagner \u00e0 chaque \u00e9tape du processus.<\/p>\t\t\t\t\t\t\t\t<\/div>\n\t\t\t\t<div class=\"elementor-element elementor-element-5d8d9ff elementor-widget elementor-widget-heading\" data-id=\"5d8d9ff\" data-element_type=\"widget\" data-e-type=\"widget\" data-widget_type=\"heading.default\">\n\t\t\t\t\t<h2 class=\"elementor-heading-title elementor-size-default\">7. Retrait et trading :<\/h2>\t\t\t\t<\/div>\n\t\t\t\t<div class=\"elementor-element elementor-element-1d7dac1 elementor-widget elementor-widget-text-editor\" data-id=\"1d7dac1\" data-element_type=\"widget\" data-e-type=\"widget\" data-widget_type=\"text-editor.default\">\n\t\t\t\t\t\t\t\t\t<p>Votre gestionnaire de compte vous guidera \u00e9galement tout au long du \u00ab processus de retrait imm\u00e9diat de Momentum \u00bb. Nous croyons en la transparence et souhaitons que vous soyez \u00e0 l'aise avec vos d\u00e9cisions de trading. Une fois que vous \u00eates confiant et pr\u00eat, vous pouvez commencer vos activit\u00e9s de trading. Notre plateforme offre une large gamme d'options et d'outils de trading adapt\u00e9s \u00e0 vos pr\u00e9f\u00e9rences.<\/p>\t\t\t\t\t\t\t\t<\/div>\n\t\t\t\t<div class=\"elementor-element elementor-element-1551725 elementor-align-left elementor-widget elementor-widget-button\" data-id=\"1551725\" data-element_type=\"widget\" data-e-type=\"widget\" data-widget_type=\"button.default\">\n\t\t\t\t\t\t\t\t\t\t<a class=\"elementor-button elementor-button-link elementor-size-md\" href=\"https:\/\/theimmediatemomentum.net\/fr\/contact-us\/\">\n\t\t\t\t\t\t<span class=\"elementor-button-content-wrapper\">\n\t\t\t\t\t\t\t\t\t<span class=\"elementor-button-text\">Contactez-nous<\/span>\n\t\t\t\t\t<\/span>\n\t\t\t\t\t<\/a>\n\t\t\t\t\t\t\t\t<\/div>\n\t\t\t\t\t<\/div>\n\t\t\t\t<\/div>\n\t\t\t\t<\/div>","protected":false},"excerpt":{"rendered":"<p>Immediate Momentum Registration Embarking on your trading journey with Immediate Momentum is a straightforward process. Learn How to register with Immediate Momentum. Here\u2019s a step-by-step guide on how to get started: How to register with Immediate momentum: 1. Fill Out the Registration Form: The first and foremost step to register with our crypto trading platform [&hellip;]<\/p>\n","protected":false},"author":2,"featured_media":0,"parent":0,"menu_order":0,"comment_status":"closed","ping_status":"closed","template":"elementor_header_footer","meta":{"footnotes":""},"class_list":["post-176","page","type-page","status-publish","hentry"],"_links":{"self":[{"href":"https:\/\/theimmediatemomentum.net\/fr\/wp-json\/wp\/v2\/pages\/176","targetHints":{"allow":["GET"]}}],"collection":[{"href":"https:\/\/theimmediatemomentum.net\/fr\/wp-json\/wp\/v2\/pages"}],"about":[{"href":"https:\/\/theimmediatemomentum.net\/fr\/wp-json\/wp\/v2\/types\/page"}],"author":[{"embeddable":true,"href":"https:\/\/theimmediatemomentum.net\/fr\/wp-json\/wp\/v2\/users\/2"}],"replies":[{"embeddable":true,"href":"https:\/\/theimmediatemomentum.net\/fr\/wp-json\/wp\/v2\/comments?post=176"}],"version-history":[{"count":149,"href":"https:\/\/theimmediatemomentum.net\/fr\/wp-json\/wp\/v2\/pages\/176\/revisions"}],"predecessor-version":[{"id":5558,"href":"https:\/\/theimmediatemomentum.net\/fr\/wp-json\/wp\/v2\/pages\/176\/revisions\/5558"}],"wp:attachment":[{"href":"https:\/\/theimmediatemomentum.net\/fr\/wp-json\/wp\/v2\/media?parent=176"}],"curies":[{"name":"wp","href":"https:\/\/api.w.org\/{rel}","templated":true}]}}