{"id":190,"date":"2023-09-01T14:51:28","date_gmt":"2023-09-01T14:51:28","guid":{"rendered":"https:\/\/theimmediatemomentum.net\/?page_id=190"},"modified":"2025-05-20T08:02:43","modified_gmt":"2025-05-20T08:02:43","slug":"application-momentum-immediat","status":"publish","type":"page","link":"https:\/\/theimmediatemomentum.net\/fr\/immediate-momentum-app\/","title":{"rendered":"Application Momentum Imm\u00e9diat"},"content":{"rendered":"<div data-elementor-type=\"wp-page\" data-elementor-id=\"190\" class=\"elementor elementor-190\" data-elementor-post-type=\"page\">\n\t\t\t\t\t\t<section class=\"elementor-section elementor-top-section elementor-element elementor-element-3bd0271 elementor-section-height-min-height elementor-section-boxed elementor-section-height-default elementor-section-items-middle\" data-id=\"3bd0271\" data-element_type=\"section\" data-e-type=\"section\" data-settings=\"{&quot;background_background&quot;:&quot;classic&quot;}\">\n\t\t\t\t\t\t\t<div class=\"elementor-background-overlay\"><\/div>\n\t\t\t\t\t\t\t<div class=\"elementor-container elementor-column-gap-default\">\n\t\t\t\t\t<div class=\"elementor-column elementor-col-100 elementor-top-column elementor-element elementor-element-9573daa\" data-id=\"9573daa\" data-element_type=\"column\" data-e-type=\"column\">\n\t\t\t<div class=\"elementor-widget-wrap elementor-element-populated\">\n\t\t\t\t\t\t<div class=\"elementor-element elementor-element-01cd3d1 elementor-widget elementor-widget-heading\" data-id=\"01cd3d1\" data-element_type=\"widget\" data-e-type=\"widget\" data-widget_type=\"heading.default\">\n\t\t\t\t\t<h1 class=\"elementor-heading-title elementor-size-default\">Application de trading de crypto-monnaies Immediate Momentum<\/h1>\t\t\t\t<\/div>\n\t\t\t\t<div class=\"elementor-element elementor-element-ffa35b5 elementor-widget elementor-widget-heading\" data-id=\"ffa35b5\" data-element_type=\"widget\" data-e-type=\"widget\" data-widget_type=\"heading.default\">\n\t\t\t\t\t<h2 class=\"elementor-heading-title elementor-size-default\">L'avenir du trading automatique<\/h2>\t\t\t\t<\/div>\n\t\t\t\t<div class=\"elementor-element elementor-element-6d7ef7b2 elementor-widget__width-initial elementor-widget-tablet__width-initial elementor-widget elementor-widget-text-editor\" data-id=\"6d7ef7b2\" data-element_type=\"widget\" data-e-type=\"widget\" data-widget_type=\"text-editor.default\">\n\t\t\t\t\t\t\t\t\t<p>Bienvenue sur l'application Immediate Momentum, votre passerelle vers le monde passionnant de <a href=\"https:\/\/theimmediatemomentum.net\/fr\/\">trading de crypto et de bitcoin<\/a>! Notre plateforme est m\u00e9ticuleusement con\u00e7ue pour r\u00e9pondre aux besoins des traders novices et chevronn\u00e9s, offrant une pl\u00e9thore d'outils de trading avanc\u00e9s, des donn\u00e9es de march\u00e9 en temps r\u00e9el et des conseils d'experts pour vous aider \u00e0 naviguer en toute confiance sur le march\u00e9 volatil des crypto-monnaies.<\/p>\t\t\t\t\t\t\t\t<\/div>\n\t\t\t\t\t<\/div>\n\t\t<\/div>\n\t\t\t\t\t<\/div>\n\t\t<\/section>\n\t\t\t\t<section class=\"elementor-section elementor-top-section elementor-element elementor-element-3f5d4324 elementor-section-boxed elementor-section-height-default elementor-section-height-default\" data-id=\"3f5d4324\" data-element_type=\"section\" data-e-type=\"section\" data-settings=\"{&quot;background_background&quot;:&quot;classic&quot;}\">\n\t\t\t\t\t\t<div class=\"elementor-container elementor-column-gap-default\">\n\t\t\t\t\t<div class=\"elementor-column elementor-col-100 elementor-top-column elementor-element elementor-element-deb530\" data-id=\"deb530\" data-element_type=\"column\" data-e-type=\"column\">\n\t\t\t<div class=\"elementor-widget-wrap elementor-element-populated\">\n\t\t\t\t\t\t<section class=\"elementor-section elementor-inner-section elementor-element elementor-element-43835ba2 elementor-section-boxed elementor-section-height-default elementor-section-height-default\" data-id=\"43835ba2\" data-element_type=\"section\" data-e-type=\"section\">\n\t\t\t\t\t\t<div class=\"elementor-container elementor-column-gap-default\">\n\t\t\t\t\t<div class=\"elementor-column elementor-col-100 elementor-inner-column elementor-element elementor-element-26ed769e\" data-id=\"26ed769e\" data-element_type=\"column\" data-e-type=\"column\">\n\t\t\t<div class=\"elementor-widget-wrap elementor-element-populated\">\n\t\t\t\t\t\t<div class=\"elementor-element elementor-element-43934216 elementor-widget elementor-widget-heading\" data-id=\"43934216\" data-element_type=\"widget\" data-e-type=\"widget\" data-widget_type=\"heading.default\">\n\t\t\t\t\t<h2 class=\"elementor-heading-title elementor-size-default\">Interface conviviale :<\/h2>\t\t\t\t<\/div>\n\t\t\t\t<div class=\"elementor-element elementor-element-1291bf0c elementor-widget elementor-widget-text-editor\" data-id=\"1291bf0c\" data-element_type=\"widget\" data-e-type=\"widget\" data-widget_type=\"text-editor.default\">\n\t\t\t\t\t\t\t\t\t<p>B\u00e9n\u00e9ficiez d'une navigation et d'une accessibilit\u00e9 faciles gr\u00e2ce \u00e0 notre interface conviviale, con\u00e7ue pour les traders qui s'aventurent sur les march\u00e9s de la cryptographie et du bitcoin avec l'application de trading de cryptographie Immediate Momentum.<\/p>\t\t\t\t\t\t\t\t<\/div>\n\t\t\t\t\t<\/div>\n\t\t<\/div>\n\t\t\t\t\t<\/div>\n\t\t<\/section>\n\t\t\t\t<section class=\"elementor-section elementor-inner-section elementor-element elementor-element-2f1dbd0e elementor-section-boxed elementor-section-height-default elementor-section-height-default\" data-id=\"2f1dbd0e\" data-element_type=\"section\" data-e-type=\"section\">\n\t\t\t\t\t\t<div class=\"elementor-container elementor-column-gap-default\">\n\t\t\t\t\t<div class=\"elementor-column elementor-col-100 elementor-inner-column elementor-element elementor-element-493a81e8\" data-id=\"493a81e8\" data-element_type=\"column\" data-e-type=\"column\">\n\t\t\t<div class=\"elementor-widget-wrap elementor-element-populated\">\n\t\t\t\t\t\t<div class=\"elementor-element elementor-element-3406df35 elementor-widget elementor-widget-heading\" data-id=\"3406df35\" data-element_type=\"widget\" data-e-type=\"widget\" data-widget_type=\"heading.default\">\n\t\t\t\t\t<h2 class=\"elementor-heading-title elementor-size-default\">Outils avanc\u00e9s de trading de crypto-monnaies\u00a0:<\/h2>\t\t\t\t<\/div>\n\t\t\t\t<div class=\"elementor-element elementor-element-7f702f30 elementor-widget elementor-widget-text-editor\" data-id=\"7f702f30\" data-element_type=\"widget\" data-e-type=\"widget\" data-widget_type=\"text-editor.default\">\n\t\t\t\t\t\t\t\t\t<p>Tirez parti de nos outils de trading, graphiques et tableaux de pointe pour comprendre de mani\u00e8re globale la dynamique du march\u00e9 des crypto-monnaies et prendre des d\u00e9cisions de trading \u00e9clair\u00e9es.<\/p>\t\t\t\t\t\t\t\t<\/div>\n\t\t\t\t\t<\/div>\n\t\t<\/div>\n\t\t\t\t\t<\/div>\n\t\t<\/section>\n\t\t\t\t<section class=\"elementor-section elementor-inner-section elementor-element elementor-element-1b324386 elementor-section-boxed elementor-section-height-default elementor-section-height-default\" data-id=\"1b324386\" data-element_type=\"section\" data-e-type=\"section\">\n\t\t\t\t\t\t<div class=\"elementor-container elementor-column-gap-default\">\n\t\t\t\t\t<div class=\"elementor-column elementor-col-100 elementor-inner-column elementor-element elementor-element-51360de0\" data-id=\"51360de0\" data-element_type=\"column\" data-e-type=\"column\">\n\t\t\t<div class=\"elementor-widget-wrap elementor-element-populated\">\n\t\t\t\t\t\t<div class=\"elementor-element elementor-element-8379e32 elementor-widget elementor-widget-heading\" data-id=\"8379e32\" data-element_type=\"widget\" data-e-type=\"widget\" data-widget_type=\"heading.default\">\n\t\t\t\t\t<h2 class=\"elementor-heading-title elementor-size-default\">Real-Time Crypto Market Data:<\/h2>\t\t\t\t<\/div>\n\t\t\t\t<div class=\"elementor-element elementor-element-5db13900 elementor-widget elementor-widget-text-editor\" data-id=\"5db13900\" data-element_type=\"widget\" data-e-type=\"widget\" data-widget_type=\"text-editor.default\">\n\t\t\t\t\t\t\t\t\t<p>Gardez une longueur d'avance sur les tendances du march\u00e9 gr\u00e2ce \u00e0 des donn\u00e9es et des informations en temps r\u00e9el, vous assurant de pouvoir capitaliser sur des opportunit\u00e9s de trading lucratives dans les secteurs de la cryptographie et du bitcoin.<\/p>\t\t\t\t\t\t\t\t<\/div>\n\t\t\t\t\t<\/div>\n\t\t<\/div>\n\t\t\t\t\t<\/div>\n\t\t<\/section>\n\t\t\t\t<section class=\"elementor-section elementor-inner-section elementor-element elementor-element-22390fa1 elementor-section-boxed elementor-section-height-default elementor-section-height-default\" data-id=\"22390fa1\" data-element_type=\"section\" data-e-type=\"section\">\n\t\t\t\t\t\t<div class=\"elementor-container elementor-column-gap-default\">\n\t\t\t\t\t<div class=\"elementor-column elementor-col-100 elementor-inner-column elementor-element elementor-element-10fb87ea\" data-id=\"10fb87ea\" data-element_type=\"column\" data-e-type=\"column\">\n\t\t\t<div class=\"elementor-widget-wrap elementor-element-populated\">\n\t\t\t\t\t\t<div class=\"elementor-element elementor-element-609ef5cf elementor-widget elementor-widget-heading\" data-id=\"609ef5cf\" data-element_type=\"widget\" data-e-type=\"widget\" data-widget_type=\"heading.default\">\n\t\t\t\t\t<h2 class=\"elementor-heading-title elementor-size-default\">Conseils d'experts sur le trading de crypto-monnaies\u00a0:<\/h2>\t\t\t\t<\/div>\n\t\t\t\t<div class=\"elementor-element elementor-element-f25955c elementor-widget elementor-widget-text-editor\" data-id=\"f25955c\" data-element_type=\"widget\" data-e-type=\"widget\" data-widget_type=\"text-editor.default\">\n\t\t\t\t\t\t\t\t\t<p>Apprenez les secrets du trading de crypto-monnaies r\u00e9ussi aupr\u00e8s des leaders du secteur, en acqu\u00e9rant des strat\u00e9gies et des informations qui vous permettent de prosp\u00e9rer \u00e0 l'\u00e9chelle mondiale.<\/p>\t\t\t\t\t\t\t\t<\/div>\n\t\t\t\t\t<\/div>\n\t\t<\/div>\n\t\t\t\t\t<\/div>\n\t\t<\/section>\n\t\t\t\t<section class=\"elementor-section elementor-inner-section elementor-element elementor-element-659e7bce elementor-section-boxed elementor-section-height-default elementor-section-height-default\" data-id=\"659e7bce\" data-element_type=\"section\" data-e-type=\"section\">\n\t\t\t\t\t\t<div class=\"elementor-container elementor-column-gap-default\">\n\t\t\t\t\t<div class=\"elementor-column elementor-col-100 elementor-inner-column elementor-element elementor-element-423dd4f\" data-id=\"423dd4f\" data-element_type=\"column\" data-e-type=\"column\">\n\t\t\t<div class=\"elementor-widget-wrap elementor-element-populated\">\n\t\t\t\t\t\t<div class=\"elementor-element elementor-element-2fcbdc7e elementor-widget elementor-widget-heading\" data-id=\"2fcbdc7e\" data-element_type=\"widget\" data-e-type=\"widget\" data-widget_type=\"heading.default\">\n\t\t\t\t\t<h2 class=\"elementor-heading-title elementor-size-default\">Accompagnement personnalis\u00e9 :<\/h2>\t\t\t\t<\/div>\n\t\t\t\t<div class=\"elementor-element elementor-element-4eddb172 elementor-widget elementor-widget-text-editor\" data-id=\"4eddb172\" data-element_type=\"widget\" data-e-type=\"widget\" data-widget_type=\"text-editor.default\">\n\t\t\t\t\t\t\t\t\t<p>Notre \u00e9quipe d\u00e9di\u00e9e de courtiers en crypto-monnaies est pr\u00eate \u00e0 r\u00e9pondre \u00e0 vos demandes et \u00e0 vous fournir une assistance, favorisant ainsi une exp\u00e9rience de trading enrichissante et solidaire.<\/p>\t\t\t\t\t\t\t\t<\/div>\n\t\t\t\t<div class=\"elementor-element elementor-element-1fc1c96 elementor-widget elementor-widget-heading\" data-id=\"1fc1c96\" data-element_type=\"widget\" data-e-type=\"widget\" data-widget_type=\"heading.default\">\n\t\t\t\t\t<h2 class=\"elementor-heading-title elementor-size-default\">Embarquez pour un voyage cryptographique\u00a0:<\/h2>\t\t\t\t<\/div>\n\t\t\t\t<div class=\"elementor-element elementor-element-9239157 elementor-widget elementor-widget-text-editor\" data-id=\"9239157\" data-element_type=\"widget\" data-e-type=\"widget\" data-widget_type=\"text-editor.default\">\n\t\t\t\t\t\t\t\t\t<p>Entrez dans l'univers vaste et dynamique du trading de crypto et de bitcoins avec l'application Immediate Momentum. Notre plateforme est un phare pour ceux qui cherchent \u00e0 explorer le potentiel inexploit\u00e9 des actifs num\u00e9riques. Que vous soyez un d\u00e9butant faisant ses premiers pas ou un trader chevronn\u00e9 cherchant \u00e0 am\u00e9liorer son exp\u00e9rience de trading, Immediate Momentum est votre compagnon dans ce voyage passionnant.<\/p>\t\t\t\t\t\t\t\t<\/div>\n\t\t\t\t<div class=\"elementor-element elementor-element-4a55e2b elementor-widget elementor-widget-heading\" data-id=\"4a55e2b\" data-element_type=\"widget\" data-e-type=\"widget\" data-widget_type=\"heading.default\">\n\t\t\t\t\t<h2 class=\"elementor-heading-title elementor-size-default\">Analyse approfondie du march\u00e9 :<\/h2>\t\t\t\t<\/div>\n\t\t\t\t<div class=\"elementor-element elementor-element-88c597a elementor-widget elementor-widget-text-editor\" data-id=\"88c597a\" data-element_type=\"widget\" data-e-type=\"widget\" data-widget_type=\"text-editor.default\">\n\t\t\t\t\t\t\t\t\t<p>Plongez plus profond\u00e9ment dans le march\u00e9 des crypto-monnaies gr\u00e2ce \u00e0 nos analyses et informations approfondies. L'application Immediate Momentum Crypto Trading vous rapproche du pouls du march\u00e9, en examinant m\u00e9ticuleusement les tendances du march\u00e9 des crypto-monnaies, les transformations de la blockchain et les trajectoires de diverses crypto-monnaies, dont Bitcoin et Ethereum. Restez inform\u00e9 et prenez des d\u00e9cisions bas\u00e9es sur des donn\u00e9es gr\u00e2ce \u00e0 notre vision compl\u00e8te de la croissance du march\u00e9 des crypto-monnaies et des projections futures.<\/p>\t\t\t\t\t\t\t\t<\/div>\n\t\t\t\t<div class=\"elementor-element elementor-element-4de3bb0 elementor-widget elementor-widget-heading\" data-id=\"4de3bb0\" data-element_type=\"widget\" data-e-type=\"widget\" data-widget_type=\"heading.default\">\n\t\t\t\t\t<h2 class=\"elementor-heading-title elementor-size-default\">Exploration des crypto-monnaies et du m\u00e9tavers\u00a0:<\/h2>\t\t\t\t<\/div>\n\t\t\t\t<div class=\"elementor-element elementor-element-0c60647 elementor-widget elementor-widget-text-editor\" data-id=\"0c60647\" data-element_type=\"widget\" data-e-type=\"widget\" data-widget_type=\"text-editor.default\">\n\t\t\t\t\t\t\t\t\t<p>Le paysage des cryptomonnaies est en constante \u00e9volution, et l'application Immediate Momentum est votre guide pour naviguer sur ce terrain dynamique. Explorez l'avenir des actifs en ligne, comprenez les distinctions entre le trading de cryptomonnaies et les pi\u00e8ces Metaverse, et \u00e9valuez leur impact sur l'\u00e9conomie mondiale. Notre plateforme vous offre une vue holistique des actifs num\u00e9riques et de leur potentiel \u00e0 remodeler l'\u00e9cosyst\u00e8me financier.<\/p>\t\t\t\t\t\t\t\t<\/div>\n\t\t\t\t<div class=\"elementor-element elementor-element-2a0dc1e elementor-widget elementor-widget-heading\" data-id=\"2a0dc1e\" data-element_type=\"widget\" data-e-type=\"widget\" data-widget_type=\"heading.default\">\n\t\t\t\t\t<h2 class=\"elementor-heading-title elementor-size-default\">FAQ et conseils personnalis\u00e9s :<\/h2>\t\t\t\t<\/div>\n\t\t\t\t<div class=\"elementor-element elementor-element-b6e71bd elementor-widget elementor-widget-text-editor\" data-id=\"b6e71bd\" data-element_type=\"widget\" data-e-type=\"widget\" data-widget_type=\"text-editor.default\">\n\t\t\t\t\t\t\t\t\t<p>Vous avez des questions sur le trading de crypto-monnaies ? L'application Immediate Momentum a des r\u00e9ponses. Notre plateforme propose une section FAQ compl\u00e8te r\u00e9pondant aux questions courantes sur les investissements en crypto-monnaies, les tendances du march\u00e9 et les offres uniques d'Immediate Momentum. De plus, notre \u00e9quipe d'experts est disponible pour vous fournir des conseils et une assistance personnalis\u00e9s, vous assurant ainsi d'\u00eatre bien \u00e9quip\u00e9 pour naviguer en toute confiance dans les mers de la crypto-monnaie.<\/p>\t\t\t\t\t\t\t\t<\/div>\n\t\t\t\t<div class=\"elementor-element elementor-element-9de1d54 elementor-widget elementor-widget-heading\" data-id=\"9de1d54\" data-element_type=\"widget\" data-e-type=\"widget\" data-widget_type=\"heading.default\">\n\t\t\t\t\t<h2 class=\"elementor-heading-title elementor-size-default\">Sensibilisation aux risques et trading responsable :<\/h2>\t\t\t\t<\/div>\n\t\t\t\t<div class=\"elementor-element elementor-element-86c8996 elementor-widget elementor-widget-text-editor\" data-id=\"86c8996\" data-element_type=\"widget\" data-e-type=\"widget\" data-widget_type=\"text-editor.default\">\n\t\t\t\t\t\t\t\t\t<p>Le trading sur le march\u00e9 des crypto-monnaies comporte son lot de risques, et chez Immediate Momentum, nous privil\u00e9gions le trading responsable. Notre plateforme informe les utilisateurs sur les risques et les r\u00e9compenses potentiels, en soulignant l'importance d'une prise de d\u00e9cision \u00e9clair\u00e9e. Nous nous engageons \u00e0 la transparence et \u00e0 l'int\u00e9grit\u00e9, en \u00e9tant votre partenaire de confiance dans le trading de crypto-monnaies responsable et s\u00e9curis\u00e9.<\/p>\t\t\t\t\t\t\t\t<\/div>\n\t\t\t\t<div class=\"elementor-element elementor-element-23f023a elementor-widget elementor-widget-heading\" data-id=\"23f023a\" data-element_type=\"widget\" data-e-type=\"widget\" data-widget_type=\"heading.default\">\n\t\t\t\t\t<h2 class=\"elementor-heading-title elementor-size-default\">Rejoignez la communaut\u00e9 Immediate Momentum :<\/h2>\t\t\t\t<\/div>\n\t\t\t\t<div class=\"elementor-element elementor-element-fdda77e elementor-widget elementor-widget-text-editor\" data-id=\"fdda77e\" data-element_type=\"widget\" data-e-type=\"widget\" data-widget_type=\"text-editor.default\">\n\t\t\t\t\t\t\t\t\t<p>Rejoignez la communaut\u00e9 Immediate Momentum et connectez-vous avec des traders et des passionn\u00e9s de crypto-monnaies partageant les m\u00eames id\u00e9es. Partagez vos exp\u00e9riences, \u00e9changez des id\u00e9es et restez inform\u00e9 des derniers contenus et d\u00e9veloppements dans le monde de la crypto-monnaie. Immediate Momentum est plus qu'une simple plateforme de trading ; c'est une communaut\u00e9 d'individus passionn\u00e9s par l'exploration des possibilit\u00e9s infinies du trading de crypto-monnaies.<\/p>\t\t\t\t\t\t\t\t<\/div>\n\t\t\t\t\t<\/div>\n\t\t<\/div>\n\t\t\t\t\t<\/div>\n\t\t<\/section>\n\t\t\t\t<div class=\"elementor-element elementor-element-d7bbbd8 elementor-widget elementor-widget-text-editor\" data-id=\"d7bbbd8\" data-element_type=\"widget\" data-e-type=\"widget\" data-widget_type=\"text-editor.default\">\n\t\t\t\t\t\t\t\t\tEn conclusion, l\u2019application Immediate Momentum n\u2019est pas une simple plateforme de trading. C\u2019est un m\u00e9lange de technologie et d\u2019expertise humaine, garantissant aux traders, qu\u2019ils soient novices ou experts, les meilleurs outils \u00e0 leur disposition.\t\t\t\t\t\t\t\t<\/div>\n\t\t\t\t<div class=\"elementor-element elementor-element-7913435 elementor-widget elementor-widget-heading\" data-id=\"7913435\" data-element_type=\"widget\" data-e-type=\"widget\" data-widget_type=\"heading.default\">\n\t\t\t\t\t<h2 class=\"elementor-heading-title elementor-size-default\">Plongez plus profond\u00e9ment avec un \u00e9lan imm\u00e9diat<\/h2>\t\t\t\t<\/div>\n\t\t\t\t<div class=\"elementor-element elementor-element-bcb4bad elementor-widget elementor-widget-text-editor\" data-id=\"bcb4bad\" data-element_type=\"widget\" data-e-type=\"widget\" data-widget_type=\"text-editor.default\">\n\t\t\t\t\t\t\t\t\t<p>Ouvrez les portes d'un monde d'opportunit\u00e9s et entrez dans un domaine o\u00f9 le trading de crypto-monnaies rencontre l'innovation et l'expertise. L'application de trading de crypto-monnaies Immediate Momentum est votre cl\u00e9 pour d\u00e9couvrir le potentiel du trading de crypto-monnaies et de bitcoins, offrant une exp\u00e9rience transparente et enrichissante adapt\u00e9e \u00e0 vos besoins de trading. Rejoignez-nous pour naviguer dans l'avenir des actifs num\u00e9riques et tradez en toute confiance et avec Immediate Momentum !<\/p>\t\t\t\t\t\t\t\t<\/div>\n\t\t\t\t<div class=\"elementor-element elementor-element-9fb0aa7 elementor-align-center elementor-widget elementor-widget-button\" data-id=\"9fb0aa7\" data-element_type=\"widget\" data-e-type=\"widget\" data-widget_type=\"button.default\">\n\t\t\t\t\t\t\t\t\t\t<a class=\"elementor-button elementor-button-link elementor-size-md\" href=\"https:\/\/theimmediatemomentum.net\/fr\/#regform\">\n\t\t\t\t\t\t<span class=\"elementor-button-content-wrapper\">\n\t\t\t\t\t\t\t\t\t<span class=\"elementor-button-text\">Commencer maintenant<\/span>\n\t\t\t\t\t<\/span>\n\t\t\t\t\t<\/a>\n\t\t\t\t\t\t\t\t<\/div>\n\t\t\t\t\t<\/div>\n\t\t<\/div>\n\t\t\t\t\t<\/div>\n\t\t<\/section>\n\t\t\t\t<\/div>","protected":false},"excerpt":{"rendered":"<p>Immediate Momentum crypto trading App The Future of Auto Trading Welcome to the Immediate Momentum App, your gateway to the exciting world of crypto and bitcoin trading! Our platform is meticulously designed to cater to novice and seasoned traders, providing a plethora of advanced trading tools, real-time market data, and expert guidance to help you [&hellip;]<\/p>\n","protected":false},"author":2,"featured_media":0,"parent":0,"menu_order":0,"comment_status":"closed","ping_status":"closed","template":"elementor_header_footer","meta":{"footnotes":""},"class_list":["post-190","page","type-page","status-publish","hentry"],"_links":{"self":[{"href":"https:\/\/theimmediatemomentum.net\/fr\/wp-json\/wp\/v2\/pages\/190","targetHints":{"allow":["GET"]}}],"collection":[{"href":"https:\/\/theimmediatemomentum.net\/fr\/wp-json\/wp\/v2\/pages"}],"about":[{"href":"https:\/\/theimmediatemomentum.net\/fr\/wp-json\/wp\/v2\/types\/page"}],"author":[{"embeddable":true,"href":"https:\/\/theimmediatemomentum.net\/fr\/wp-json\/wp\/v2\/users\/2"}],"replies":[{"embeddable":true,"href":"https:\/\/theimmediatemomentum.net\/fr\/wp-json\/wp\/v2\/comments?post=190"}],"version-history":[{"count":139,"href":"https:\/\/theimmediatemomentum.net\/fr\/wp-json\/wp\/v2\/pages\/190\/revisions"}],"predecessor-version":[{"id":5454,"href":"https:\/\/theimmediatemomentum.net\/fr\/wp-json\/wp\/v2\/pages\/190\/revisions\/5454"}],"wp:attachment":[{"href":"https:\/\/theimmediatemomentum.net\/fr\/wp-json\/wp\/v2\/media?parent=190"}],"curies":[{"name":"wp","href":"https:\/\/api.w.org\/{rel}","templated":true}]}}