{"id":2166,"date":"2023-10-16T08:44:08","date_gmt":"2023-10-16T08:44:08","guid":{"rendered":"https:\/\/theimmediatemomentum.net\/?page_id=2166"},"modified":"2024-12-26T12:57:17","modified_gmt":"2024-12-26T12:57:17","slug":"clause-de-non-responsabilite","status":"publish","type":"page","link":"https:\/\/theimmediatemomentum.net\/fr\/disclaimer\/","title":{"rendered":"Clause de non-responsabilit\u00e9"},"content":{"rendered":"<div data-elementor-type=\"wp-page\" data-elementor-id=\"2166\" class=\"elementor elementor-2166\" data-elementor-post-type=\"page\">\n\t\t\t\t\t\t<section class=\"elementor-section elementor-top-section elementor-element elementor-element-e8ee634 elementor-section-boxed elementor-section-height-default elementor-section-height-default\" data-id=\"e8ee634\" data-element_type=\"section\" data-e-type=\"section\" data-settings=\"{&quot;background_background&quot;:&quot;classic&quot;}\">\n\t\t\t\t\t\t<div class=\"elementor-container elementor-column-gap-default\">\n\t\t\t\t\t<div class=\"elementor-column elementor-col-100 elementor-top-column elementor-element elementor-element-482f2a5\" data-id=\"482f2a5\" data-element_type=\"column\" data-e-type=\"column\">\n\t\t\t<div class=\"elementor-widget-wrap elementor-element-populated\">\n\t\t\t\t\t\t<div class=\"elementor-element elementor-element-e755c24 elementor-widget elementor-widget-spacer\" data-id=\"e755c24\" data-element_type=\"widget\" data-e-type=\"widget\" data-widget_type=\"spacer.default\">\n\t\t\t\t<div class=\"elementor-widget-container\">\n\t\t\t\t\t\t\t<div class=\"elementor-spacer\">\n\t\t\t<div class=\"elementor-spacer-inner\"><\/div>\n\t\t<\/div>\n\t\t\t\t\t\t<\/div>\n\t\t\t\t<\/div>\n\t\t\t\t<div class=\"elementor-element elementor-element-99f40bd elementor-widget elementor-widget-heading\" data-id=\"99f40bd\" data-element_type=\"widget\" data-e-type=\"widget\" data-widget_type=\"heading.default\">\n\t\t\t\t<div class=\"elementor-widget-container\">\n\t\t\t\t\t<h1 class=\"elementor-heading-title elementor-size-default\">Avis de non-responsabilit\u00e9 concernant le centre de momentum imm\u00e9diat\n<\/h1>\t\t\t\t<\/div>\n\t\t\t\t<\/div>\n\t\t\t\t<div class=\"elementor-element elementor-element-c5f0506 elementor-widget elementor-widget-text-editor\" data-id=\"c5f0506\" data-element_type=\"widget\" data-e-type=\"widget\" data-widget_type=\"text-editor.default\">\n\t\t\t\t<div class=\"elementor-widget-container\">\n\t\t\t\t\t\t\t\t\t<p>Toutes les informations sur ce site \u2013 <a href=\"https:\/\/theimmediatemomentum.net\/fr\/\">https:\/\/theimmediatemomentum.net\/<\/a> \u2013 est publi\u00e9 de bonne foi et \u00e0 des fins d\u2019information g\u00e9n\u00e9rale uniquement. Immediate Momentum Center ne donne aucune garantie quant \u00e0 l\u2019exhaustivit\u00e9, la fiabilit\u00e9 et l\u2019exactitude de ces informations. Toute action que vous entreprenez sur la base des informations que vous trouvez sur ce site Web (Immediate Momentum Center) est strictement \u00e0 vos propres risques. Immediate Momentum Center ne sera pas responsable des pertes et\/ou dommages li\u00e9s \u00e0 l\u2019utilisation de notre site Web.<br \/>Depuis notre site Internet, vous pouvez visiter d\u2019autres sites Internet en suivant des hyperliens vers ces sites externes. Bien que nous nous efforcions de fournir uniquement des liens de qualit\u00e9 vers des sites Internet utiles et \u00e9thiques, nous n\u2019avons aucun contr\u00f4le sur le contenu et la nature de ces sites. Ces liens vers d\u2019autres sites Internet n\u2019impliquent pas une recommandation pour tout le contenu trouv\u00e9 sur ces sites. Les propri\u00e9taires et le contenu des sites peuvent changer sans pr\u00e9avis et peuvent survenir avant que nous ayons la possibilit\u00e9 de supprimer un lien qui pourrait \u00eatre \u00ab mauvais \u00bb.<br \/>Sachez \u00e9galement que lorsque vous quittez notre site Web, d'autres sites peuvent avoir des politiques de confidentialit\u00e9 et des conditions diff\u00e9rentes qui \u00e9chappent \u00e0 notre contr\u00f4le. Assurez-vous de v\u00e9rifier les politiques de confidentialit\u00e9 de ces sites ainsi que leurs \u00ab conditions de service \u00bb avant de vous engager dans une activit\u00e9 commerciale ou de t\u00e9l\u00e9charger des informations.<\/p>\t\t\t\t\t\t\t\t<\/div>\n\t\t\t\t<\/div>\n\t\t\t\t<div class=\"elementor-element elementor-element-bd36b30 elementor-widget elementor-widget-text-editor\" data-id=\"bd36b30\" data-element_type=\"widget\" data-e-type=\"widget\" data-widget_type=\"text-editor.default\">\n\t\t\t\t<div class=\"elementor-widget-container\">\n\t\t\t\t\t\t\t\t\t<p><b>Consentement:<\/b><br \/><br \/>En utilisant notre site Web, vous consentez par la pr\u00e9sente \u00e0 notre clause de non-responsabilit\u00e9 et acceptez ses conditions.<br \/>Mise \u00e0 jour<br \/>Si nous devons mettre \u00e0 jour, modifier ou apporter des changements \u00e0 ce document, ces modifications seront affich\u00e9es de mani\u00e8re visible ici.<br \/><br \/>Si vous avez besoin de plus d\u2019informations ou si vous avez des questions sur la clause de non-responsabilit\u00e9 de notre site, n\u2019h\u00e9sitez pas \u00e0 nous contacter.<\/p>\t\t\t\t\t\t\t\t<\/div>\n\t\t\t\t<\/div>\n\t\t\t\t<div class=\"elementor-element elementor-element-4d1a5c9 elementor-widget elementor-widget-spacer\" data-id=\"4d1a5c9\" data-element_type=\"widget\" data-e-type=\"widget\" data-widget_type=\"spacer.default\">\n\t\t\t\t<div class=\"elementor-widget-container\">\n\t\t\t\t\t\t\t<div class=\"elementor-spacer\">\n\t\t\t<div class=\"elementor-spacer-inner\"><\/div>\n\t\t<\/div>\n\t\t\t\t\t\t<\/div>\n\t\t\t\t<\/div>\n\t\t\t\t\t<\/div>\n\t\t<\/div>\n\t\t\t\t\t<\/div>\n\t\t<\/section>\n\t\t\t\t<\/div>","protected":false},"excerpt":{"rendered":"<p>Disclaimer for Immediate momentum center All the information on this website &#8211; https:\/\/theimmediatemomentum.net\/ &#8211; is published in good faith and for general information purpose only. Immediate momentum center does not make any warranties about the completeness, reliability and accuracy of this information. Any action you take upon the information you find on this website (Immediate [&hellip;]<\/p>\n","protected":false},"author":2,"featured_media":0,"parent":0,"menu_order":0,"comment_status":"closed","ping_status":"closed","template":"elementor_header_footer","meta":{"footnotes":""},"class_list":["post-2166","page","type-page","status-publish","hentry"],"_links":{"self":[{"href":"https:\/\/theimmediatemomentum.net\/fr\/wp-json\/wp\/v2\/pages\/2166","targetHints":{"allow":["GET"]}}],"collection":[{"href":"https:\/\/theimmediatemomentum.net\/fr\/wp-json\/wp\/v2\/pages"}],"about":[{"href":"https:\/\/theimmediatemomentum.net\/fr\/wp-json\/wp\/v2\/types\/page"}],"author":[{"embeddable":true,"href":"https:\/\/theimmediatemomentum.net\/fr\/wp-json\/wp\/v2\/users\/2"}],"replies":[{"embeddable":true,"href":"https:\/\/theimmediatemomentum.net\/fr\/wp-json\/wp\/v2\/comments?post=2166"}],"version-history":[{"count":31,"href":"https:\/\/theimmediatemomentum.net\/fr\/wp-json\/wp\/v2\/pages\/2166\/revisions"}],"predecessor-version":[{"id":5286,"href":"https:\/\/theimmediatemomentum.net\/fr\/wp-json\/wp\/v2\/pages\/2166\/revisions\/5286"}],"wp:attachment":[{"href":"https:\/\/theimmediatemomentum.net\/fr\/wp-json\/wp\/v2\/media?parent=2166"}],"curies":[{"name":"wp","href":"https:\/\/api.w.org\/{rel}","templated":true}]}}