{"id":176,"date":"2023-09-01T14:37:37","date_gmt":"2023-09-01T14:37:37","guid":{"rendered":"https:\/\/theimmediatemomentum.net\/?page_id=176"},"modified":"2025-10-10T10:28:06","modified_gmt":"2025-10-10T10:28:06","slug":"come-registrarsi-con-slancio-immediato","status":"publish","type":"page","link":"https:\/\/theimmediatemomentum.net\/it\/how-to-register-with-immediate-momentum\/","title":{"rendered":"Come registrarsi"},"content":{"rendered":"<div data-elementor-type=\"wp-page\" data-elementor-id=\"176\" class=\"elementor elementor-176\" data-elementor-post-type=\"page\">\n\t\t\t\t\t\t<section class=\"elementor-section elementor-top-section elementor-element elementor-element-21e9641 elementor-section-height-min-height elementor-section-boxed elementor-section-height-default elementor-section-items-middle\" data-id=\"21e9641\" data-element_type=\"section\" data-e-type=\"section\" data-settings=\"{&quot;background_background&quot;:&quot;classic&quot;}\">\n\t\t\t\t\t\t\t<div class=\"elementor-background-overlay\"><\/div>\n\t\t\t\t\t\t\t<div class=\"elementor-container elementor-column-gap-default\">\n\t\t\t\t\t<div class=\"elementor-column elementor-col-100 elementor-top-column elementor-element elementor-element-0af89c1\" data-id=\"0af89c1\" data-element_type=\"column\" data-e-type=\"column\">\n\t\t\t<div class=\"elementor-widget-wrap elementor-element-populated\">\n\t\t\t\t\t\t<div class=\"elementor-element elementor-element-8113353 elementor-widget elementor-widget-heading\" data-id=\"8113353\" data-element_type=\"widget\" data-e-type=\"widget\" data-widget_type=\"heading.default\">\n\t\t\t\t\t<h1 class=\"elementor-heading-title elementor-size-default\">Registrazione immediata dello slancio<\/h1>\t\t\t\t<\/div>\n\t\t\t\t<div class=\"elementor-element elementor-element-47a4578 elementor-widget__width-initial elementor-widget-mobile__width-initial elementor-widget elementor-widget-text-editor\" data-id=\"47a4578\" data-element_type=\"widget\" data-e-type=\"widget\" data-widget_type=\"text-editor.default\">\n\t\t\t\t\t\t\t\t\t<p>Intraprendere il tuo viaggio di trading con Immediate Momentum \u00e8 un processo semplice. Scopri come registrarti con Immediate Momentum. Ecco una guida passo dopo passo su come iniziare:<\/p>\t\t\t\t\t\t\t\t<\/div>\n\t\t\t\t\t<\/div>\n\t\t<\/div>\n\t\t\t\t\t<\/div>\n\t\t<\/section>\n\t\t<div class=\"elementor-element elementor-element-6e4d21b e-flex e-con-boxed e-con e-parent\" data-id=\"6e4d21b\" data-element_type=\"container\" data-e-type=\"container\" data-settings=\"{&quot;background_background&quot;:&quot;classic&quot;}\">\n\t\t\t\t\t<div class=\"e-con-inner\">\n\t\t\t\t<div class=\"elementor-element elementor-element-4531294 elementor-widget elementor-widget-heading\" data-id=\"4531294\" data-element_type=\"widget\" data-e-type=\"widget\" data-widget_type=\"heading.default\">\n\t\t\t\t\t<h2 class=\"elementor-heading-title elementor-size-default\">Come registrarsi con Immediate Momentum:<\/h2>\t\t\t\t<\/div>\n\t\t\t\t<div class=\"elementor-element elementor-element-d51bdf0 elementor-widget elementor-widget-heading\" data-id=\"d51bdf0\" data-element_type=\"widget\" data-e-type=\"widget\" data-widget_type=\"heading.default\">\n\t\t\t\t\t<h2 class=\"elementor-heading-title elementor-size-default\">1. Compila il modulo di registrazione:<\/h2>\t\t\t\t<\/div>\n\t\t\t\t<div class=\"elementor-element elementor-element-33d4afe elementor-widget elementor-widget-text-editor\" data-id=\"33d4afe\" data-element_type=\"widget\" data-e-type=\"widget\" data-widget_type=\"text-editor.default\">\n\t\t\t\t\t\t\t\t\t<p>Il primo e pi\u00f9 importante passo per registrarsi sulla nostra piattaforma di trading di criptovalute \u00e8 visitare il nostro sito web <a href=\"https:\/\/theimmediatemomentum.net\/it\/\">theimmediatemomentum.net<\/a>\u00a0e vai a \u201c<a href=\"https:\/\/theimmediatemomentum.net\/it\/#regform\">Modulo di registrazione<\/a>\u201d. Qui ti verr\u00e0 chiesto di fornire i tuoi dati essenziali. Questo \u00e8 il tuo punto di ingresso nell'entusiasmante mondo del trading di criptovalute.<\/p>\t\t\t\t\t\t\t\t<\/div>\n\t\t\t\t<div class=\"elementor-element elementor-element-86ab922 elementor-widget elementor-widget-heading\" data-id=\"86ab922\" data-element_type=\"widget\" data-e-type=\"widget\" data-widget_type=\"heading.default\">\n\t\t\t\t\t<h2 class=\"elementor-heading-title elementor-size-default\">2. La pazienza \u00e8 la chiave:<\/h2>\t\t\t\t<\/div>\n\t\t\t\t<div class=\"elementor-element elementor-element-ffdaf09 elementor-widget elementor-widget-text-editor\" data-id=\"ffdaf09\" data-element_type=\"widget\" data-e-type=\"widget\" data-widget_type=\"text-editor.default\">\n\t\t\t\t\t\t\t\t\t<p>Nel dinamico mondo del trading di criptovalute, la pazienza non \u00e8 solo una virt\u00f9, ma anche una necessit\u00e0. A causa dell'elevata domanda e dei carichi occasionali del server, potrebbe esserci un leggero ritardo nell'elaborazione della tua registrazione. La tua pazienza in questo periodo \u00e8 molto apprezzata e ti assicuriamo che stiamo lavorando diligentemente per farti iniziare sulla nostra piattaforma.<\/p>\t\t\t\t\t\t\t\t<\/div>\n\t\t\t\t<div class=\"elementor-element elementor-element-2956d2c elementor-widget elementor-widget-heading\" data-id=\"2956d2c\" data-element_type=\"widget\" data-e-type=\"widget\" data-widget_type=\"heading.default\">\n\t\t\t\t\t<h2 class=\"elementor-heading-title elementor-size-default\">3. Controlla la tua email:<\/h2>\t\t\t\t<\/div>\n\t\t\t\t<div class=\"elementor-element elementor-element-6f46fb7 elementor-widget elementor-widget-text-editor\" data-id=\"6f46fb7\" data-element_type=\"widget\" data-e-type=\"widget\" data-widget_type=\"text-editor.default\">\n\t\t\t\t\t\t\t\t\t<p>Una volta effettuata la registrazione, vai alla tua casella di posta elettronica. Cerca un'e-mail contenente i tuoi dati di accesso per \"Immediate momentum\". Queste credenziali sono fondamentali per accedere al tuo account e gestire i tuoi asset crittografici.<\/p>\t\t\t\t\t\t\t\t<\/div>\n\t\t\t\t<div class=\"elementor-element elementor-element-f9f4ed3 elementor-widget elementor-widget-heading\" data-id=\"f9f4ed3\" data-element_type=\"widget\" data-e-type=\"widget\" data-widget_type=\"heading.default\">\n\t\t\t\t\t<h2 class=\"elementor-heading-title elementor-size-default\">4. Accedi all'Area Clienti:<\/h2>\t\t\t\t<\/div>\n\t\t\t\t<div class=\"elementor-element elementor-element-d4ae3ee elementor-widget elementor-widget-text-editor\" data-id=\"d4ae3ee\" data-element_type=\"widget\" data-e-type=\"widget\" data-widget_type=\"text-editor.default\">\n\t\t\t\t\t\t\t\t\t<p>Utilizzando le credenziali fornite, accedi all'area clienti. Questa \u00e8 la tua dashboard, dove puoi gestire e monitorare le tue attivit\u00e0 di trading.<\/p>\t\t\t\t\t\t\t\t<\/div>\n\t\t\t\t<div class=\"elementor-element elementor-element-2f12338 elementor-widget elementor-widget-heading\" data-id=\"2f12338\" data-element_type=\"widget\" data-e-type=\"widget\" data-widget_type=\"heading.default\">\n\t\t\t\t\t<h2 class=\"elementor-heading-title elementor-size-default\">5. Deposito iniziale:<\/h2>\t\t\t\t<\/div>\n\t\t\t\t<div class=\"elementor-element elementor-element-78b46b3 elementor-widget elementor-widget-text-editor\" data-id=\"78b46b3\" data-element_type=\"widget\" data-e-type=\"widget\" data-widget_type=\"text-editor.default\">\n\t\t\t\t\t\t\t\t\t<p>Per dare il via al tuo viaggio di trading con Immediate Momentum, \u00e8 richiesto un deposito minimo di 180 EUR. Sii certo che questo processo \u00e8 sicuro e semplice. Puoi completare il tuo deposito tramite la sezione \"Dettagli deposito Immediate Momentum\" nella tua area clienti. Questo investimento iniziale \u00e8 il tuo biglietto per l'entusiasmante mondo del trading online.<\/p>\t\t\t\t\t\t\t\t<\/div>\n\t\t\t\t<div class=\"elementor-element elementor-element-7d279ce elementor-widget elementor-widget-heading\" data-id=\"7d279ce\" data-element_type=\"widget\" data-e-type=\"widget\" data-widget_type=\"heading.default\">\n\t\t\t\t\t<h2 class=\"elementor-heading-title elementor-size-default\">6. Contatta un Account Manager: <\/h2>\t\t\t\t<\/div>\n\t\t\t\t<div class=\"elementor-element elementor-element-a8ef164 elementor-widget elementor-widget-text-editor\" data-id=\"a8ef164\" data-element_type=\"widget\" data-e-type=\"widget\" data-widget_type=\"text-editor.default\">\n\t\t\t\t\t\t\t\t\t<p>Sebbene il trading online possa essere altamente redditizio, comporta anche una serie di rischi. In Immediate Momentum, diamo priorit\u00e0 al tuo successo e alla tua sicurezza. Pertanto, tutti i nuovi account saranno contattati da un \"Immediate Momentum Account Manager\". Il loro ruolo \u00e8 fondamentale: ti guideranno attraverso il processo di configurazione, spiegheranno i rischi di trading associati e si assicureranno che tu sia ben informato prima di prendere qualsiasi decisione. Sentiti libero di fare domande e cercare assistenza; i nostri account manager sono qui per supportarti in ogni fase del percorso.<\/p>\t\t\t\t\t\t\t\t<\/div>\n\t\t\t\t<div class=\"elementor-element elementor-element-5d8d9ff elementor-widget elementor-widget-heading\" data-id=\"5d8d9ff\" data-element_type=\"widget\" data-e-type=\"widget\" data-widget_type=\"heading.default\">\n\t\t\t\t\t<h2 class=\"elementor-heading-title elementor-size-default\">7. Prelievo e negoziazione:<\/h2>\t\t\t\t<\/div>\n\t\t\t\t<div class=\"elementor-element elementor-element-1d7dac1 elementor-widget elementor-widget-text-editor\" data-id=\"1d7dac1\" data-element_type=\"widget\" data-e-type=\"widget\" data-widget_type=\"text-editor.default\">\n\t\t\t\t\t\t\t\t\t<p>Il tuo account manager ti guider\u00e0 anche attraverso il \"Processo di Prelievo Immediato Momentum\". Crediamo nella trasparenza e vogliamo che tu ti senta a tuo agio con le tue decisioni di trading. Una volta che sei sicuro e pronto, puoi iniziare le tue attivit\u00e0 di trading. La nostra piattaforma offre un'ampia gamma di opzioni e strumenti di trading adatti alle tue preferenze.<\/p>\t\t\t\t\t\t\t\t<\/div>\n\t\t\t\t<div class=\"elementor-element elementor-element-1551725 elementor-align-left elementor-widget elementor-widget-button\" data-id=\"1551725\" data-element_type=\"widget\" data-e-type=\"widget\" data-widget_type=\"button.default\">\n\t\t\t\t\t\t\t\t\t\t<a class=\"elementor-button elementor-button-link elementor-size-md\" href=\"https:\/\/theimmediatemomentum.net\/it\/contact-us\/\">\n\t\t\t\t\t\t<span class=\"elementor-button-content-wrapper\">\n\t\t\t\t\t\t\t\t\t<span class=\"elementor-button-text\">Contattaci<\/span>\n\t\t\t\t\t<\/span>\n\t\t\t\t\t<\/a>\n\t\t\t\t\t\t\t\t<\/div>\n\t\t\t\t\t<\/div>\n\t\t\t\t<\/div>\n\t\t\t\t<\/div>","protected":false},"excerpt":{"rendered":"<p>Immediate Momentum Registration Embarking on your trading journey with Immediate Momentum is a straightforward process. Learn How to register with Immediate Momentum. Here\u2019s a step-by-step guide on how to get started: How to register with Immediate momentum: 1. Fill Out the Registration Form: The first and foremost step to register with our crypto trading platform [&hellip;]<\/p>\n","protected":false},"author":2,"featured_media":0,"parent":0,"menu_order":0,"comment_status":"closed","ping_status":"closed","template":"elementor_header_footer","meta":{"footnotes":""},"class_list":["post-176","page","type-page","status-publish","hentry"],"_links":{"self":[{"href":"https:\/\/theimmediatemomentum.net\/it\/wp-json\/wp\/v2\/pages\/176","targetHints":{"allow":["GET"]}}],"collection":[{"href":"https:\/\/theimmediatemomentum.net\/it\/wp-json\/wp\/v2\/pages"}],"about":[{"href":"https:\/\/theimmediatemomentum.net\/it\/wp-json\/wp\/v2\/types\/page"}],"author":[{"embeddable":true,"href":"https:\/\/theimmediatemomentum.net\/it\/wp-json\/wp\/v2\/users\/2"}],"replies":[{"embeddable":true,"href":"https:\/\/theimmediatemomentum.net\/it\/wp-json\/wp\/v2\/comments?post=176"}],"version-history":[{"count":149,"href":"https:\/\/theimmediatemomentum.net\/it\/wp-json\/wp\/v2\/pages\/176\/revisions"}],"predecessor-version":[{"id":5558,"href":"https:\/\/theimmediatemomentum.net\/it\/wp-json\/wp\/v2\/pages\/176\/revisions\/5558"}],"wp:attachment":[{"href":"https:\/\/theimmediatemomentum.net\/it\/wp-json\/wp\/v2\/media?parent=176"}],"curies":[{"name":"wp","href":"https:\/\/api.w.org\/{rel}","templated":true}]}}