{"id":176,"date":"2023-09-01T14:37:37","date_gmt":"2023-09-01T14:37:37","guid":{"rendered":"https:\/\/theimmediatemomentum.net\/?page_id=176"},"modified":"2025-10-10T10:28:06","modified_gmt":"2025-10-10T10:28:06","slug":"como-registar-com-impulso-imediato","status":"publish","type":"page","link":"https:\/\/theimmediatemomentum.net\/pt\/how-to-register-with-immediate-momentum\/","title":{"rendered":"Como se registar"},"content":{"rendered":"<div data-elementor-type=\"wp-page\" data-elementor-id=\"176\" class=\"elementor elementor-176\" data-elementor-post-type=\"page\">\n\t\t\t\t\t\t<section class=\"elementor-section elementor-top-section elementor-element elementor-element-21e9641 elementor-section-height-min-height elementor-section-boxed elementor-section-height-default elementor-section-items-middle\" data-id=\"21e9641\" data-element_type=\"section\" data-e-type=\"section\" data-settings=\"{&quot;background_background&quot;:&quot;classic&quot;}\">\n\t\t\t\t\t\t\t<div class=\"elementor-background-overlay\"><\/div>\n\t\t\t\t\t\t\t<div class=\"elementor-container elementor-column-gap-default\">\n\t\t\t\t\t<div class=\"elementor-column elementor-col-100 elementor-top-column elementor-element elementor-element-0af89c1\" data-id=\"0af89c1\" data-element_type=\"column\" data-e-type=\"column\">\n\t\t\t<div class=\"elementor-widget-wrap elementor-element-populated\">\n\t\t\t\t\t\t<div class=\"elementor-element elementor-element-8113353 elementor-widget elementor-widget-heading\" data-id=\"8113353\" data-element_type=\"widget\" data-e-type=\"widget\" data-widget_type=\"heading.default\">\n\t\t\t\t<div class=\"elementor-widget-container\">\n\t\t\t\t\t<h1 class=\"elementor-heading-title elementor-size-default\">Registo de Momentum Imediato<\/h1>\t\t\t\t<\/div>\n\t\t\t\t<\/div>\n\t\t\t\t<div class=\"elementor-element elementor-element-47a4578 elementor-widget__width-initial elementor-widget-mobile__width-initial elementor-widget elementor-widget-text-editor\" data-id=\"47a4578\" data-element_type=\"widget\" data-e-type=\"widget\" data-widget_type=\"text-editor.default\">\n\t\t\t\t<div class=\"elementor-widget-container\">\n\t\t\t\t\t\t\t\t\t<p>Embarcar na sua jornada de negocia\u00e7\u00e3o com a Immediate Momentum \u00e9 um processo simples. Saiba como se registar no Immediate Momentum. Aqui est\u00e1 um guia passo a passo sobre como come\u00e7ar:<\/p>\t\t\t\t\t\t\t\t<\/div>\n\t\t\t\t<\/div>\n\t\t\t\t\t<\/div>\n\t\t<\/div>\n\t\t\t\t\t<\/div>\n\t\t<\/section>\n\t\t<div class=\"elementor-element elementor-element-6e4d21b e-flex e-con-boxed e-con e-parent\" data-id=\"6e4d21b\" data-element_type=\"container\" data-e-type=\"container\" data-settings=\"{&quot;background_background&quot;:&quot;classic&quot;}\">\n\t\t\t\t\t<div class=\"e-con-inner\">\n\t\t\t\t<div class=\"elementor-element elementor-element-4531294 elementor-widget elementor-widget-heading\" data-id=\"4531294\" data-element_type=\"widget\" data-e-type=\"widget\" data-widget_type=\"heading.default\">\n\t\t\t\t<div class=\"elementor-widget-container\">\n\t\t\t\t\t<h2 class=\"elementor-heading-title elementor-size-default\">Como se registar no Immediate Moment:<\/h2>\t\t\t\t<\/div>\n\t\t\t\t<\/div>\n\t\t\t\t<div class=\"elementor-element elementor-element-d51bdf0 elementor-widget elementor-widget-heading\" data-id=\"d51bdf0\" data-element_type=\"widget\" data-e-type=\"widget\" data-widget_type=\"heading.default\">\n\t\t\t\t<div class=\"elementor-widget-container\">\n\t\t\t\t\t<h2 class=\"elementor-heading-title elementor-size-default\">1.\u00ba Preencha o Boletim de Inscri\u00e7\u00e3o:<\/h2>\t\t\t\t<\/div>\n\t\t\t\t<\/div>\n\t\t\t\t<div class=\"elementor-element elementor-element-33d4afe elementor-widget elementor-widget-text-editor\" data-id=\"33d4afe\" data-element_type=\"widget\" data-e-type=\"widget\" data-widget_type=\"text-editor.default\">\n\t\t\t\t<div class=\"elementor-widget-container\">\n\t\t\t\t\t\t\t\t\t<p>O primeiro e mais importante passo para se registar na nossa plataforma de negocia\u00e7\u00e3o de criptomoedas \u00e9 visitar o nosso website <a href=\"https:\/\/theimmediatemomentum.net\/pt\/\">theimmediatemomentum.net<\/a>\u00a0e navegue at\u00e9 ao \u201c<a href=\"https:\/\/theimmediatemomentum.net\/pt\/#regform\">Formul\u00e1rio de inscri\u00e7\u00e3o<\/a>\" . Aqui, ser-lhe-\u00e1 pedido que forne\u00e7a os seus detalhes essenciais. Este \u00e9 o seu ponto de entrada para o emocionante mundo da negocia\u00e7\u00e3o de criptomoedas.<\/p>\t\t\t\t\t\t\t\t<\/div>\n\t\t\t\t<\/div>\n\t\t\t\t<div class=\"elementor-element elementor-element-86ab922 elementor-widget elementor-widget-heading\" data-id=\"86ab922\" data-element_type=\"widget\" data-e-type=\"widget\" data-widget_type=\"heading.default\">\n\t\t\t\t<div class=\"elementor-widget-container\">\n\t\t\t\t\t<h2 class=\"elementor-heading-title elementor-size-default\">2.\u00ba A paci\u00eancia \u00e9 a chave:<\/h2>\t\t\t\t<\/div>\n\t\t\t\t<\/div>\n\t\t\t\t<div class=\"elementor-element elementor-element-ffdaf09 elementor-widget elementor-widget-text-editor\" data-id=\"ffdaf09\" data-element_type=\"widget\" data-e-type=\"widget\" data-widget_type=\"text-editor.default\">\n\t\t\t\t<div class=\"elementor-widget-container\">\n\t\t\t\t\t\t\t\t\t<p>No mundo din\u00e2mico do com\u00e9rcio de criptomoedas, a paci\u00eancia n\u00e3o \u00e9 apenas uma virtude, mas tamb\u00e9m uma necessidade. Devido \u00e0 elevada procura e \u00e0s cargas ocasionais do servidor, pode haver um pequeno atraso no processamento do seu registo. Agradecemos a sua paci\u00eancia durante este per\u00edodo e tenha a certeza de que estamos a trabalhar arduamente para que comece a utilizar a nossa plataforma.<\/p>\t\t\t\t\t\t\t\t<\/div>\n\t\t\t\t<\/div>\n\t\t\t\t<div class=\"elementor-element elementor-element-2956d2c elementor-widget elementor-widget-heading\" data-id=\"2956d2c\" data-element_type=\"widget\" data-e-type=\"widget\" data-widget_type=\"heading.default\">\n\t\t\t\t<div class=\"elementor-widget-container\">\n\t\t\t\t\t<h2 class=\"elementor-heading-title elementor-size-default\">3.\u00ba Verifique o seu e-mail:<\/h2>\t\t\t\t<\/div>\n\t\t\t\t<\/div>\n\t\t\t\t<div class=\"elementor-element elementor-element-6f46fb7 elementor-widget elementor-widget-text-editor\" data-id=\"6f46fb7\" data-element_type=\"widget\" data-e-type=\"widget\" data-widget_type=\"text-editor.default\">\n\t\t\t\t<div class=\"elementor-widget-container\">\n\t\t\t\t\t\t\t\t\t<p>Depois de se registar com sucesso, v\u00e1 at\u00e9 \u00e0 sua caixa de entrada de e-mail. Procure um e-mail contendo os seus dados de login para o \u201cImmediate momentum\u201d. Estas credenciais s\u00e3o cruciais para aceder \u00e0 sua conta e gerir os seus ativos criptogr\u00e1ficos.<\/p>\t\t\t\t\t\t\t\t<\/div>\n\t\t\t\t<\/div>\n\t\t\t\t<div class=\"elementor-element elementor-element-f9f4ed3 elementor-widget elementor-widget-heading\" data-id=\"f9f4ed3\" data-element_type=\"widget\" data-e-type=\"widget\" data-widget_type=\"heading.default\">\n\t\t\t\t<div class=\"elementor-widget-container\">\n\t\t\t\t\t<h2 class=\"elementor-heading-title elementor-size-default\">4.\u00ba Aceda \u00e0 \u00c1rea do Cliente:<\/h2>\t\t\t\t<\/div>\n\t\t\t\t<\/div>\n\t\t\t\t<div class=\"elementor-element elementor-element-d4ae3ee elementor-widget elementor-widget-text-editor\" data-id=\"d4ae3ee\" data-element_type=\"widget\" data-e-type=\"widget\" data-widget_type=\"text-editor.default\">\n\t\t\t\t<div class=\"elementor-widget-container\">\n\t\t\t\t\t\t\t\t\t<p>Utilizando as credenciais fornecidas, inicie sess\u00e3o na \u00e1rea de cliente. Este \u00e9 o seu painel, onde pode gerir e monitorizar as suas atividades de negocia\u00e7\u00e3o.<\/p>\t\t\t\t\t\t\t\t<\/div>\n\t\t\t\t<\/div>\n\t\t\t\t<div class=\"elementor-element elementor-element-2f12338 elementor-widget elementor-widget-heading\" data-id=\"2f12338\" data-element_type=\"widget\" data-e-type=\"widget\" data-widget_type=\"heading.default\">\n\t\t\t\t<div class=\"elementor-widget-container\">\n\t\t\t\t\t<h2 class=\"elementor-heading-title elementor-size-default\">5.\u00ba Dep\u00f3sito inicial:<\/h2>\t\t\t\t<\/div>\n\t\t\t\t<\/div>\n\t\t\t\t<div class=\"elementor-element elementor-element-78b46b3 elementor-widget elementor-widget-text-editor\" data-id=\"78b46b3\" data-element_type=\"widget\" data-e-type=\"widget\" data-widget_type=\"text-editor.default\">\n\t\t\t\t<div class=\"elementor-widget-container\">\n\t\t\t\t\t\t\t\t\t<p>Para iniciar a sua jornada de negocia\u00e7\u00e3o com o Immediate Momentum, \u00e9 necess\u00e1rio um dep\u00f3sito m\u00ednimo de 180 EUR. Tenha a certeza de que este processo \u00e9 seguro e direto. Pode concluir o seu dep\u00f3sito atrav\u00e9s da sec\u00e7\u00e3o \u201cDetalhes do dep\u00f3sito de momento imediato\u201d na sua \u00e1rea de cliente. Este investimento inicial \u00e9 o seu bilhete para o emocionante mundo do com\u00e9rcio online.<\/p>\t\t\t\t\t\t\t\t<\/div>\n\t\t\t\t<\/div>\n\t\t\t\t<div class=\"elementor-element elementor-element-7d279ce elementor-widget elementor-widget-heading\" data-id=\"7d279ce\" data-element_type=\"widget\" data-e-type=\"widget\" data-widget_type=\"heading.default\">\n\t\t\t\t<div class=\"elementor-widget-container\">\n\t\t\t\t\t<h2 class=\"elementor-heading-title elementor-size-default\">6.\u00ba Entre em contacto com um gestor de contas: <\/h2>\t\t\t\t<\/div>\n\t\t\t\t<\/div>\n\t\t\t\t<div class=\"elementor-element elementor-element-a8ef164 elementor-widget elementor-widget-text-editor\" data-id=\"a8ef164\" data-element_type=\"widget\" data-e-type=\"widget\" data-widget_type=\"text-editor.default\">\n\t\t\t\t<div class=\"elementor-widget-container\">\n\t\t\t\t\t\t\t\t\t<p>Embora a negocia\u00e7\u00e3o online possa ser altamente lucrativa, tamb\u00e9m traz consigo os seus riscos. Na Immediate Momentum, priorizamos o seu sucesso e seguran\u00e7a. Assim sendo, todas as novas contas ser\u00e3o contactadas por um \u201cGestor de Contas de Momentum Imediato\u201d. O seu papel \u00e9 crucial \u2013 ir\u00e3o gui\u00e1-lo atrav\u00e9s do processo de configura\u00e7\u00e3o, explicar os riscos de negocia\u00e7\u00e3o associados e garantir que est\u00e1 bem informado antes de tomar qualquer decis\u00e3o. Sinta-se \u00e0 vontade para fazer perguntas e procurar orienta\u00e7\u00e3o; Os nossos gestores de conta est\u00e3o aqui para o apoiar em cada etapa do caminho.<\/p>\t\t\t\t\t\t\t\t<\/div>\n\t\t\t\t<\/div>\n\t\t\t\t<div class=\"elementor-element elementor-element-5d8d9ff elementor-widget elementor-widget-heading\" data-id=\"5d8d9ff\" data-element_type=\"widget\" data-e-type=\"widget\" data-widget_type=\"heading.default\">\n\t\t\t\t<div class=\"elementor-widget-container\">\n\t\t\t\t\t<h2 class=\"elementor-heading-title elementor-size-default\">7.\u00ba Retirada e Negocia\u00e7\u00e3o:<\/h2>\t\t\t\t<\/div>\n\t\t\t\t<\/div>\n\t\t\t\t<div class=\"elementor-element elementor-element-1d7dac1 elementor-widget elementor-widget-text-editor\" data-id=\"1d7dac1\" data-element_type=\"widget\" data-e-type=\"widget\" data-widget_type=\"text-editor.default\">\n\t\t\t\t<div class=\"elementor-widget-container\">\n\t\t\t\t\t\t\t\t\t<p>O seu gestor de conta tamb\u00e9m o orientar\u00e1 no \u201cProcesso de Retirada Imediata de Momentum\u201d. Acreditamos na transpar\u00eancia e queremos que se sinta confort\u00e1vel com as suas decis\u00f5es de negocia\u00e7\u00e3o. Quando estiver confiante e pronto, poder\u00e1 iniciar as suas atividades de negocia\u00e7\u00e3o. A nossa plataforma oferece uma vasta gama de op\u00e7\u00f5es e ferramentas de negocia\u00e7\u00e3o para se adequar \u00e0s suas prefer\u00eancias.<\/p>\t\t\t\t\t\t\t\t<\/div>\n\t\t\t\t<\/div>\n\t\t\t\t<div class=\"elementor-element elementor-element-1551725 elementor-align-left elementor-widget elementor-widget-button\" data-id=\"1551725\" data-element_type=\"widget\" data-e-type=\"widget\" data-widget_type=\"button.default\">\n\t\t\t\t<div class=\"elementor-widget-container\">\n\t\t\t\t\t\t\t\t\t<div class=\"elementor-button-wrapper\">\n\t\t\t\t\t<a class=\"elementor-button elementor-button-link elementor-size-md\" href=\"https:\/\/theimmediatemomentum.net\/pt\/contact-us\/\">\n\t\t\t\t\t\t<span class=\"elementor-button-content-wrapper\">\n\t\t\t\t\t\t\t\t\t<span class=\"elementor-button-text\">Contate-nos<\/span>\n\t\t\t\t\t<\/span>\n\t\t\t\t\t<\/a>\n\t\t\t\t<\/div>\n\t\t\t\t\t\t\t\t<\/div>\n\t\t\t\t<\/div>\n\t\t\t\t\t<\/div>\n\t\t\t\t<\/div>\n\t\t\t\t<\/div>","protected":false},"excerpt":{"rendered":"<p>Immediate Momentum Registration Embarking on your trading journey with Immediate Momentum is a straightforward process. Learn How to register with Immediate Momentum. Here\u2019s a step-by-step guide on how to get started: How to register with Immediate momentum: 1. Fill Out the Registration Form: The first and foremost step to register with our crypto trading platform [&hellip;]<\/p>\n","protected":false},"author":2,"featured_media":0,"parent":0,"menu_order":0,"comment_status":"closed","ping_status":"closed","template":"elementor_header_footer","meta":{"footnotes":""},"class_list":["post-176","page","type-page","status-publish","hentry"],"_links":{"self":[{"href":"https:\/\/theimmediatemomentum.net\/pt\/wp-json\/wp\/v2\/pages\/176","targetHints":{"allow":["GET"]}}],"collection":[{"href":"https:\/\/theimmediatemomentum.net\/pt\/wp-json\/wp\/v2\/pages"}],"about":[{"href":"https:\/\/theimmediatemomentum.net\/pt\/wp-json\/wp\/v2\/types\/page"}],"author":[{"embeddable":true,"href":"https:\/\/theimmediatemomentum.net\/pt\/wp-json\/wp\/v2\/users\/2"}],"replies":[{"embeddable":true,"href":"https:\/\/theimmediatemomentum.net\/pt\/wp-json\/wp\/v2\/comments?post=176"}],"version-history":[{"count":149,"href":"https:\/\/theimmediatemomentum.net\/pt\/wp-json\/wp\/v2\/pages\/176\/revisions"}],"predecessor-version":[{"id":5558,"href":"https:\/\/theimmediatemomentum.net\/pt\/wp-json\/wp\/v2\/pages\/176\/revisions\/5558"}],"wp:attachment":[{"href":"https:\/\/theimmediatemomentum.net\/pt\/wp-json\/wp\/v2\/media?parent=176"}],"curies":[{"name":"wp","href":"https:\/\/api.w.org\/{rel}","templated":true}]}}