{"id":190,"date":"2023-09-01T14:51:28","date_gmt":"2023-09-01T14:51:28","guid":{"rendered":"https:\/\/theimmediatemomentum.net\/?page_id=190"},"modified":"2025-05-20T08:02:43","modified_gmt":"2025-05-20T08:02:43","slug":"aplicacao-momentum-imediato","status":"publish","type":"page","link":"https:\/\/theimmediatemomentum.net\/pt\/immediate-momentum-app\/","title":{"rendered":"Aplicativo Momentum Imediato"},"content":{"rendered":"<div data-elementor-type=\"wp-page\" data-elementor-id=\"190\" class=\"elementor elementor-190\" data-elementor-post-type=\"page\">\n\t\t\t\t\t\t<section class=\"elementor-section elementor-top-section elementor-element elementor-element-3bd0271 elementor-section-height-min-height elementor-section-boxed elementor-section-height-default elementor-section-items-middle\" data-id=\"3bd0271\" data-element_type=\"section\" data-e-type=\"section\" data-settings=\"{&quot;background_background&quot;:&quot;classic&quot;}\">\n\t\t\t\t\t\t\t<div class=\"elementor-background-overlay\"><\/div>\n\t\t\t\t\t\t\t<div class=\"elementor-container elementor-column-gap-default\">\n\t\t\t\t\t<div class=\"elementor-column elementor-col-100 elementor-top-column elementor-element elementor-element-9573daa\" data-id=\"9573daa\" data-element_type=\"column\" data-e-type=\"column\">\n\t\t\t<div class=\"elementor-widget-wrap elementor-element-populated\">\n\t\t\t\t\t\t<div class=\"elementor-element elementor-element-01cd3d1 elementor-widget elementor-widget-heading\" data-id=\"01cd3d1\" data-element_type=\"widget\" data-e-type=\"widget\" data-widget_type=\"heading.default\">\n\t\t\t\t<div class=\"elementor-widget-container\">\n\t\t\t\t\t<h1 class=\"elementor-heading-title elementor-size-default\">Aplica\u00e7\u00e3o de negocia\u00e7\u00e3o de criptomoedas Immediate Momentum<\/h1>\t\t\t\t<\/div>\n\t\t\t\t<\/div>\n\t\t\t\t<div class=\"elementor-element elementor-element-ffa35b5 elementor-widget elementor-widget-heading\" data-id=\"ffa35b5\" data-element_type=\"widget\" data-e-type=\"widget\" data-widget_type=\"heading.default\">\n\t\t\t\t<div class=\"elementor-widget-container\">\n\t\t\t\t\t<h2 class=\"elementor-heading-title elementor-size-default\">O futuro do com\u00e9rcio autom\u00f3vel<\/h2>\t\t\t\t<\/div>\n\t\t\t\t<\/div>\n\t\t\t\t<div class=\"elementor-element elementor-element-6d7ef7b2 elementor-widget__width-initial elementor-widget-tablet__width-initial elementor-widget elementor-widget-text-editor\" data-id=\"6d7ef7b2\" data-element_type=\"widget\" data-e-type=\"widget\" data-widget_type=\"text-editor.default\">\n\t\t\t\t<div class=\"elementor-widget-container\">\n\t\t\t\t\t\t\t\t\t<p>Bem-vindo \u00e0 aplica\u00e7\u00e3o Immediate Momentum, a sua porta de entrada para o emocionante mundo de <a href=\"https:\/\/theimmediatemomentum.net\/pt\/\">negocia\u00e7\u00e3o de criptomoedas e bitcoins<\/a>! A nossa plataforma foi meticulosamente concebida para servir traders novatos e experientes, fornecendo uma infinidade de ferramentas de negocia\u00e7\u00e3o avan\u00e7adas, dados de mercado em tempo real e orienta\u00e7\u00e3o especializada para o ajudar a navegar com confian\u00e7a no vol\u00e1til mercado das criptomoedas.<\/p>\t\t\t\t\t\t\t\t<\/div>\n\t\t\t\t<\/div>\n\t\t\t\t\t<\/div>\n\t\t<\/div>\n\t\t\t\t\t<\/div>\n\t\t<\/section>\n\t\t\t\t<section class=\"elementor-section elementor-top-section elementor-element elementor-element-3f5d4324 elementor-section-boxed elementor-section-height-default elementor-section-height-default\" data-id=\"3f5d4324\" data-element_type=\"section\" data-e-type=\"section\" data-settings=\"{&quot;background_background&quot;:&quot;classic&quot;}\">\n\t\t\t\t\t\t<div class=\"elementor-container elementor-column-gap-default\">\n\t\t\t\t\t<div class=\"elementor-column elementor-col-100 elementor-top-column elementor-element elementor-element-deb530\" data-id=\"deb530\" data-element_type=\"column\" data-e-type=\"column\">\n\t\t\t<div class=\"elementor-widget-wrap elementor-element-populated\">\n\t\t\t\t\t\t<section class=\"elementor-section elementor-inner-section elementor-element elementor-element-43835ba2 elementor-section-boxed elementor-section-height-default elementor-section-height-default\" data-id=\"43835ba2\" data-element_type=\"section\" data-e-type=\"section\">\n\t\t\t\t\t\t<div class=\"elementor-container elementor-column-gap-default\">\n\t\t\t\t\t<div class=\"elementor-column elementor-col-100 elementor-inner-column elementor-element elementor-element-26ed769e\" data-id=\"26ed769e\" data-element_type=\"column\" data-e-type=\"column\">\n\t\t\t<div class=\"elementor-widget-wrap elementor-element-populated\">\n\t\t\t\t\t\t<div class=\"elementor-element elementor-element-43934216 elementor-widget elementor-widget-heading\" data-id=\"43934216\" data-element_type=\"widget\" data-e-type=\"widget\" data-widget_type=\"heading.default\">\n\t\t\t\t<div class=\"elementor-widget-container\">\n\t\t\t\t\t<h2 class=\"elementor-heading-title elementor-size-default\">Interface amig\u00e1vel:<\/h2>\t\t\t\t<\/div>\n\t\t\t\t<\/div>\n\t\t\t\t<div class=\"elementor-element elementor-element-1291bf0c elementor-widget elementor-widget-text-editor\" data-id=\"1291bf0c\" data-element_type=\"widget\" data-e-type=\"widget\" data-widget_type=\"text-editor.default\">\n\t\t\t\t<div class=\"elementor-widget-container\">\n\t\t\t\t\t\t\t\t\t<p>Experimente a facilidade de navega\u00e7\u00e3o e a acessibilidade com a nossa interface de f\u00e1cil utiliza\u00e7\u00e3o, feita \u00e0 medida para os traders que se aventuram nos mercados das criptomoedas e bitcoins com a aplica\u00e7\u00e3o Immediate Momentum Crypto Trading.<\/p>\t\t\t\t\t\t\t\t<\/div>\n\t\t\t\t<\/div>\n\t\t\t\t\t<\/div>\n\t\t<\/div>\n\t\t\t\t\t<\/div>\n\t\t<\/section>\n\t\t\t\t<section class=\"elementor-section elementor-inner-section elementor-element elementor-element-2f1dbd0e elementor-section-boxed elementor-section-height-default elementor-section-height-default\" data-id=\"2f1dbd0e\" data-element_type=\"section\" data-e-type=\"section\">\n\t\t\t\t\t\t<div class=\"elementor-container elementor-column-gap-default\">\n\t\t\t\t\t<div class=\"elementor-column elementor-col-100 elementor-inner-column elementor-element elementor-element-493a81e8\" data-id=\"493a81e8\" data-element_type=\"column\" data-e-type=\"column\">\n\t\t\t<div class=\"elementor-widget-wrap elementor-element-populated\">\n\t\t\t\t\t\t<div class=\"elementor-element elementor-element-3406df35 elementor-widget elementor-widget-heading\" data-id=\"3406df35\" data-element_type=\"widget\" data-e-type=\"widget\" data-widget_type=\"heading.default\">\n\t\t\t\t<div class=\"elementor-widget-container\">\n\t\t\t\t\t<h2 class=\"elementor-heading-title elementor-size-default\">Ferramentas avan\u00e7adas de negocia\u00e7\u00e3o de criptomoedas:<\/h2>\t\t\t\t<\/div>\n\t\t\t\t<\/div>\n\t\t\t\t<div class=\"elementor-element elementor-element-7f702f30 elementor-widget elementor-widget-text-editor\" data-id=\"7f702f30\" data-element_type=\"widget\" data-e-type=\"widget\" data-widget_type=\"text-editor.default\">\n\t\t\t\t<div class=\"elementor-widget-container\">\n\t\t\t\t\t\t\t\t\t<p>Tire partido das nossas ferramentas de negocia\u00e7\u00e3o, tabelas e gr\u00e1ficos de \u00faltima gera\u00e7\u00e3o para compreender completamente a din\u00e2mica do mercado das criptomoedas e tomar decis\u00f5es de negocia\u00e7\u00e3o informadas.<\/p>\t\t\t\t\t\t\t\t<\/div>\n\t\t\t\t<\/div>\n\t\t\t\t\t<\/div>\n\t\t<\/div>\n\t\t\t\t\t<\/div>\n\t\t<\/section>\n\t\t\t\t<section class=\"elementor-section elementor-inner-section elementor-element elementor-element-1b324386 elementor-section-boxed elementor-section-height-default elementor-section-height-default\" data-id=\"1b324386\" data-element_type=\"section\" data-e-type=\"section\">\n\t\t\t\t\t\t<div class=\"elementor-container elementor-column-gap-default\">\n\t\t\t\t\t<div class=\"elementor-column elementor-col-100 elementor-inner-column elementor-element elementor-element-51360de0\" data-id=\"51360de0\" data-element_type=\"column\" data-e-type=\"column\">\n\t\t\t<div class=\"elementor-widget-wrap elementor-element-populated\">\n\t\t\t\t\t\t<div class=\"elementor-element elementor-element-8379e32 elementor-widget elementor-widget-heading\" data-id=\"8379e32\" data-element_type=\"widget\" data-e-type=\"widget\" data-widget_type=\"heading.default\">\n\t\t\t\t<div class=\"elementor-widget-container\">\n\t\t\t\t\t<h2 class=\"elementor-heading-title elementor-size-default\">Real-Time Crypto Market Data:<\/h2>\t\t\t\t<\/div>\n\t\t\t\t<\/div>\n\t\t\t\t<div class=\"elementor-element elementor-element-5db13900 elementor-widget elementor-widget-text-editor\" data-id=\"5db13900\" data-element_type=\"widget\" data-e-type=\"widget\" data-widget_type=\"text-editor.default\">\n\t\t\t\t<div class=\"elementor-widget-container\">\n\t\t\t\t\t\t\t\t\t<p>Mantenha-se \u00e0 frente das tend\u00eancias do mercado com dados e insights em tempo real, garantindo que pode capitalizar oportunidades de negocia\u00e7\u00e3o lucrativas nos setores das criptomoedas e bitcoin.<\/p>\t\t\t\t\t\t\t\t<\/div>\n\t\t\t\t<\/div>\n\t\t\t\t\t<\/div>\n\t\t<\/div>\n\t\t\t\t\t<\/div>\n\t\t<\/section>\n\t\t\t\t<section class=\"elementor-section elementor-inner-section elementor-element elementor-element-22390fa1 elementor-section-boxed elementor-section-height-default elementor-section-height-default\" data-id=\"22390fa1\" data-element_type=\"section\" data-e-type=\"section\">\n\t\t\t\t\t\t<div class=\"elementor-container elementor-column-gap-default\">\n\t\t\t\t\t<div class=\"elementor-column elementor-col-100 elementor-inner-column elementor-element elementor-element-10fb87ea\" data-id=\"10fb87ea\" data-element_type=\"column\" data-e-type=\"column\">\n\t\t\t<div class=\"elementor-widget-wrap elementor-element-populated\">\n\t\t\t\t\t\t<div class=\"elementor-element elementor-element-609ef5cf elementor-widget elementor-widget-heading\" data-id=\"609ef5cf\" data-element_type=\"widget\" data-e-type=\"widget\" data-widget_type=\"heading.default\">\n\t\t\t\t<div class=\"elementor-widget-container\">\n\t\t\t\t\t<h2 class=\"elementor-heading-title elementor-size-default\">Orienta\u00e7\u00e3o especializada em negocia\u00e7\u00e3o de criptomoedas:<\/h2>\t\t\t\t<\/div>\n\t\t\t\t<\/div>\n\t\t\t\t<div class=\"elementor-element elementor-element-f25955c elementor-widget elementor-widget-text-editor\" data-id=\"f25955c\" data-element_type=\"widget\" data-e-type=\"widget\" data-widget_type=\"text-editor.default\">\n\t\t\t\t<div class=\"elementor-widget-container\">\n\t\t\t\t\t\t\t\t\t<p>Aprenda os segredos do sucesso na negocia\u00e7\u00e3o de criptomoedas com l\u00edderes do setor, adquirindo estrat\u00e9gias e insights que lhe permitir\u00e3o prosperar a n\u00edvel global.<\/p>\t\t\t\t\t\t\t\t<\/div>\n\t\t\t\t<\/div>\n\t\t\t\t\t<\/div>\n\t\t<\/div>\n\t\t\t\t\t<\/div>\n\t\t<\/section>\n\t\t\t\t<section class=\"elementor-section elementor-inner-section elementor-element elementor-element-659e7bce elementor-section-boxed elementor-section-height-default elementor-section-height-default\" data-id=\"659e7bce\" data-element_type=\"section\" data-e-type=\"section\">\n\t\t\t\t\t\t<div class=\"elementor-container elementor-column-gap-default\">\n\t\t\t\t\t<div class=\"elementor-column elementor-col-100 elementor-inner-column elementor-element elementor-element-423dd4f\" data-id=\"423dd4f\" data-element_type=\"column\" data-e-type=\"column\">\n\t\t\t<div class=\"elementor-widget-wrap elementor-element-populated\">\n\t\t\t\t\t\t<div class=\"elementor-element elementor-element-2fcbdc7e elementor-widget elementor-widget-heading\" data-id=\"2fcbdc7e\" data-element_type=\"widget\" data-e-type=\"widget\" data-widget_type=\"heading.default\">\n\t\t\t\t<div class=\"elementor-widget-container\">\n\t\t\t\t\t<h2 class=\"elementor-heading-title elementor-size-default\">Suporte personalizado:<\/h2>\t\t\t\t<\/div>\n\t\t\t\t<\/div>\n\t\t\t\t<div class=\"elementor-element elementor-element-4eddb172 elementor-widget elementor-widget-text-editor\" data-id=\"4eddb172\" data-element_type=\"widget\" data-e-type=\"widget\" data-widget_type=\"text-editor.default\">\n\t\t\t\t<div class=\"elementor-widget-container\">\n\t\t\t\t\t\t\t\t\t<p>A nossa equipa dedicada de corretores de criptomoedas est\u00e1 pronta para responder \u00e0s suas d\u00favidas e prestar assist\u00eancia, promovendo uma experi\u00eancia de negocia\u00e7\u00e3o enriquecedora e de suporte.<\/p>\t\t\t\t\t\t\t\t<\/div>\n\t\t\t\t<\/div>\n\t\t\t\t<div class=\"elementor-element elementor-element-1fc1c96 elementor-widget elementor-widget-heading\" data-id=\"1fc1c96\" data-element_type=\"widget\" data-e-type=\"widget\" data-widget_type=\"heading.default\">\n\t\t\t\t<div class=\"elementor-widget-container\">\n\t\t\t\t\t<h2 class=\"elementor-heading-title elementor-size-default\">Embarque numa jornada criptogr\u00e1fica:<\/h2>\t\t\t\t<\/div>\n\t\t\t\t<\/div>\n\t\t\t\t<div class=\"elementor-element elementor-element-9239157 elementor-widget elementor-widget-text-editor\" data-id=\"9239157\" data-element_type=\"widget\" data-e-type=\"widget\" data-widget_type=\"text-editor.default\">\n\t\t\t\t<div class=\"elementor-widget-container\">\n\t\t\t\t\t\t\t\t\t<p>Entre no vasto e din\u00e2mico universo da negocia\u00e7\u00e3o de criptomoedas e bitcoins com a aplica\u00e7\u00e3o Immediate Momentum. A nossa plataforma \u00e9 um farol para aqueles que procuram explorar o potencial inexplorado dos ativos digitais. Quer seja um principiante a dar os primeiros passos ou um trader experiente que procura elevar a sua experi\u00eancia de trading, o Immediate Momentum \u00e9 o seu companheiro nesta emocionante jornada.<\/p>\t\t\t\t\t\t\t\t<\/div>\n\t\t\t\t<\/div>\n\t\t\t\t<div class=\"elementor-element elementor-element-4a55e2b elementor-widget elementor-widget-heading\" data-id=\"4a55e2b\" data-element_type=\"widget\" data-e-type=\"widget\" data-widget_type=\"heading.default\">\n\t\t\t\t<div class=\"elementor-widget-container\">\n\t\t\t\t\t<h2 class=\"elementor-heading-title elementor-size-default\">An\u00e1lise de mercado aprofundada:<\/h2>\t\t\t\t<\/div>\n\t\t\t\t<\/div>\n\t\t\t\t<div class=\"elementor-element elementor-element-88c597a elementor-widget elementor-widget-text-editor\" data-id=\"88c597a\" data-element_type=\"widget\" data-e-type=\"widget\" data-widget_type=\"text-editor.default\">\n\t\t\t\t<div class=\"elementor-widget-container\">\n\t\t\t\t\t\t\t\t\t<p>Aprofunde o mercado das criptomoedas com as nossas an\u00e1lises e insights detalhados. A aplica\u00e7\u00e3o Immediate Momentum Crypto Trading aproxima-o do pulso do mercado, examinando meticulosamente as tend\u00eancias do mercado das criptomoedas, as transforma\u00e7\u00f5es da blockchain e as trajet\u00f3rias de v\u00e1rias criptomoedas, incluindo Bitcoin e Ethereum. Mantenha-se informado e tome decis\u00f5es baseadas em dados com a nossa vis\u00e3o abrangente do crescimento do mercado de criptomoedas e proje\u00e7\u00f5es futuras.<\/p>\t\t\t\t\t\t\t\t<\/div>\n\t\t\t\t<\/div>\n\t\t\t\t<div class=\"elementor-element elementor-element-4de3bb0 elementor-widget elementor-widget-heading\" data-id=\"4de3bb0\" data-element_type=\"widget\" data-e-type=\"widget\" data-widget_type=\"heading.default\">\n\t\t\t\t<div class=\"elementor-widget-container\">\n\t\t\t\t\t<h2 class=\"elementor-heading-title elementor-size-default\">Explorar criptomoedas e o metaverso:<\/h2>\t\t\t\t<\/div>\n\t\t\t\t<\/div>\n\t\t\t\t<div class=\"elementor-element elementor-element-0c60647 elementor-widget elementor-widget-text-editor\" data-id=\"0c60647\" data-element_type=\"widget\" data-e-type=\"widget\" data-widget_type=\"text-editor.default\">\n\t\t\t\t<div class=\"elementor-widget-container\">\n\t\t\t\t\t\t\t\t\t<p>O panorama das criptomoedas est\u00e1 em constante evolu\u00e7\u00e3o, e a aplica\u00e7\u00e3o Immediate Momentum \u00e9 o seu guia para navegar neste terreno din\u00e2mico. Explore o futuro dos ativos online, compreenda as diferen\u00e7as entre negociar criptomoedas e moedas do Metaverso e avalie o seu impacto na economia global. A nossa plataforma oferece uma vis\u00e3o hol\u00edstica dos ativos digitais e do seu potencial para remodelar o ecossistema financeiro.<\/p>\t\t\t\t\t\t\t\t<\/div>\n\t\t\t\t<\/div>\n\t\t\t\t<div class=\"elementor-element elementor-element-2a0dc1e elementor-widget elementor-widget-heading\" data-id=\"2a0dc1e\" data-element_type=\"widget\" data-e-type=\"widget\" data-widget_type=\"heading.default\">\n\t\t\t\t<div class=\"elementor-widget-container\">\n\t\t\t\t\t<h2 class=\"elementor-heading-title elementor-size-default\">Perguntas frequentes e aconselhamento personalizado:<\/h2>\t\t\t\t<\/div>\n\t\t\t\t<\/div>\n\t\t\t\t<div class=\"elementor-element elementor-element-b6e71bd elementor-widget elementor-widget-text-editor\" data-id=\"b6e71bd\" data-element_type=\"widget\" data-e-type=\"widget\" data-widget_type=\"text-editor.default\">\n\t\t\t\t<div class=\"elementor-widget-container\">\n\t\t\t\t\t\t\t\t\t<p>Tem d\u00favidas sobre a negocia\u00e7\u00e3o de criptomoedas? A aplica\u00e7\u00e3o Immediate Momentum tem as respostas. A nossa plataforma apresenta uma sec\u00e7\u00e3o de perguntas frequentes abrangente que aborda d\u00favidas comuns sobre investimentos em criptomoedas, tend\u00eancias de mercado e as ofertas exclusivas da Immediate Momentum. Al\u00e9m disso, a nossa equipa de especialistas est\u00e1 dispon\u00edvel para fornecer aconselhamento e apoio personalizados, garantindo que est\u00e1 bem equipado para navegar pelos mares das criptomoedas com confian\u00e7a.<\/p>\t\t\t\t\t\t\t\t<\/div>\n\t\t\t\t<\/div>\n\t\t\t\t<div class=\"elementor-element elementor-element-9de1d54 elementor-widget elementor-widget-heading\" data-id=\"9de1d54\" data-element_type=\"widget\" data-e-type=\"widget\" data-widget_type=\"heading.default\">\n\t\t\t\t<div class=\"elementor-widget-container\">\n\t\t\t\t\t<h2 class=\"elementor-heading-title elementor-size-default\">Sensibiliza\u00e7\u00e3o para os riscos e negocia\u00e7\u00e3o respons\u00e1vel:<\/h2>\t\t\t\t<\/div>\n\t\t\t\t<\/div>\n\t\t\t\t<div class=\"elementor-element elementor-element-86c8996 elementor-widget elementor-widget-text-editor\" data-id=\"86c8996\" data-element_type=\"widget\" data-e-type=\"widget\" data-widget_type=\"text-editor.default\">\n\t\t\t\t<div class=\"elementor-widget-container\">\n\t\t\t\t\t\t\t\t\t<p>A negocia\u00e7\u00e3o no mercado das criptomoedas traz consigo a sua quota-parte de riscos e, na Immediate Momentum, priorizamos a negocia\u00e7\u00e3o respons\u00e1vel. A nossa plataforma educa os utilizadores sobre os potenciais riscos e recompensas, enfatizando a import\u00e2ncia da tomada de decis\u00f5es informadas. Estamos comprometidos com a transpar\u00eancia e a integridade, sendo o seu parceiro de confian\u00e7a em negocia\u00e7\u00f5es de criptomoedas respons\u00e1veis \u200b\u200be seguras.<\/p>\t\t\t\t\t\t\t\t<\/div>\n\t\t\t\t<\/div>\n\t\t\t\t<div class=\"elementor-element elementor-element-23f023a elementor-widget elementor-widget-heading\" data-id=\"23f023a\" data-element_type=\"widget\" data-e-type=\"widget\" data-widget_type=\"heading.default\">\n\t\t\t\t<div class=\"elementor-widget-container\">\n\t\t\t\t\t<h2 class=\"elementor-heading-title elementor-size-default\">Junte-se \u00e0 Comunidade Immediate Momentum:<\/h2>\t\t\t\t<\/div>\n\t\t\t\t<\/div>\n\t\t\t\t<div class=\"elementor-element elementor-element-fdda77e elementor-widget elementor-widget-text-editor\" data-id=\"fdda77e\" data-element_type=\"widget\" data-e-type=\"widget\" data-widget_type=\"text-editor.default\">\n\t\t\t\t<div class=\"elementor-widget-container\">\n\t\t\t\t\t\t\t\t\t<p>Fa\u00e7a parte da comunidade Immediate Momentum e ligue-se a traders e entusiastas de criptomoedas com ideias semelhantes. Partilhe experi\u00eancias, troque insights e mantenha-se atualizado com os \u00faltimos conte\u00fados e desenvolvimentos no mundo das criptomoedas. O Immediate Momentum \u00e9 mais do que apenas uma plataforma de trading; \u00e9 uma comunidade de indiv\u00edduos apaixonados por explorar as infinitas possibilidades da negocia\u00e7\u00e3o de criptomoedas.<\/p>\t\t\t\t\t\t\t\t<\/div>\n\t\t\t\t<\/div>\n\t\t\t\t\t<\/div>\n\t\t<\/div>\n\t\t\t\t\t<\/div>\n\t\t<\/section>\n\t\t\t\t<div class=\"elementor-element elementor-element-d7bbbd8 elementor-widget elementor-widget-text-editor\" data-id=\"d7bbbd8\" data-element_type=\"widget\" data-e-type=\"widget\" data-widget_type=\"text-editor.default\">\n\t\t\t\t<div class=\"elementor-widget-container\">\n\t\t\t\t\t\t\t\t\tConcluindo, a Immediate Momentum App n\u00e3o \u00e9 apenas mais uma plataforma de trading. \u00c9 uma mistura de tecnologia e conhecimento humano, garantindo que os traders, sejam eles novatos ou especialistas, t\u00eam as melhores ferramentas \u00e0 disposi\u00e7\u00e3o.\t\t\t\t\t\t\t\t<\/div>\n\t\t\t\t<\/div>\n\t\t\t\t<div class=\"elementor-element elementor-element-7913435 elementor-widget elementor-widget-heading\" data-id=\"7913435\" data-element_type=\"widget\" data-e-type=\"widget\" data-widget_type=\"heading.default\">\n\t\t\t\t<div class=\"elementor-widget-container\">\n\t\t\t\t\t<h2 class=\"elementor-heading-title elementor-size-default\">Mergulhe mais fundo com o Momentum Imediato<\/h2>\t\t\t\t<\/div>\n\t\t\t\t<\/div>\n\t\t\t\t<div class=\"elementor-element elementor-element-bcb4bad elementor-widget elementor-widget-text-editor\" data-id=\"bcb4bad\" data-element_type=\"widget\" data-e-type=\"widget\" data-widget_type=\"text-editor.default\">\n\t\t\t\t<div class=\"elementor-widget-container\">\n\t\t\t\t\t\t\t\t\t<p>Desbloqueie as portas para um mundo de oportunidades e entre num reino onde a negocia\u00e7\u00e3o de criptomoedas se encontra com inova\u00e7\u00e3o e experi\u00eancia. A aplica\u00e7\u00e3o de negocia\u00e7\u00e3o de criptomoedas Immediate Momentum \u00e9 a chave para descobrir o potencial da negocia\u00e7\u00e3o de criptomoedas e bitcoins, proporcionando uma experi\u00eancia enriquecedora e integrada, adaptada \u00e0s suas necessidades de negocia\u00e7\u00e3o. Junte-se a n\u00f3s para navegar pelo futuro dos ativos digitais e negoceie com confian\u00e7a e impulso imediato!<\/p>\t\t\t\t\t\t\t\t<\/div>\n\t\t\t\t<\/div>\n\t\t\t\t<div class=\"elementor-element elementor-element-9fb0aa7 elementor-align-center elementor-widget elementor-widget-button\" data-id=\"9fb0aa7\" data-element_type=\"widget\" data-e-type=\"widget\" data-widget_type=\"button.default\">\n\t\t\t\t<div class=\"elementor-widget-container\">\n\t\t\t\t\t\t\t\t\t<div class=\"elementor-button-wrapper\">\n\t\t\t\t\t<a class=\"elementor-button elementor-button-link elementor-size-md\" href=\"https:\/\/theimmediatemomentum.net\/pt\/#regform\">\n\t\t\t\t\t\t<span class=\"elementor-button-content-wrapper\">\n\t\t\t\t\t\t\t\t\t<span class=\"elementor-button-text\">Comece agora<\/span>\n\t\t\t\t\t<\/span>\n\t\t\t\t\t<\/a>\n\t\t\t\t<\/div>\n\t\t\t\t\t\t\t\t<\/div>\n\t\t\t\t<\/div>\n\t\t\t\t\t<\/div>\n\t\t<\/div>\n\t\t\t\t\t<\/div>\n\t\t<\/section>\n\t\t\t\t<\/div>","protected":false},"excerpt":{"rendered":"<p>Immediate Momentum crypto trading App The Future of Auto Trading Welcome to the Immediate Momentum App, your gateway to the exciting world of crypto and bitcoin trading! Our platform is meticulously designed to cater to novice and seasoned traders, providing a plethora of advanced trading tools, real-time market data, and expert guidance to help you [&hellip;]<\/p>\n","protected":false},"author":2,"featured_media":0,"parent":0,"menu_order":0,"comment_status":"closed","ping_status":"closed","template":"elementor_header_footer","meta":{"footnotes":""},"class_list":["post-190","page","type-page","status-publish","hentry"],"_links":{"self":[{"href":"https:\/\/theimmediatemomentum.net\/pt\/wp-json\/wp\/v2\/pages\/190","targetHints":{"allow":["GET"]}}],"collection":[{"href":"https:\/\/theimmediatemomentum.net\/pt\/wp-json\/wp\/v2\/pages"}],"about":[{"href":"https:\/\/theimmediatemomentum.net\/pt\/wp-json\/wp\/v2\/types\/page"}],"author":[{"embeddable":true,"href":"https:\/\/theimmediatemomentum.net\/pt\/wp-json\/wp\/v2\/users\/2"}],"replies":[{"embeddable":true,"href":"https:\/\/theimmediatemomentum.net\/pt\/wp-json\/wp\/v2\/comments?post=190"}],"version-history":[{"count":139,"href":"https:\/\/theimmediatemomentum.net\/pt\/wp-json\/wp\/v2\/pages\/190\/revisions"}],"predecessor-version":[{"id":5454,"href":"https:\/\/theimmediatemomentum.net\/pt\/wp-json\/wp\/v2\/pages\/190\/revisions\/5454"}],"wp:attachment":[{"href":"https:\/\/theimmediatemomentum.net\/pt\/wp-json\/wp\/v2\/media?parent=190"}],"curies":[{"name":"wp","href":"https:\/\/api.w.org\/{rel}","templated":true}]}}