{"id":2166,"date":"2023-10-16T08:44:08","date_gmt":"2023-10-16T08:44:08","guid":{"rendered":"https:\/\/theimmediatemomentum.net\/?page_id=2166"},"modified":"2024-12-26T12:57:17","modified_gmt":"2024-12-26T12:57:17","slug":"isencao-de-responsabilidade","status":"publish","type":"page","link":"https:\/\/theimmediatemomentum.net\/pt\/disclaimer\/","title":{"rendered":"Isen\u00e7\u00e3o de responsabilidade"},"content":{"rendered":"<div data-elementor-type=\"wp-page\" data-elementor-id=\"2166\" class=\"elementor elementor-2166\" data-elementor-post-type=\"page\">\n\t\t\t\t\t\t<section class=\"elementor-section elementor-top-section elementor-element elementor-element-e8ee634 elementor-section-boxed elementor-section-height-default elementor-section-height-default\" data-id=\"e8ee634\" data-element_type=\"section\" data-e-type=\"section\" data-settings=\"{&quot;background_background&quot;:&quot;classic&quot;}\">\n\t\t\t\t\t\t<div class=\"elementor-container elementor-column-gap-default\">\n\t\t\t\t\t<div class=\"elementor-column elementor-col-100 elementor-top-column elementor-element elementor-element-482f2a5\" data-id=\"482f2a5\" data-element_type=\"column\" data-e-type=\"column\">\n\t\t\t<div class=\"elementor-widget-wrap elementor-element-populated\">\n\t\t\t\t\t\t<div class=\"elementor-element elementor-element-e755c24 elementor-widget elementor-widget-spacer\" data-id=\"e755c24\" data-element_type=\"widget\" data-e-type=\"widget\" data-widget_type=\"spacer.default\">\n\t\t\t\t\t\t\t<div class=\"elementor-spacer\">\n\t\t\t<div class=\"elementor-spacer-inner\"><\/div>\n\t\t<\/div>\n\t\t\t\t\t\t<\/div>\n\t\t\t\t<div class=\"elementor-element elementor-element-99f40bd elementor-widget elementor-widget-heading\" data-id=\"99f40bd\" data-element_type=\"widget\" data-e-type=\"widget\" data-widget_type=\"heading.default\">\n\t\t\t\t\t<h1 class=\"elementor-heading-title elementor-size-default\">Isen\u00e7\u00e3o de responsabilidade para o centro de momento imediato\n<\/h1>\t\t\t\t<\/div>\n\t\t\t\t<div class=\"elementor-element elementor-element-c5f0506 elementor-widget elementor-widget-text-editor\" data-id=\"c5f0506\" data-element_type=\"widget\" data-e-type=\"widget\" data-widget_type=\"text-editor.default\">\n\t\t\t\t\t\t\t\t\t<p>Todas as informa\u00e7\u00f5es neste site \u2013 <a href=\"https:\/\/theimmediatemomentum.net\/pt\/\">https:\/\/theimmediatemomentum.net\/<\/a> \u2013 \u00e9 publicado de boa f\u00e9 e apenas para fins de informa\u00e7\u00e3o geral. O Immediate Momentum Center n\u00e3o oferece qualquer garantia sobre a integridade, fiabilidade e precis\u00e3o destas informa\u00e7\u00f5es. Qualquer a\u00e7\u00e3o que tome com base nas informa\u00e7\u00f5es encontradas neste site (Immediate momentum center) \u00e9 estritamente por sua conta e risco. O Immediate Momentum Center n\u00e3o ser\u00e1 respons\u00e1vel por quaisquer perdas e\/ou danos relacionados com a utiliza\u00e7\u00e3o do nosso website.<br \/>No nosso site, pode visitar outros sites seguindo hiperliga\u00e7\u00f5es para esses sites externos. Embora nos esforcemos para fornecer apenas links de qualidade para sites \u00fateis e \u00e9ticos, n\u00e3o temos qualquer controlo sobre o conte\u00fado e a natureza desses sites. Estes links para outros sites n\u00e3o implicam uma recomenda\u00e7\u00e3o de todo o conte\u00fado encontrado nesses sites. Os propriet\u00e1rios e o conte\u00fado do site podem mudar sem aviso pr\u00e9vio e podem ocorrer antes de termos a oportunidade de remover um link que pode ter ficado \"mau\".<br \/>Esteja tamb\u00e9m ciente de que, quando sai do nosso site, outros sites podem ter pol\u00edticas e termos de privacidade diferentes, que est\u00e3o fora do nosso controlo. Certifique-se de verificar as Pol\u00edticas de Privacidade desses sites, bem como os seus \u201cTermos de Servi\u00e7o\u201d antes de se envolver em qualquer neg\u00f3cio ou enviar qualquer informa\u00e7\u00e3o.<\/p>\t\t\t\t\t\t\t\t<\/div>\n\t\t\t\t<div class=\"elementor-element elementor-element-bd36b30 elementor-widget elementor-widget-text-editor\" data-id=\"bd36b30\" data-element_type=\"widget\" data-e-type=\"widget\" data-widget_type=\"text-editor.default\">\n\t\t\t\t\t\t\t\t\t<p><b>Consentimento:<\/b><br \/><br \/>Ao utilizar o nosso website, concorda com o nosso aviso legal e concorda com os seus termos.<br \/>Atualiza\u00e7\u00e3o<br \/>Caso atualizemos, alteremos ou fa\u00e7amos quaisquer altera\u00e7\u00f5es a este documento, essas altera\u00e7\u00f5es ser\u00e3o publicadas com destaque aqui.<br \/><br \/>Se precisar de mais informa\u00e7\u00f5es ou tiver alguma d\u00favida sobre o aviso legal do nosso website, sinta-se \u00e0 vontade para nos contactar.<\/p>\t\t\t\t\t\t\t\t<\/div>\n\t\t\t\t<div class=\"elementor-element elementor-element-4d1a5c9 elementor-widget elementor-widget-spacer\" data-id=\"4d1a5c9\" data-element_type=\"widget\" data-e-type=\"widget\" data-widget_type=\"spacer.default\">\n\t\t\t\t\t\t\t<div class=\"elementor-spacer\">\n\t\t\t<div class=\"elementor-spacer-inner\"><\/div>\n\t\t<\/div>\n\t\t\t\t\t\t<\/div>\n\t\t\t\t\t<\/div>\n\t\t<\/div>\n\t\t\t\t\t<\/div>\n\t\t<\/section>\n\t\t\t\t<\/div>","protected":false},"excerpt":{"rendered":"<p>Disclaimer for Immediate momentum center All the information on this website &#8211; https:\/\/theimmediatemomentum.net\/ &#8211; is published in good faith and for general information purpose only. Immediate momentum center does not make any warranties about the completeness, reliability and accuracy of this information. Any action you take upon the information you find on this website (Immediate [&hellip;]<\/p>\n","protected":false},"author":2,"featured_media":0,"parent":0,"menu_order":0,"comment_status":"closed","ping_status":"closed","template":"elementor_header_footer","meta":{"footnotes":""},"class_list":["post-2166","page","type-page","status-publish","hentry"],"_links":{"self":[{"href":"https:\/\/theimmediatemomentum.net\/pt\/wp-json\/wp\/v2\/pages\/2166","targetHints":{"allow":["GET"]}}],"collection":[{"href":"https:\/\/theimmediatemomentum.net\/pt\/wp-json\/wp\/v2\/pages"}],"about":[{"href":"https:\/\/theimmediatemomentum.net\/pt\/wp-json\/wp\/v2\/types\/page"}],"author":[{"embeddable":true,"href":"https:\/\/theimmediatemomentum.net\/pt\/wp-json\/wp\/v2\/users\/2"}],"replies":[{"embeddable":true,"href":"https:\/\/theimmediatemomentum.net\/pt\/wp-json\/wp\/v2\/comments?post=2166"}],"version-history":[{"count":31,"href":"https:\/\/theimmediatemomentum.net\/pt\/wp-json\/wp\/v2\/pages\/2166\/revisions"}],"predecessor-version":[{"id":5286,"href":"https:\/\/theimmediatemomentum.net\/pt\/wp-json\/wp\/v2\/pages\/2166\/revisions\/5286"}],"wp:attachment":[{"href":"https:\/\/theimmediatemomentum.net\/pt\/wp-json\/wp\/v2\/media?parent=2166"}],"curies":[{"name":"wp","href":"https:\/\/api.w.org\/{rel}","templated":true}]}}