{"id":970,"date":"2023-09-21T06:21:07","date_gmt":"2023-09-21T06:21:07","guid":{"rendered":"https:\/\/theimmediatemomentum.net\/?page_id=970"},"modified":"2024-12-26T13:03:27","modified_gmt":"2024-12-26T13:03:27","slug":"termos-de-utilizacao","status":"publish","type":"page","link":"https:\/\/theimmediatemomentum.net\/pt\/terms-of-use\/","title":{"rendered":"Termos de utiliza\u00e7\u00e3o"},"content":{"rendered":"<div data-elementor-type=\"wp-page\" data-elementor-id=\"970\" class=\"elementor elementor-970\" data-elementor-post-type=\"page\">\n\t\t\t\t\t\t<section class=\"elementor-section elementor-top-section elementor-element elementor-element-81b26f0 elementor-section-boxed elementor-section-height-default elementor-section-height-default\" data-id=\"81b26f0\" data-element_type=\"section\" data-e-type=\"section\" data-settings=\"{&quot;background_background&quot;:&quot;classic&quot;}\">\n\t\t\t\t\t\t<div class=\"elementor-container elementor-column-gap-default\">\n\t\t\t\t\t<div class=\"elementor-column elementor-col-100 elementor-top-column elementor-element elementor-element-b23ae85\" data-id=\"b23ae85\" data-element_type=\"column\" data-e-type=\"column\">\n\t\t\t<div class=\"elementor-widget-wrap elementor-element-populated\">\n\t\t\t\t\t\t<div class=\"elementor-element elementor-element-5ed31ee elementor-widget elementor-widget-spacer\" data-id=\"5ed31ee\" data-element_type=\"widget\" data-e-type=\"widget\" data-widget_type=\"spacer.default\">\n\t\t\t\t\t\t\t<div class=\"elementor-spacer\">\n\t\t\t<div class=\"elementor-spacer-inner\"><\/div>\n\t\t<\/div>\n\t\t\t\t\t\t<\/div>\n\t\t\t\t<div class=\"elementor-element elementor-element-df7e613 elementor-widget elementor-widget-heading\" data-id=\"df7e613\" data-element_type=\"widget\" data-e-type=\"widget\" data-widget_type=\"heading.default\">\n\t\t\t\t\t<h1 class=\"elementor-heading-title elementor-size-default\">Termos de utiliza\u00e7\u00e3o do Momentum Imediato<\/h1>\t\t\t\t<\/div>\n\t\t\t\t<div class=\"elementor-element elementor-element-71e4058 elementor-widget elementor-widget-spacer\" data-id=\"71e4058\" data-element_type=\"widget\" data-e-type=\"widget\" data-widget_type=\"spacer.default\">\n\t\t\t\t\t\t\t<div class=\"elementor-spacer\">\n\t\t\t<div class=\"elementor-spacer-inner\"><\/div>\n\t\t<\/div>\n\t\t\t\t\t\t<\/div>\n\t\t\t\t<div class=\"elementor-element elementor-element-36b783b elementor-widget elementor-widget-text-editor\" data-id=\"36b783b\" data-element_type=\"widget\" data-e-type=\"widget\" data-widget_type=\"text-editor.default\">\n\t\t\t\t\t\t\t\t\t<p>Leia os Termos de Utiliza\u00e7\u00e3o do Immediate Momentum.<\/p>\t\t\t\t\t\t\t\t<\/div>\n\t\t\t\t<div class=\"elementor-element elementor-element-6835f88 elementor-widget elementor-widget-heading\" data-id=\"6835f88\" data-element_type=\"widget\" data-e-type=\"widget\" data-widget_type=\"heading.default\">\n\t\t\t\t\t<h2 class=\"elementor-heading-title elementor-size-default\">Detalhes abrangentes sobre os Termos de Utiliza\u00e7\u00e3o do Immediate Momentum<\/h2>\t\t\t\t<\/div>\n\t\t\t\t<div class=\"elementor-element elementor-element-507cdbe elementor-widget elementor-widget-heading\" data-id=\"507cdbe\" data-element_type=\"widget\" data-e-type=\"widget\" data-widget_type=\"heading.default\">\n\t\t\t\t\t<h2 class=\"elementor-heading-title elementor-size-default\">1. Geral<\/h2>\t\t\t\t<\/div>\n\t\t\t\t<div class=\"elementor-element elementor-element-c3f9d41 elementor-widget elementor-widget-text-editor\" data-id=\"c3f9d41\" data-element_type=\"widget\" data-e-type=\"widget\" data-widget_type=\"text-editor.default\">\n\t\t\t\t\t\t\t\t\t<p>1.1. Bem-vindo ao Immediately-Momentum, o seu destino digital \u00fanico para insights e oportunidades de trading.<\/p><p>1.2. Sinta-se \u00e0 vontade para nos contactar a qualquer momento para esclarecer d\u00favidas ou obter assist\u00eancia. Basta iniciar um chat ao vivo.<\/p><p>1.3. Estes Termos de Utiliza\u00e7\u00e3o abrangentes do Immediate Momentum s\u00e3o a base da sua experi\u00eancia no Site e nos Servi\u00e7os. Recomendamos uma revis\u00e3o completa para uma compreens\u00e3o completa.<\/p><p>Estes Termos incorporam a Nossa Pol\u00edtica de Privacidade e, ao concordar com estes Termos, confirma que tamb\u00e9m aceita e concorda com a Nossa Pol\u00edtica de Privacidade (Pode rever a Nossa Pol\u00edtica de Privacidade em\u00a0<a href=\"https:\/\/theimmediatemomentum.net\/pt\/immediate-momentum-privacy-policy\/\">clicando aqui<\/a>).<\/p>\t\t\t\t\t\t\t\t<\/div>\n\t\t\t\t<div class=\"elementor-element elementor-element-29b1abd elementor-widget elementor-widget-heading\" data-id=\"29b1abd\" data-element_type=\"widget\" data-e-type=\"widget\" data-widget_type=\"heading.default\">\n\t\t\t\t\t<h2 class=\"elementor-heading-title elementor-size-default\">2. Elegibilidade<\/h2>\t\t\t\t<\/div>\n\t\t\t\t<div class=\"elementor-element elementor-element-d3ea8ee elementor-widget elementor-widget-text-editor\" data-id=\"d3ea8ee\" data-element_type=\"widget\" data-e-type=\"widget\" data-widget_type=\"text-editor.default\">\n\t\t\t\t\t\t\t\t\t<p>Antes de aceder ao site, certifique-se de que cumpre os seguintes crit\u00e9rios:<\/p><p><b>2.1.1. Deve ter pelo menos 18 anos de idade.<\/b><br \/><b>2.1.2. Deve possuir autoridade e capacidade legal para aceitar e aderir a estes Termos e condi\u00e7\u00f5es.<\/b><\/p><p><b>2.1.3. A utiliza\u00e7\u00e3o do Site e dos Servi\u00e7os deve estar em conformidade com as leis do seu pa\u00eds de resid\u00eancia ou localiza\u00e7\u00e3o.<\/b><\/p><p>\u00c9 importante notar que n\u00e3o oferecemos garantias expl\u00edcitas quanto \u00e0 legalidade do Site ou dos Servi\u00e7os e isentamo-nos de responsabilidade por qualquer utiliza\u00e7\u00e3o ilegal por parte dos utilizadores.<\/p>\t\t\t\t\t\t\t\t<\/div>\n\t\t\t\t<div class=\"elementor-element elementor-element-f14c8e1 elementor-widget elementor-widget-heading\" data-id=\"f14c8e1\" data-element_type=\"widget\" data-e-type=\"widget\" data-widget_type=\"heading.default\">\n\t\t\t\t\t<h2 class=\"elementor-heading-title elementor-size-default\">3. Territ\u00f3rios restritos<\/h2>\t\t\t\t<\/div>\n\t\t\t\t<div class=\"elementor-element elementor-element-d2d5792 elementor-widget elementor-widget-text-editor\" data-id=\"d2d5792\" data-element_type=\"widget\" data-e-type=\"widget\" data-widget_type=\"text-editor.default\">\n\t\t\t\t\t\t\t\t\t<p>3.1. Reservamo-nos o direito de, a nosso crit\u00e9rio, limitar o acesso ao Site e aos Servi\u00e7os, no todo ou em parte, para:<\/p><ul><li>Utilizadores em regi\u00f5es espec\u00edficas, conhecidas como \u201cTerrit\u00f3rios Restritos\u201d.<\/li><li>Utilizadores que, no nosso ju\u00edzo razo\u00e1vel, possam representar riscos legais, regulamentares, de reputa\u00e7\u00e3o ou econ\u00f3micos.<\/li><\/ul><p>3.2. Al\u00e9m disso, podemos estabelecer requisitos ou condi\u00e7\u00f5es espec\u00edficas para Utilizadores de pa\u00edses espec\u00edficos, conforme determinado exclusivamente por n\u00f3s. \u00c9 importante referir que se os Utilizadores visitarem Territ\u00f3rios Restritos, o acesso ao Site e aos Servi\u00e7os poder\u00e1 ser restrito ou bloqueado.<\/p>\t\t\t\t\t\t\t\t<\/div>\n\t\t\t\t<div class=\"elementor-element elementor-element-96fdca9 elementor-widget elementor-widget-heading\" data-id=\"96fdca9\" data-element_type=\"widget\" data-e-type=\"widget\" data-widget_type=\"heading.default\">\n\t\t\t\t\t<h2 class=\"elementor-heading-title elementor-size-default\">4. Atividades proibidas<\/h2>\t\t\t\t<\/div>\n\t\t\t\t<div class=\"elementor-element elementor-element-6ad0939 elementor-widget elementor-widget-text-editor\" data-id=\"6ad0939\" data-element_type=\"widget\" data-e-type=\"widget\" data-widget_type=\"text-editor.default\">\n\t\t\t\t\t\t\t\t\t<p>4.1. Utiliza\u00e7\u00e3o respons\u00e1vel do site e dos servi\u00e7os:<\/p><p>4.1. Utiliza\u00e7\u00e3o respons\u00e1vel do site e dos servi\u00e7os:4.1. Utiliza\u00e7\u00e3o respons\u00e1vel do site e dos servi\u00e7os:<\/p><p>4.1.1. Ligar ao Site ou utiliz\u00e1-lo para carregar, descarregar, distribuir, publicar ou transmitir:<\/p><p>\u2013 Informa\u00e7\u00f5es ou materiais que violem quaisquer direitos, incluindo propriedade intelectual, privacidade ou outros pedidos.<br \/>\u2013 Informa\u00e7\u00f5es ou materiais proibidos devido a amea\u00e7as, danos, insultos, cal\u00fanias, difama\u00e7\u00f5es, racismo ou conte\u00fado inapropriado.<br \/>\u2013 Informa\u00e7\u00f5es ou materiais que contenham v\u00edrus ou software que possam danificar os nossos sistemas inform\u00e1ticos ou de terceiros ou interromper a utiliza\u00e7\u00e3o do site de terceiros.<br \/>\u2013 Informa\u00e7\u00f5es ou materiais que violem quaisquer leis.<br \/>\u2013 Informa\u00e7\u00f5es ou materiais que contenham qualquer an\u00fancio sem o nosso consentimento pr\u00e9vio por escrito.<\/p><p>4.1.2. Apagar ou alterar atribui\u00e7\u00f5es, avisos legais ou outros r\u00f3tulos de propriedade no Site.<\/p><p>4.1.3. Utilizar os Servi\u00e7os atrav\u00e9s de interfaces diferentes do Site.<\/p><p>4.1.4. Interferir com a utiliza\u00e7\u00e3o do Site e dos Servi\u00e7os por outros Utilizadores.<\/p><p>4.1.5. Empregar bots ou m\u00e9todos automatizados para aceder ou utilizar o Site e os Servi\u00e7os.<\/p><p>4.1.6. Carregar ou transmitir material que atue como mecanismo de recolha ou transmiss\u00e3o de informa\u00e7\u00e3o (por exemplo, web bugs, cookies ou dispositivos spyware semelhantes) sem a nossa autoriza\u00e7\u00e3o expressa.<\/p><p>4.1.7. Envolver-se em a\u00e7\u00f5es que imitam ou simulam a apar\u00eancia ou a fun\u00e7\u00e3o dos Servi\u00e7os, como o \u201cenquadramento\u201d ou o \u201cespelhamento\u201d.<\/p><p>4.1.8. Violar leis ou regulamentos aplic\u00e1veis \u200b\u200bou promover atividades ilegais, tais como viola\u00e7\u00e3o de direitos de autor, viola\u00e7\u00e3o de marca comercial, difama\u00e7\u00e3o, invas\u00e3o de privacidade, roubo de identidade, hacking, cracking ou distribui\u00e7\u00e3o de software falsificado.<\/p><p>4.1.9. Tentar alterar o c\u00f3digo-fonte do site ou fazer o upload de software ou aplica\u00e7\u00f5es que possam prejudicar o site ou terceiros sem a nossa autoriza\u00e7\u00e3o expressa.<\/p><p>4.1.10. Desmontar, descompilar ou fazer engenharia reversa de qualquer software ou tecnologia utilizada no Site ou para fornecer os Servi\u00e7os.<\/p><p>4.2.Medidas de Monitoriza\u00e7\u00e3o e Prote\u00e7\u00e3o:<br \/>Note que, se suspeitarmos que a sua utiliza\u00e7\u00e3o do Site n\u00e3o est\u00e1 de acordo com estes Termos ou com as leis aplic\u00e1veis, reservamo-nos o direito de:<br \/>\u2013 Monitorize a utiliza\u00e7\u00e3o do seu site e servi\u00e7os.<br \/>\u2013 Restringir o seu acesso ao Site.<br \/>\u2013 Partilhe os seus padr\u00f5es de comportamento no Site com terceiros.<br \/>\u2013 Tomar quaisquer outras medidas necess\u00e1rias para salvaguardar a nossa propriedade, direitos e os de terceiros.<\/p><p>Estas a\u00e7\u00f5es s\u00e3o tomadas sem preju\u00edzo de quaisquer outros direitos que possamos ter.<\/p>\t\t\t\t\t\t\t\t<\/div>\n\t\t\t\t<div class=\"elementor-element elementor-element-8fafaec elementor-widget elementor-widget-heading\" data-id=\"8fafaec\" data-element_type=\"widget\" data-e-type=\"widget\" data-widget_type=\"heading.default\">\n\t\t\t\t\t<h2 class=\"elementor-heading-title elementor-size-default\">5.\u00ba Direitos de propriedade intelectual<\/h2>\t\t\t\t<\/div>\n\t\t\t\t<div class=\"elementor-element elementor-element-ada6b81 elementor-widget elementor-widget-text-editor\" data-id=\"ada6b81\" data-element_type=\"widget\" data-e-type=\"widget\" data-widget_type=\"text-editor.default\">\n\t\t\t\t\t\t\t\t\t<p>5.1. <b>Prote\u00e7\u00e3o da Propriedade Intelectual:<\/b><\/p><p>O Site e o seu conte\u00fado, como materiais de v\u00eddeo, texto, imagens, log\u00f3tipos, designs, m\u00fasica, \u00e1udio, gr\u00e1ficos, marcas registadas e todos os outros materiais que se encontram no Site, est\u00e3o protegidos pelos nossos direitos de propriedade intelectual ou de terceiros.<\/p><p>5.2.<b> Direitos de Propriedade e Propriedade Intelectual:<\/b><\/p><p>Em rela\u00e7\u00e3o ao Site e aos Servi\u00e7os, mantemos a propriedade total e todos os direitos associados. No entanto, a utiliza\u00e7\u00e3o do Site e dos Servi\u00e7os n\u00e3o concede ao Utilizador quaisquer direitos de propriedade intelectual, exceto o direito de os utilizar pelos presentes Termos.<\/p><p>5.3. <b>Uso pessoal e n\u00e3o comercial:<\/b><\/p><p>O Utilizador est\u00e1 autorizado a utilizar o Site e os Servi\u00e7os apenas para fins pessoais e n\u00e3o comerciais.<\/p><p><b>5.4. Restri\u00e7\u00f5es de utiliza\u00e7\u00e3o e permiss\u00f5es:<\/b><\/p><p>Est\u00e1 proibido e n\u00e3o deve permitir que terceiros:<\/p><p>\u2013 Modify, decompile, disassemble, reverse engineer, or copy any part of the Website.<br \/>\u2013 Transferir, criar trabalhos derivados, alugar, sublicenciar, distribuir ou reproduzir o conte\u00fado do Site.<br \/>\u2013 Enquadrar, republicar, copiar, descarregar, exibir, transmitir, publicar, alugar ou vender qualquer conte\u00fado do Site.<\/p><p>Estas a\u00e7\u00f5es s\u00f3 ser\u00e3o permitidas se tiver obtido da nossa parte uma permiss\u00e3o pr\u00e9via e expl\u00edcita por escrito, e dever\u00e3o ser apenas para utilizar o Site ou os Servi\u00e7os, conforme descrito nos Termos.<\/p>\t\t\t\t\t\t\t\t<\/div>\n\t\t\t\t<div class=\"elementor-element elementor-element-2005a6b elementor-widget elementor-widget-heading\" data-id=\"2005a6b\" data-element_type=\"widget\" data-e-type=\"widget\" data-widget_type=\"heading.default\">\n\t\t\t\t\t<h2 class=\"elementor-heading-title elementor-size-default\">6.\u00ba Limita\u00e7\u00e3o de responsabilidade<\/h2>\t\t\t\t<\/div>\n\t\t\t\t<div class=\"elementor-element elementor-element-52532ca elementor-widget elementor-widget-text-editor\" data-id=\"52532ca\" data-element_type=\"widget\" data-e-type=\"widget\" data-widget_type=\"text-editor.default\">\n\t\t\t\t\t\t\t\t\t<p><b>6.1. Utilize por sua conta e risco:<\/b><\/p><p>Ao utilizar o Site e os Servi\u00e7os e ao ler os Termos de Utiliza\u00e7\u00e3o e a Pol\u00edtica de Privacidade da Immediate Momentum, \u00e9 essencial compreender que o faz por sua conta e risco. Na medida do permitido por lei, isentamo-nos de todas as garantias, expl\u00edcitas ou impl\u00edcitas, relacionadas com o Site, os Servi\u00e7os e a sua utiliza\u00e7\u00e3o dos mesmos. Isto inclui garantias impl\u00edcitas de comercializa\u00e7\u00e3o, t\u00edtulo, adequa\u00e7\u00e3o a uma finalidade espec\u00edfica, n\u00e3o viola\u00e7\u00e3o, utilidade, autoridade, precis\u00e3o, integridade e pontualidade. Consequentemente, os Servi\u00e7os, incluindo todo o conte\u00fado e fun\u00e7\u00f5es acess\u00edveis no, atrav\u00e9s do ou enviados a partir do Site, s\u00e3o fornecidos \u201ctal como est\u00e3o\u201d, \u201cconforme dispon\u00edveis\u201d e \u201ccom todas as falhas\u201d.<\/p><p><b>6.2\u00ba Limita\u00e7\u00e3o de responsabilidade<\/b><\/p><p>Expressamente, n\u00e3o assumimos qualquer responsabilidade ou obriga\u00e7\u00e3o por:<br \/>\u2013 Erros, imprecis\u00f5es ou enganos em qualquer conte\u00fado do Site.<br \/>\u2013 Interrup\u00e7\u00f5es ou interrup\u00e7\u00f5es na transmiss\u00e3o de ou para o Site atrav\u00e9s dos Servi\u00e7os.<br \/>\u2013 Quaisquer bugs, v\u00edrus, cavalos de Troia ou problemas semelhantes transmitidos para ou atrav\u00e9s do Site ou dos Servi\u00e7os por terceiros.<\/p><p><b>6.3. Responsabilidade pelas decis\u00f5es:<\/b><\/p><p>Usted acepta eximirnos de toda responsabilidad por cualquier p\u00e9rdida directa o indirecta que usted o un tercero sufran en relaci\u00f3n con el Sitio web y los Servicios. Usted es el \u00fanico responsable de las decisiones que se tomen en funci\u00f3n del contenido del Sitio web y los Servicios.<\/p><p><b>6.4. Limita\u00e7\u00e3o de Danos:<\/b><\/p><p>Em nenhuma circunst\u00e2ncia seremos respons\u00e1veis \u200b\u200bperante si ou qualquer terceiro por:<br \/>\u2013 Danos especiais, diretos, indiretos, acidentais, especiais, punitivos ou consequentes decorrentes da utiliza\u00e7\u00e3o do Site e dos Servi\u00e7os, incluindo lucros ou dados perdidos.<br \/>\u2013 Danos baseados em garantia, contrato, ato il\u00edcito ou qualquer outra teoria jur\u00eddica, independentemente de termos sido avisados \u200b\u200bda possibilidade de tais danos.<br \/>\u2013 Nos casos em que um tribunal nos considere respons\u00e1veis, a nossa responsabilidade n\u00e3o exceder\u00e1 100 d\u00f3lares. Esta limita\u00e7\u00e3o de responsabilidade aplica-se \u00e0 medida m\u00e1xima permitida por lei na jurisdi\u00e7\u00e3o aplic\u00e1vel.<\/p><p><b>6.5.Considera\u00e7\u00f5es t\u00e9cnicas:<\/b><\/p><p>N\u00e3o somos respons\u00e1veis \u200b\u200bpor:<br \/>\u2013 Problemas ou avarias t\u00e9cnicas de linhas telef\u00f3nicas ou de rede, sistemas inform\u00e1ticos, servidores ou fornecedores.<br \/>\u2013 Falhas de hardware ou software devido a problemas t\u00e9cnicos ou congestionamento de tr\u00e1fego de internet.<br \/>\u2013 Incompatibilidade entre o Site ou os Servi\u00e7os e o seu browser ou outro equipamento.<\/p><p>Al\u00e9m disso, n\u00e3o assumimos qualquer responsabilidade ou risco pela sua utiliza\u00e7\u00e3o da internet.<\/p>\t\t\t\t\t\t\t\t<\/div>\n\t\t\t\t<div class=\"elementor-element elementor-element-9f82708 elementor-widget elementor-widget-heading\" data-id=\"9f82708\" data-element_type=\"widget\" data-e-type=\"widget\" data-widget_type=\"heading.default\">\n\t\t\t\t\t<h2 class=\"elementor-heading-title elementor-size-default\">7. Servi\u00e7os ou conte\u00fados de terceiros<\/h2>\t\t\t\t<\/div>\n\t\t\t\t<div class=\"elementor-element elementor-element-659452c elementor-widget elementor-widget-text-editor\" data-id=\"659452c\" data-element_type=\"widget\" data-e-type=\"widget\" data-widget_type=\"text-editor.default\">\n\t\t\t\t\t\t\t\t\t<p><b>7.1. Conte\u00fado e servi\u00e7os de terceiros:<\/b><\/p><p>Ao utilizar os Servi\u00e7os, poder\u00e1 receber conte\u00fados ou servi\u00e7os de terceiros, incluindo an\u00fancios e avalia\u00e7\u00f5es relacionadas com Plataformas de Terceiros.<\/p><p><b>7.2. Falta de controlo e endosso:<\/b><\/p><p>\u00c9 importante notar que n\u00e3o exercemos controlo sobre, endossamos ou adotamos tais conte\u00fados ou servi\u00e7os de terceiros, e a sua exatid\u00e3o e atualidade podem variar.<\/p><p><b>7.3. Verifica\u00e7\u00e3o e responsabilidade independentes:<\/b><\/p><p>Como resultado, recomendamos vivamente que verifique todas as informa\u00e7\u00f5es de forma independente antes de tomar qualquer decis\u00e3o ou a\u00e7\u00e3o com base nessas informa\u00e7\u00f5es. Em \u00faltima an\u00e1lise, as suas escolhas ou a\u00e7\u00f5es baseadas nesta informa\u00e7\u00e3o s\u00e3o da sua exclusiva responsabilidade.<\/p>\t\t\t\t\t\t\t\t<\/div>\n\t\t\t\t<div class=\"elementor-element elementor-element-d9338fd elementor-widget elementor-widget-heading\" data-id=\"d9338fd\" data-element_type=\"widget\" data-e-type=\"widget\" data-widget_type=\"heading.default\">\n\t\t\t\t\t<h2 class=\"elementor-heading-title elementor-size-default\">8. Liga\u00e7\u00f5es<\/h2>\t\t\t\t<\/div>\n\t\t\t\t<div class=\"elementor-element elementor-element-e65f6b1 elementor-widget elementor-widget-text-editor\" data-id=\"e65f6b1\" data-element_type=\"widget\" data-e-type=\"widget\" data-widget_type=\"text-editor.default\">\n\t\t\t\t\t\t\t\t\t<p><b>8.1. Links externos e cuidado:<\/b><\/p><p>O Site pode apresentar links, conte\u00fados, an\u00fancios, promo\u00e7\u00f5es, log\u00f3tipos e materiais de outros sites ou software controlados por terceiros (\u201cLinks\u201d). Recomendamos que conhe\u00e7a os riscos associados \u00e0 utiliza\u00e7\u00e3o destes sites, software ou materiais. Antes de aceder, utilizar, confiar ou fazer compras atrav\u00e9s destes sites, software ou materiais, \u00e9 fundamental compreender os potenciais riscos envolvidos. Estes links s\u00e3o fornecidos para sua conveni\u00eancia, e concorda que n\u00e3o seremos responsabilizados por quaisquer perdas ou danos resultantes da utiliza\u00e7\u00e3o ou confian\u00e7a em conte\u00fados, bens ou servi\u00e7os dispon\u00edveis noutros sites ou software.<\/p><p><b>8.2. Sem endosso ou afilia\u00e7\u00e3o:<br \/><\/b><\/p><p>Os links no Site n\u00e3o significam endosso, autoriza\u00e7\u00e3o, patroc\u00ednio, afilia\u00e7\u00e3o ou qualquer outra liga\u00e7\u00e3o entre N\u00f3s e esses sites, software ou os seus operadores.<\/p><p><b>8.3. Conte\u00fado n\u00e3o revisto:<\/b><\/p><p>N\u00e3o analisamos todos estes links e n\u00e3o somos respons\u00e1veis \u200b\u200bpelo conte\u00fado dos sites ou softwares a que se referem. Recomendamos que seja cauteloso e compreenda os riscos potenciais antes de utilizar tais sites ou software. N\u00e3o seremos respons\u00e1veis \u200b\u200bpor quaisquer perdas ou danos resultantes da utiliza\u00e7\u00e3o ou confian\u00e7a em conte\u00fados, bens ou servi\u00e7os dispon\u00edveis noutros sites.<\/p><p><b>8.4. A sua responsabilidade:<\/b><\/p><p>\u00c9 da sua responsabilidade rever os termos e pol\u00edticas desses sites de terceiros, e recomendamos vivamente uma revis\u00e3o completa antes de interagir com esses terceiros.<\/p>\t\t\t\t\t\t\t\t<\/div>\n\t\t\t\t<div class=\"elementor-element elementor-element-d6df278 elementor-widget elementor-widget-heading\" data-id=\"d6df278\" data-element_type=\"widget\" data-e-type=\"widget\" data-widget_type=\"heading.default\">\n\t\t\t\t\t<h2 class=\"elementor-heading-title elementor-size-default\">9. Diversos<\/h2>\t\t\t\t<\/div>\n\t\t\t\t<div class=\"elementor-element elementor-element-0c1353d elementor-widget elementor-widget-text-editor\" data-id=\"0c1353d\" data-element_type=\"widget\" data-e-type=\"widget\" data-widget_type=\"text-editor.default\">\n\t\t\t\t\t\t\t\t\t<p><b>9.1. Altera\u00e7\u00f5es de servi\u00e7o e responsabilidade:<\/b><\/p><p>Reservamo-nos o direito de alterar, modificar ou descontinuar qualquer um dos Servi\u00e7os a nosso exclusivo crit\u00e9rio, e poderemos introduzir novos Servi\u00e7os ao longo do tempo. Reconhece que n\u00e3o seremos respons\u00e1veis \u200b\u200bpor quaisquer perdas que possa incorrer devido a tais altera\u00e7\u00f5es e renuncia a quaisquer reclama\u00e7\u00f5es contra N\u00f3s a este respeito.<\/p><p><b>9.2. Atualiza\u00e7\u00f5es dos Termos:<\/b><\/p><p>Poderemos atualizar estes Termos periodicamente. Notific\u00e1-lo-emos sobre estas altera\u00e7\u00f5es publicando a vers\u00e3o mais atual com uma data revista no topo desta p\u00e1gina. Tais modifica\u00e7\u00f5es entrar\u00e3o em vigor imediatamente ap\u00f3s a publica\u00e7\u00e3o. Ao continuar a utilizar o Site ap\u00f3s estas altera\u00e7\u00f5es entrarem em vigor, concorda com os Termos atualizados.<\/p><p><b>9.3. Clareza no relacionamento:<\/b><\/p><p>Compreende e concorda que a transmiss\u00e3o de informa\u00e7\u00f5es de ou para o Site n\u00e3o estabelece qualquer rela\u00e7\u00e3o para al\u00e9m da que est\u00e1 especificada nestes Termos.<\/p><p><b>9.4. Acordos Vinculativos:<\/b><\/p><p>Conforme alterado ocasionalmente, estes Termos e a Pol\u00edtica de Privacidade s\u00e3o os \u00fanicos acordos vinculativos entre N\u00f3s e o Utilizador. Quaisquer declara\u00e7\u00f5es, promessas, consentimentos ou compromissos, sejam escritos ou orais, que n\u00e3o estejam inclu\u00eddos nos Termos ou na Pol\u00edtica de Privacidade n\u00e3o ser\u00e3o vinculativos para as partes.<\/p><p><b>9.5. Sem Ren\u00fancia:<\/b><\/p><p>A nossa falha ou atraso no exerc\u00edcio de qualquer direito, poder ou recurso ao abrigo dos presentes Termos n\u00e3o ser\u00e1 considerado uma ren\u00fancia. Al\u00e9m disso, qualquer exerc\u00edcio \u00fanico ou parcial de tais direitos n\u00e3o impedir\u00e1 qualquer outra forma\u00e7\u00e3o adicional ou o exerc\u00edcio de quaisquer outros direitos.<\/p><p><b>9.6. Disposi\u00e7\u00f5es inexequ\u00edveis:<\/b><\/p><p>Se qualquer disposi\u00e7\u00e3o destes Termos for considerada inexequ\u00edvel por um tribunal de jurisdi\u00e7\u00e3o competente ao abrigo da lei aplic\u00e1vel, ser\u00e1 exclu\u00edda destes Termos. Os restantes Termos ser\u00e3o interpretados como se a disposi\u00e7\u00e3o exclu\u00edda n\u00e3o estivesse presente e ser\u00e3o aplicados pelos seus termos. No entanto, em tal caso, os presentes Termos ser\u00e3o interpretados de forma a manter o significado e a inten\u00e7\u00e3o da disposi\u00e7\u00e3o exclu\u00edda na medida m\u00e1xima permitida pela lei aplic\u00e1vel.<\/p><p><b>9.7. Transfer\u00eancia de direitos:<\/b><\/p><p>Poderemos transferir ou ceder os nossos direitos e obriga\u00e7\u00f5es ao abrigo dos presentes Termos a terceiros. Isto inclui o funcionamento do Site e de quaisquer Servi\u00e7os por terceiros. N\u00e3o pode transferir, ceder ou penhorar qualquer dos seus direitos ou obriga\u00e7\u00f5es ao abrigo destes Termos de qualquer forma.<\/p>\t\t\t\t\t\t\t\t<\/div>\n\t\t\t\t<div class=\"elementor-element elementor-element-c97cf78 elementor-widget elementor-widget-spacer\" data-id=\"c97cf78\" data-element_type=\"widget\" data-e-type=\"widget\" data-widget_type=\"spacer.default\">\n\t\t\t\t\t\t\t<div class=\"elementor-spacer\">\n\t\t\t<div class=\"elementor-spacer-inner\"><\/div>\n\t\t<\/div>\n\t\t\t\t\t\t<\/div>\n\t\t\t\t\t<\/div>\n\t\t<\/div>\n\t\t\t\t\t<\/div>\n\t\t<\/section>\n\t\t\t\t<\/div>","protected":false},"excerpt":{"rendered":"<p>Immediate Momentum Terms of Use Please read Immediate Momentum Terms of Use. Comprehensive details about Immediate Momentum Terms of Use 1. General 1.1. Welcome to immediate-momentum, your one-stop digital destination for trading insights and opportunities. 1.2. Feel free to contact us anytime for inquiries or assistance. Just launch a live chat. 1.3. These comprehensive Immediate [&hellip;]<\/p>\n","protected":false},"author":2,"featured_media":0,"parent":0,"menu_order":0,"comment_status":"closed","ping_status":"closed","template":"elementor_header_footer","meta":{"footnotes":""},"class_list":["post-970","page","type-page","status-publish","hentry"],"_links":{"self":[{"href":"https:\/\/theimmediatemomentum.net\/pt\/wp-json\/wp\/v2\/pages\/970","targetHints":{"allow":["GET"]}}],"collection":[{"href":"https:\/\/theimmediatemomentum.net\/pt\/wp-json\/wp\/v2\/pages"}],"about":[{"href":"https:\/\/theimmediatemomentum.net\/pt\/wp-json\/wp\/v2\/types\/page"}],"author":[{"embeddable":true,"href":"https:\/\/theimmediatemomentum.net\/pt\/wp-json\/wp\/v2\/users\/2"}],"replies":[{"embeddable":true,"href":"https:\/\/theimmediatemomentum.net\/pt\/wp-json\/wp\/v2\/comments?post=970"}],"version-history":[{"count":205,"href":"https:\/\/theimmediatemomentum.net\/pt\/wp-json\/wp\/v2\/pages\/970\/revisions"}],"predecessor-version":[{"id":5292,"href":"https:\/\/theimmediatemomentum.net\/pt\/wp-json\/wp\/v2\/pages\/970\/revisions\/5292"}],"wp:attachment":[{"href":"https:\/\/theimmediatemomentum.net\/pt\/wp-json\/wp\/v2\/media?parent=970"}],"curies":[{"name":"wp","href":"https:\/\/api.w.org\/{rel}","templated":true}]}}